{"id":144491,"date":"2026-02-20T22:09:25","date_gmt":"2026-02-20T22:09:25","guid":{"rendered":"https:\/\/modesthanim.com\/product\/lastik-detayli-ferace-petrol\/"},"modified":"2026-03-30T06:11:36","modified_gmt":"2026-03-30T06:11:36","slug":"lastik-detayli-ferace-petrol","status":"publish","type":"product","link":"https:\/\/mod.wisdar.net\/tr\/urun\/lastik-detayli-ferace-petrol\/","title":{"rendered":"Lastik Detayl\u0131 Ferace \u2013 Petrol"},"content":{"rendered":"<p>Rahat kesimiyle \u00f6ne \u00e7\u0131kan bu ferace, kollar\u0131ndaki lastik detaylar\u0131yla hem pratik hem de modern bir g\u00f6r\u00fcn\u00fcm sunar. G\u00fcnl\u00fck \u015f\u0131kl\u0131\u011f\u0131 konforla bulu\u015fturan tasar\u0131m\u0131 sayesinde \u015fehir hayat\u0131ndan seyahatlere kadar geni\u015f bir kullan\u0131m alan\u0131 yarat\u0131r.<br \/>\nKuma\u015f \u0130\u00e7eri\u011fi: %75 Polyester, %21 Viskon, %4 Elastan<br \/>\nDesen: Duz<br \/>\nYaka Tipi: Fermuarl\u0131 Yaka<br \/>\nKol Tipi: Uzun Kol<br \/>\nCep: Aplike Cep<br \/>\nAstar: Astarl\u0131<br \/>\n\u00dcr\u00fcn Boyu: 130 cm<br \/>\nKal\u0131p Tipi: Normal Kal\u0131p<br \/>\nMankenin Giydi\u011fi Beden: 38<br \/>\nManken \u00d6l\u00e7\u00fcleri:Boy: 175 cmG\u00f6\u011f\u00fcs: 85 cmBel: 60 cmBasen: 90 cm<\/p>\n<p>\u2014 Technical Details \u2014<br \/>\nshoulder: 39.5<br \/>\nchest: 106<br \/>\nhips: 122<br \/>\nlength: 130<br \/>\nsleeve_length: 61<\/p>\n","protected":false},"excerpt":{"rendered":"<p>Rahat kesimiyle \u00f6ne \u00e7\u0131kan bu ferace, kollar\u0131ndaki lastik detaylar\u0131yla hem pratik hem de modern bir g\u00f6r\u00fcn\u00fcm sunar. G\u00fcnl\u00fck \u015f\u0131kl\u0131\u011f\u0131 konforla bulu\u015fturan tasar\u0131m\u0131 sayesinde \u015fehir hayat\u0131ndan seyahatlere kadar geni\u015f bir kullan\u0131m alan\u0131 yarat\u0131r. Kuma\u015f \u0130\u00e7eri\u011fi: %75 Polyester, %21 Viskon, %4 Elastan Desen: Duz Yaka Tipi: Fermuarl\u0131 Yaka Kol Tipi: Uzun Kol Cep: Aplike Cep Astar: Astarl\u0131 [&hellip;]<\/p>\n","protected":false},"featured_media":144478,"comment_status":"open","ping_status":"closed","template":"","meta":[],"product_brand":[],"product_cat":[1927,2047],"product_tag":[8319,6845,6876],"class_list":{"0":"post-144491","1":"product","2":"type-product","3":"status-publish","4":"has-post-thumbnail","6":"product_cat-hoodies-sweatshirtler","7":"product_cat-paltolar","8":"product_tag-kapusonlu-mont-2","9":"product_tag-modern-stil","10":"product_tag-rahat-kesim","11":"pa_brand-tugba","12":"pa_color-petrol","13":"pa_size-4706","14":"pa_size-4711","15":"pa_size-4713","16":"pa_size-4751","17":"pa_size-4749","18":"pa_size-4747","20":"first","21":"outofstock","22":"shipping-taxable","23":"product-type-variable"},"_links":{"self":[{"href":"https:\/\/mod.wisdar.net\/tr\/wp-json\/wp\/v2\/product\/144491","targetHints":{"allow":["GET"]}}],"collection":[{"href":"https:\/\/mod.wisdar.net\/tr\/wp-json\/wp\/v2\/product"}],"about":[{"href":"https:\/\/mod.wisdar.net\/tr\/wp-json\/wp\/v2\/types\/product"}],"replies":[{"embeddable":true,"href":"https:\/\/mod.wisdar.net\/tr\/wp-json\/wp\/v2\/comments?post=144491"}],"wp:featuredmedia":[{"embeddable":true,"href":"https:\/\/mod.wisdar.net\/tr\/wp-json\/wp\/v2\/media\/144478"}],"wp:attachment":[{"href":"https:\/\/mod.wisdar.net\/tr\/wp-json\/wp\/v2\/media?parent=144491"}],"wp:term":[{"taxonomy":"product_brand","embeddable":true,"href":"https:\/\/mod.wisdar.net\/tr\/wp-json\/wp\/v2\/product_brand?post=144491"},{"taxonomy":"product_cat","embeddable":true,"href":"https:\/\/mod.wisdar.net\/tr\/wp-json\/wp\/v2\/product_cat?post=144491"},{"taxonomy":"product_tag","embeddable":true,"href":"https:\/\/mod.wisdar.net\/tr\/wp-json\/wp\/v2\/product_tag?post=144491"}],"curies":[{"name":"wp","href":"https:\/\/api.w.org\/{rel}","templated":true}]}}