{"id":144493,"date":"2026-02-20T22:09:26","date_gmt":"2026-02-20T22:09:26","guid":{"rendered":"https:\/\/modesthanim.com\/product\/apoletli-kap-bordo\/"},"modified":"2026-04-13T06:24:31","modified_gmt":"2026-04-13T06:24:31","slug":"apoletli-kap-bordo","status":"publish","type":"product","link":"https:\/\/mod.wisdar.net\/tr\/urun\/apoletli-kap-bordo\/","title":{"rendered":"Apoletli Kap \u2013 Bordo"},"content":{"rendered":"<p>Omuz k\u0131sm\u0131ndaki apolet detaylar\u0131yla yap\u0131land\u0131r\u0131lm\u0131\u015f bir duru\u015f kazanan bu kap, sade formuna modern ve g\u00fc\u00e7l\u00fc bir karakter ekler. Ak\u0131c\u0131 kesimi g\u00fcn boyu konfor sa\u011flarken, minimal \u00e7izgileri \u015fehir stiline sofistike bir hava ta\u015f\u0131r.<br \/>\nKuma\u015f \u0130\u00e7eri\u011fi: %73 Polyester, %22 Viskon, %5 Elastan<br \/>\nDesen: D\u00fcz<br \/>\nYaka Tipi: G\u00f6mlek Yaka<br \/>\nKol Tipi: Uzun Kol<br \/>\nCep: Fleto Cep<br \/>\nAstar: Astarl\u0131<br \/>\n\u00dcr\u00fcn Boyu: 120 cm<br \/>\nKal\u0131p Tipi: Normal Kal\u0131p<br \/>\nManken \u00d6l\u00e7\u00fcleri:Boy: 175 cmG\u00f6\u011f\u00fcs: 82 cmBel: 60 cmBasen: 90 cm<br \/>\nMankenin Giydi\u011fi Beden: 38<\/p>\n<p>\u2014 Technical Details \u2014<br \/>\ndesen: D\u00fcz<br \/>\nyaka_tipi: G\u00f6mlek Yaka<br \/>\nkol_tipi: Uzun Kol<br \/>\ncep: Fleto Cep<br \/>\nastar: Astarl\u0131<br \/>\nurun_boyu: 120 cm<br \/>\nkalip_tipi: Normal Kal\u0131p<\/p>\n","protected":false},"excerpt":{"rendered":"<p>Omuz k\u0131sm\u0131ndaki apolet detaylar\u0131yla yap\u0131land\u0131r\u0131lm\u0131\u015f bir duru\u015f kazanan bu kap, sade formuna modern ve g\u00fc\u00e7l\u00fc bir karakter ekler. Ak\u0131c\u0131 kesimi g\u00fcn boyu konfor sa\u011flarken, minimal \u00e7izgileri \u015fehir stiline sofistike bir hava ta\u015f\u0131r. Kuma\u015f \u0130\u00e7eri\u011fi: %73 Polyester, %22 Viskon, %5 Elastan Desen: D\u00fcz Yaka Tipi: G\u00f6mlek Yaka Kol Tipi: Uzun Kol Cep: Fleto Cep Astar: Astarl\u0131 [&hellip;]<\/p>\n","protected":false},"featured_media":144479,"comment_status":"open","ping_status":"closed","template":"","meta":[],"product_brand":[],"product_cat":[2047],"product_tag":[8172,7960,6312,6309,6825,6311],"class_list":{"0":"post-144493","1":"product","2":"type-product","3":"status-publish","4":"has-post-thumbnail","6":"product_cat-paltolar","7":"product_tag-bordo-kaban","8":"product_tag-kadin-dis-giyim","9":"product_tag-long-coat","10":"product_tag-modern-coat","11":"product_tag-sehir-stili","12":"product_tag-winter-coat","13":"pa_brand-tugba","14":"pa_color-bordo","15":"pa_size-4706","16":"pa_size-4711","17":"pa_size-4713","18":"pa_size-4751","19":"pa_size-4749","20":"pa_size-4747","22":"first","23":"instock","24":"sale","25":"shipping-taxable","26":"purchasable","27":"product-type-variable"},"_links":{"self":[{"href":"https:\/\/mod.wisdar.net\/tr\/wp-json\/wp\/v2\/product\/144493","targetHints":{"allow":["GET"]}}],"collection":[{"href":"https:\/\/mod.wisdar.net\/tr\/wp-json\/wp\/v2\/product"}],"about":[{"href":"https:\/\/mod.wisdar.net\/tr\/wp-json\/wp\/v2\/types\/product"}],"replies":[{"embeddable":true,"href":"https:\/\/mod.wisdar.net\/tr\/wp-json\/wp\/v2\/comments?post=144493"}],"wp:featuredmedia":[{"embeddable":true,"href":"https:\/\/mod.wisdar.net\/tr\/wp-json\/wp\/v2\/media\/144479"}],"wp:attachment":[{"href":"https:\/\/mod.wisdar.net\/tr\/wp-json\/wp\/v2\/media?parent=144493"}],"wp:term":[{"taxonomy":"product_brand","embeddable":true,"href":"https:\/\/mod.wisdar.net\/tr\/wp-json\/wp\/v2\/product_brand?post=144493"},{"taxonomy":"product_cat","embeddable":true,"href":"https:\/\/mod.wisdar.net\/tr\/wp-json\/wp\/v2\/product_cat?post=144493"},{"taxonomy":"product_tag","embeddable":true,"href":"https:\/\/mod.wisdar.net\/tr\/wp-json\/wp\/v2\/product_tag?post=144493"}],"curies":[{"name":"wp","href":"https:\/\/api.w.org\/{rel}","templated":true}]}}