{"id":144581,"date":"2026-02-20T22:11:30","date_gmt":"2026-02-20T22:11:30","guid":{"rendered":"https:\/\/modesthanim.com\/product\/belden-baglamali-ferace-haki\/"},"modified":"2026-03-28T03:31:15","modified_gmt":"2026-03-28T03:31:15","slug":"belden-baglamali-ferace-haki","status":"publish","type":"product","link":"https:\/\/mod.wisdar.net\/tr\/urun\/belden-baglamali-ferace-haki\/","title":{"rendered":"Belden Ba\u011flamal\u0131 Ferace \u2013 Haki"},"content":{"rendered":"<p>Modern \u00e7izgisi ve yumu\u015fak dokusuyla g\u00fcn boyu konfor sunarken, zarif g\u00f6r\u00fcn\u00fcm\u00fcyle g\u00fcnl\u00fck stilinize \u015f\u0131kl\u0131k kat\u0131yor. Hem tek par\u00e7a kolayl\u0131\u011f\u0131 hem de kombin rahatl\u0131\u011f\u0131yla gard\u0131robunuzun vazge\u00e7ilmezi olacak.<br \/>\nKuma\u015f \u0130\u00e7eri\u011fi: %100 Polyester<br \/>\nDesen: D\u00fcz<br \/>\nYaka Tipi: G\u00f6mlek Yaka<br \/>\nKol Tipi: Uzun Kol<br \/>\nCep: Aplike Cep<br \/>\nAstar: Astarl\u0131<br \/>\n\u00dcr\u00fcn Boyu: 140 cm<br \/>\nKal\u0131p Tipi: Normal Kal\u0131p<br \/>\nMankenin Giydi\u011fi Beden: 38<br \/>\nManken \u00d6l\u00e7\u00fcleri:Boy: 175 cmG\u00f6\u011f\u00fcs: 85 cmBel: 60 cmBasen: 90 cm<\/p>\n<p>\u2014 Technical Details \u2014<br \/>\nDesen: D\u00fcz<br \/>\nYaka Tipi: G\u00f6mlek Yaka<br \/>\nKol Tipi: Uzun Kol<br \/>\nCep: Aplike Cep<br \/>\nAstar: Astarl\u0131<br \/>\n\u00dcr\u00fcn Boyu: 140 cm<br \/>\nKal\u0131p Tipi: Normal Kal\u0131p<br \/>\nMankenin Giydi\u011fi Beden: 38<br \/>\nManken \u00d6l\u00e7\u00fcleri: Boy: 175 cm, G\u00f6\u011f\u00fcs: 85 cm, Bel: 60 cm, Basen: 90 cm<\/p>\n","protected":false},"excerpt":{"rendered":"<p>Modern \u00e7izgisi ve yumu\u015fak dokusuyla g\u00fcn boyu konfor sunarken, zarif g\u00f6r\u00fcn\u00fcm\u00fcyle g\u00fcnl\u00fck stilinize \u015f\u0131kl\u0131k kat\u0131yor. Hem tek par\u00e7a kolayl\u0131\u011f\u0131 hem de kombin rahatl\u0131\u011f\u0131yla gard\u0131robunuzun vazge\u00e7ilmezi olacak. Kuma\u015f \u0130\u00e7eri\u011fi: %100 Polyester Desen: D\u00fcz Yaka Tipi: G\u00f6mlek Yaka Kol Tipi: Uzun Kol Cep: Aplike Cep Astar: Astarl\u0131 \u00dcr\u00fcn Boyu: 140 cm Kal\u0131p Tipi: Normal Kal\u0131p Mankenin Giydi\u011fi [&hellip;]<\/p>\n","protected":false},"featured_media":144571,"comment_status":"open","ping_status":"closed","template":"","meta":[],"product_brand":[],"product_cat":[4028],"product_tag":[8298,5012,7354,7548,6751,8409],"class_list":{"0":"post-144581","1":"product","2":"type-product","3":"status-publish","4":"has-post-thumbnail","6":"product_cat-abaya","7":"product_tag-abaya","8":"product_tag-elegant","9":"product_tag-gunluk-giyim-2","10":"product_tag-mutevazi-moda","11":"product_tag-rahat","12":"product_tag-uzun-elbise","13":"pa_color-haki","14":"pa_size-4706","15":"pa_size-4711","16":"pa_size-4713","17":"pa_size-4751","18":"pa_size-4749","19":"pa_size-4747","21":"first","22":"instock","23":"sale","24":"shipping-taxable","25":"purchasable","26":"product-type-variable"},"_links":{"self":[{"href":"https:\/\/mod.wisdar.net\/tr\/wp-json\/wp\/v2\/product\/144581","targetHints":{"allow":["GET"]}}],"collection":[{"href":"https:\/\/mod.wisdar.net\/tr\/wp-json\/wp\/v2\/product"}],"about":[{"href":"https:\/\/mod.wisdar.net\/tr\/wp-json\/wp\/v2\/types\/product"}],"replies":[{"embeddable":true,"href":"https:\/\/mod.wisdar.net\/tr\/wp-json\/wp\/v2\/comments?post=144581"}],"wp:featuredmedia":[{"embeddable":true,"href":"https:\/\/mod.wisdar.net\/tr\/wp-json\/wp\/v2\/media\/144571"}],"wp:attachment":[{"href":"https:\/\/mod.wisdar.net\/tr\/wp-json\/wp\/v2\/media?parent=144581"}],"wp:term":[{"taxonomy":"product_brand","embeddable":true,"href":"https:\/\/mod.wisdar.net\/tr\/wp-json\/wp\/v2\/product_brand?post=144581"},{"taxonomy":"product_cat","embeddable":true,"href":"https:\/\/mod.wisdar.net\/tr\/wp-json\/wp\/v2\/product_cat?post=144581"},{"taxonomy":"product_tag","embeddable":true,"href":"https:\/\/mod.wisdar.net\/tr\/wp-json\/wp\/v2\/product_tag?post=144581"}],"curies":[{"name":"wp","href":"https:\/\/api.w.org\/{rel}","templated":true}]}}