{"id":144589,"date":"2026-02-20T22:11:37","date_gmt":"2026-02-20T22:11:37","guid":{"rendered":"https:\/\/modesthanim.com\/product\/lastik-detayli-ferace-lacivert\/"},"modified":"2026-03-30T06:11:26","modified_gmt":"2026-03-30T06:11:26","slug":"lastik-detayli-ferace-lacivert","status":"publish","type":"product","link":"https:\/\/mod.wisdar.net\/tr\/urun\/lastik-detayli-ferace-lacivert\/","title":{"rendered":"Lastik Detayl\u0131 Ferace \u2013 Lacivert"},"content":{"rendered":"<p>Rahat kesimiyle \u00f6ne \u00e7\u0131kan bu ferace, kollar\u0131ndaki lastik detaylar\u0131yla hem pratik hem de modern bir g\u00f6r\u00fcn\u00fcm sunar. G\u00fcnl\u00fck \u015f\u0131kl\u0131\u011f\u0131 konforla bulu\u015fturan tasar\u0131m\u0131 sayesinde \u015fehir hayat\u0131ndan seyahatlere kadar geni\u015f bir kullan\u0131m alan\u0131 yarat\u0131r. Kuma\u015f \u0130\u00e7eri\u011fi: %75 Polyester, %21 Viskon, %4 Elastan Desen: D\u00fcz Yaka Tipi: Fermuarl\u0131 Yaka Kol Tipi: Uzun Kol Cep: Aplike Cep Astar: Astarl\u0131 \u00dcr\u00fcn Boyu: 130 cm Kal\u0131p Tipi: Normal Kal\u0131p Mankenin Giydi\u011fi Beden: 38 Manken \u00d6l\u00e7\u00fcleri: Boy: 175 cm G\u00f6\u011f\u00fcs: 85 cm Bel: 70 cm Basen: 98 cm<\/p>\n","protected":false},"excerpt":{"rendered":"<p>Rahat kesimiyle \u00f6ne \u00e7\u0131kan bu ferace, kollar\u0131ndaki lastik detaylar\u0131yla hem pratik hem de modern bir g\u00f6r\u00fcn\u00fcm sunar. G\u00fcnl\u00fck \u015f\u0131kl\u0131\u011f\u0131 konforla bulu\u015fturan tasar\u0131m\u0131 sayesinde \u015fehir hayat\u0131ndan seyahatlere kadar geni\u015f bir kullan\u0131m alan\u0131 yarat\u0131r. Kuma\u015f \u0130\u00e7eri\u011fi: %75 Polyester, %21 Viskon, %4 Elastan Desen: D\u00fcz Yaka Tipi: Fermuarl\u0131 Yaka Kol Tipi: Uzun Kol Cep: Aplike Cep Astar: Astarl\u0131 [&hellip;]<\/p>\n","protected":false},"featured_media":144572,"comment_status":"open","ping_status":"closed","template":"","meta":[],"product_brand":[],"product_cat":[1927,2047],"product_tag":[8298,7354,7238,7096,7548,6751,6768],"class_list":{"0":"post-144589","1":"product","2":"type-product","3":"status-publish","4":"has-post-thumbnail","6":"product_cat-hoodies-sweatshirtler","7":"product_cat-paltolar","8":"product_tag-abaya","9":"product_tag-gunluk-giyim-2","10":"product_tag-lacivert","11":"product_tag-modern-tasarim","12":"product_tag-mutevazi-moda","13":"product_tag-rahat","14":"product_tag-uzun-kol","15":"pa_brand-tugba","16":"pa_color-lacivert","17":"pa_size-4706","18":"pa_size-4711","19":"pa_size-4713","20":"pa_size-4751","21":"pa_size-4749","22":"pa_size-4747","24":"first","25":"outofstock","26":"shipping-taxable","27":"product-type-variable"},"_links":{"self":[{"href":"https:\/\/mod.wisdar.net\/tr\/wp-json\/wp\/v2\/product\/144589","targetHints":{"allow":["GET"]}}],"collection":[{"href":"https:\/\/mod.wisdar.net\/tr\/wp-json\/wp\/v2\/product"}],"about":[{"href":"https:\/\/mod.wisdar.net\/tr\/wp-json\/wp\/v2\/types\/product"}],"replies":[{"embeddable":true,"href":"https:\/\/mod.wisdar.net\/tr\/wp-json\/wp\/v2\/comments?post=144589"}],"wp:featuredmedia":[{"embeddable":true,"href":"https:\/\/mod.wisdar.net\/tr\/wp-json\/wp\/v2\/media\/144572"}],"wp:attachment":[{"href":"https:\/\/mod.wisdar.net\/tr\/wp-json\/wp\/v2\/media?parent=144589"}],"wp:term":[{"taxonomy":"product_brand","embeddable":true,"href":"https:\/\/mod.wisdar.net\/tr\/wp-json\/wp\/v2\/product_brand?post=144589"},{"taxonomy":"product_cat","embeddable":true,"href":"https:\/\/mod.wisdar.net\/tr\/wp-json\/wp\/v2\/product_cat?post=144589"},{"taxonomy":"product_tag","embeddable":true,"href":"https:\/\/mod.wisdar.net\/tr\/wp-json\/wp\/v2\/product_tag?post=144589"}],"curies":[{"name":"wp","href":"https:\/\/api.w.org\/{rel}","templated":true}]}}