{"id":14464,"date":"2025-11-01T22:05:29","date_gmt":"2025-11-01T22:05:29","guid":{"rendered":"https:\/\/modesthanim.com\/product\/degrade-desenli-tunik-indigo\/"},"modified":"2026-04-15T20:25:30","modified_gmt":"2026-04-15T20:25:30","slug":"degrade-desenli-tunik-indigo","status":"publish","type":"product","link":"https:\/\/mod.wisdar.net\/tr\/urun\/degrade-desenli-tunik-indigo\/","title":{"rendered":"Degrade Desenli Tunik \u2013 \u0130ndigo"},"content":{"rendered":"<p>Yumu\u015fak renk ge\u00e7i\u015fleriyle zarafeti \u00f6n plana \u00e7\u0131karan Degrade Desenli Tunik, sade \u015f\u0131kl\u0131\u011f\u0131 modern bir dokunu\u015fla bulu\u015fturuyor. Degrade deseniyle dikkat \u00e7eken bu \u00f6zel par\u00e7a, minimal g\u00f6r\u00fcn\u00fcmden \u00f6d\u00fcn vermeden tarz\u0131n\u0131za dinamizm katar.<\/p>\n<p>Kuma\u015f \u0130\u00e7eri\u011fi: %100 Viskon<br \/>\nDesen: Degrade Desen<br \/>\nYaka Tipi: G\u00f6mlek Yaka<br \/>\nKol Tipi: Uzun Kol<br \/>\nCep: Cepsiz<br \/>\nAstar: Astars\u0131z<br \/>\n\u00dcr\u00fcn Boyu: 105 cm<br \/>\nKal\u0131p Tipi: Normal Kal\u0131p<br \/>\nMankenin Giydi\u011fi Beden: 38<br \/>\nManken \u00d6l\u00e7\u00fcleri: Boy: 176 cm G\u00f6\u011f\u00fcs: 86 cm Bel: 61 cm Basen: 90 cm<\/p>\n<p>\u2014 Technical Details \u2014<br \/>\nDesen: Degrade Desen<br \/>\nYaka Tipi: G\u00f6mlek Yaka<br \/>\nKol Tipi: Uzun Kol<br \/>\nCep: Cepsiz<br \/>\nAstar: Astars\u0131z<br \/>\n\u00dcr\u00fcn Boyu: 105 cm<br \/>\nKal\u0131p Tipi: Normal Kal\u0131p<br \/>\nMankenin Giydi\u011fi Beden: 38<br \/>\nManken \u00d6l\u00e7\u00fcleri: Boy: 176 cm, G\u00f6\u011f\u00fcs: 86 cm, Bel: 61 cm, Basen: 90 cm<\/p>\n","protected":false},"excerpt":{"rendered":"<p>Yumu\u015fak renk ge\u00e7i\u015fleriyle zarafeti \u00f6n plana \u00e7\u0131karan Degrade Desenli Tunik, sade \u015f\u0131kl\u0131\u011f\u0131 modern bir dokunu\u015fla bulu\u015fturuyor. Degrade deseniyle dikkat \u00e7eken bu \u00f6zel par\u00e7a, minimal g\u00f6r\u00fcn\u00fcmden \u00f6d\u00fcn vermeden tarz\u0131n\u0131za dinamizm katar. Kuma\u015f \u0130\u00e7eri\u011fi: %100 Viskon Desen: Degrade Desen Yaka Tipi: G\u00f6mlek Yaka Kol Tipi: Uzun Kol Cep: Cepsiz Astar: Astars\u0131z \u00dcr\u00fcn Boyu: 105 cm Kal\u0131p Tipi: [&hellip;]<\/p>\n","protected":false},"featured_media":14432,"comment_status":"open","ping_status":"closed","template":"","meta":[],"product_brand":[],"product_cat":[1909],"product_tag":[5012,5013],"class_list":{"0":"post-14464","1":"product","2":"type-product","3":"status-publish","4":"has-post-thumbnail","6":"product_cat-bluzlar-ve-gomlekler","7":"product_tag-elegant","8":"product_tag-modern","9":"pa_brand-tugba","10":"pa_color-indigo","11":"pa_size-4706","12":"pa_size-4711","13":"pa_size-4713","14":"pa_size-4751","15":"pa_size-4749","16":"pa_size-4747","18":"first","19":"instock","20":"sale","21":"shipping-taxable","22":"purchasable","23":"product-type-variable"},"_links":{"self":[{"href":"https:\/\/mod.wisdar.net\/tr\/wp-json\/wp\/v2\/product\/14464","targetHints":{"allow":["GET"]}}],"collection":[{"href":"https:\/\/mod.wisdar.net\/tr\/wp-json\/wp\/v2\/product"}],"about":[{"href":"https:\/\/mod.wisdar.net\/tr\/wp-json\/wp\/v2\/types\/product"}],"replies":[{"embeddable":true,"href":"https:\/\/mod.wisdar.net\/tr\/wp-json\/wp\/v2\/comments?post=14464"}],"wp:featuredmedia":[{"embeddable":true,"href":"https:\/\/mod.wisdar.net\/tr\/wp-json\/wp\/v2\/media\/14432"}],"wp:attachment":[{"href":"https:\/\/mod.wisdar.net\/tr\/wp-json\/wp\/v2\/media?parent=14464"}],"wp:term":[{"taxonomy":"product_brand","embeddable":true,"href":"https:\/\/mod.wisdar.net\/tr\/wp-json\/wp\/v2\/product_brand?post=14464"},{"taxonomy":"product_cat","embeddable":true,"href":"https:\/\/mod.wisdar.net\/tr\/wp-json\/wp\/v2\/product_cat?post=14464"},{"taxonomy":"product_tag","embeddable":true,"href":"https:\/\/mod.wisdar.net\/tr\/wp-json\/wp\/v2\/product_tag?post=14464"}],"curies":[{"name":"wp","href":"https:\/\/api.w.org\/{rel}","templated":true}]}}