{"id":144665,"date":"2026-02-20T22:13:31","date_gmt":"2026-02-20T22:13:31","guid":{"rendered":"https:\/\/modesthanim.com\/product\/belden-baglamali-ferace-siyah\/"},"modified":"2026-04-11T04:21:16","modified_gmt":"2026-04-11T04:21:16","slug":"belden-baglamali-ferace-siyah","status":"publish","type":"product","link":"https:\/\/mod.wisdar.net\/tr\/urun\/belden-baglamali-ferace-siyah\/","title":{"rendered":"Belden Ba\u011flamal\u0131 Ferace \u2013 Siyah"},"content":{"rendered":"<p>Modern \u00e7izgisi ve yumu\u015fak dokusuyla g\u00fcn boyu konfor sunarken, zarif g\u00f6r\u00fcn\u00fcm\u00fcyle g\u00fcnl\u00fck stilinize \u015f\u0131kl\u0131k kat\u0131yor. Hem tek par\u00e7a kolayl\u0131\u011f\u0131 hem de kombin rahatl\u0131\u011f\u0131yla gard\u0131robunuzun vazge\u00e7ilmezi olacak.<br \/>\nKuma\u015f \u0130\u00e7eri\u011fi: %100 Polyester<br \/>\nDesen: D\u00fcz<br \/>\nYaka Tipi: G\u00f6mlek Yaka<br \/>\nKol Tipi: Uzun Kol<br \/>\nCep: Aplike Cep<br \/>\nAstar: Astarl\u0131<br \/>\n\u00dcr\u00fcn Boyu: 140 cm<br \/>\nKal\u0131p Tipi: Normal Kal\u0131p<br \/>\nMankenin Giydi\u011fi Beden: 38<br \/>\nManken \u00d6l\u00e7\u00fcleri:Boy: 175 cmG\u00f6\u011f\u00fcs: 85 cmBel: 60 cmBasen: 90 cm<\/p>\n<p>\u2014 Technical Details \u2014<br \/>\nBeden Tablosu: {&#8217;38&#8217;: {&#8216;OMUZ&#8217;: &#8217;40&#8217;, &#8216;G\u00d6\u011e\u00dcS&#8217;: &#8216;102&#8217;, &#8216;BEL&#8217;: &#8216;102&#8217;, &#8216;BASEN&#8217;: &#8216;118&#8217;, &#8216;BOY&#8217;: &#8216;140&#8217;, &#8216;KOL BOYU&#8217;: &#8217;61&#8217;}, &#8217;40&#8217;: {&#8216;OMUZ&#8217;: &#8216;41.2000007629&#8217;, &#8216;G\u00d6\u011e\u00dcS&#8217;: &#8216;106&#8217;, &#8216;BEL&#8217;: &#8216;106&#8217;, &#8216;BASEN&#8217;: &#8216;122&#8217;, &#8216;BOY&#8217;: &#8216;140.5&#8217;, &#8216;KOL BOYU&#8217;: &#8216;61.5&#8217;}, &#8217;42&#8217;: {&#8216;OMUZ&#8217;: &#8216;42.4000015259&#8217;, &#8216;G\u00d6\u011e\u00dcS&#8217;: &#8216;110&#8217;, &#8216;BEL&#8217;: &#8216;110&#8217;, &#8216;BASEN&#8217;: &#8216;126&#8217;, &#8216;BOY&#8217;: &#8216;141&#8217;, &#8216;KOL BOYU&#8217;: &#8217;62&#8217;}, &#8217;44&#8217;: {&#8216;OMUZ&#8217;: &#8216;43.5999984741&#8217;, &#8216;G\u00d6\u011e\u00dcS&#8217;: &#8216;114&#8217;, &#8216;BEL&#8217;: &#8216;114&#8217;, &#8216;BASEN&#8217;: &#8216;130&#8217;, &#8216;BOY&#8217;: &#8216;142&#8217;, &#8216;KOL BOYU&#8217;: &#8216;62.5&#8217;}, &#8217;46&#8217;: {&#8216;OMUZ&#8217;: &#8216;44.7999992371&#8217;, &#8216;G\u00d6\u011e\u00dcS&#8217;: &#8216;120&#8217;, &#8216;BEL&#8217;: &#8216;120&#8217;, &#8216;BASEN&#8217;: &#8216;136&#8217;, &#8216;BOY&#8217;: &#8216;142.5&#8217;, &#8216;KOL BOYU&#8217;: &#8217;63&#8217;}, &#8217;48&#8217;: {&#8216;OMUZ&#8217;: &#8217;45&#8217;, &#8216;G\u00d6\u011e\u00dcS&#8217;: &#8216;124&#8217;, &#8216;BEL&#8217;: &#8216;124&#8217;, &#8216;BASEN&#8217;: &#8216;140&#8217;, &#8216;BOY&#8217;: None, &#8216;KOL BOYU&#8217;: &#8216;63.5&#8217;}}<\/p>\n","protected":false},"excerpt":{"rendered":"<p>Modern \u00e7izgisi ve yumu\u015fak dokusuyla g\u00fcn boyu konfor sunarken, zarif g\u00f6r\u00fcn\u00fcm\u00fcyle g\u00fcnl\u00fck stilinize \u015f\u0131kl\u0131k kat\u0131yor. Hem tek par\u00e7a kolayl\u0131\u011f\u0131 hem de kombin rahatl\u0131\u011f\u0131yla gard\u0131robunuzun vazge\u00e7ilmezi olacak. Kuma\u015f \u0130\u00e7eri\u011fi: %100 Polyester Desen: D\u00fcz Yaka Tipi: G\u00f6mlek Yaka Kol Tipi: Uzun Kol Cep: Aplike Cep Astar: Astarl\u0131 \u00dcr\u00fcn Boyu: 140 cm Kal\u0131p Tipi: Normal Kal\u0131p Mankenin Giydi\u011fi [&hellip;]<\/p>\n","protected":false},"featured_media":144655,"comment_status":"open","ping_status":"closed","template":"","meta":[],"product_brand":[],"product_cat":[4028],"product_tag":[8298,7354,7547,7548,6745],"class_list":{"0":"post-144665","1":"product","2":"type-product","3":"status-publish","4":"has-post-thumbnail","6":"product_cat-abaya","7":"product_tag-abaya","8":"product_tag-gunluk-giyim-2","9":"product_tag-kadin-giyim","10":"product_tag-mutevazi-moda","11":"product_tag-zarif-elbise","12":"pa_brand-tugba","13":"pa_color-siyah","14":"pa_size-4706","15":"pa_size-4711","16":"pa_size-4713","17":"pa_size-4751","18":"pa_size-4749","19":"pa_size-4747","21":"first","22":"instock","23":"sale","24":"shipping-taxable","25":"purchasable","26":"product-type-variable"},"_links":{"self":[{"href":"https:\/\/mod.wisdar.net\/tr\/wp-json\/wp\/v2\/product\/144665","targetHints":{"allow":["GET"]}}],"collection":[{"href":"https:\/\/mod.wisdar.net\/tr\/wp-json\/wp\/v2\/product"}],"about":[{"href":"https:\/\/mod.wisdar.net\/tr\/wp-json\/wp\/v2\/types\/product"}],"replies":[{"embeddable":true,"href":"https:\/\/mod.wisdar.net\/tr\/wp-json\/wp\/v2\/comments?post=144665"}],"wp:featuredmedia":[{"embeddable":true,"href":"https:\/\/mod.wisdar.net\/tr\/wp-json\/wp\/v2\/media\/144655"}],"wp:attachment":[{"href":"https:\/\/mod.wisdar.net\/tr\/wp-json\/wp\/v2\/media?parent=144665"}],"wp:term":[{"taxonomy":"product_brand","embeddable":true,"href":"https:\/\/mod.wisdar.net\/tr\/wp-json\/wp\/v2\/product_brand?post=144665"},{"taxonomy":"product_cat","embeddable":true,"href":"https:\/\/mod.wisdar.net\/tr\/wp-json\/wp\/v2\/product_cat?post=144665"},{"taxonomy":"product_tag","embeddable":true,"href":"https:\/\/mod.wisdar.net\/tr\/wp-json\/wp\/v2\/product_tag?post=144665"}],"curies":[{"name":"wp","href":"https:\/\/api.w.org\/{rel}","templated":true}]}}