{"id":144793,"date":"2026-02-20T22:18:23","date_gmt":"2026-02-20T22:18:23","guid":{"rendered":"https:\/\/modesthanim.com\/product\/reglan-kol-detayli-tunik-haki\/"},"modified":"2026-02-20T22:29:16","modified_gmt":"2026-02-20T22:29:16","slug":"reglan-kol-detayli-tunik-haki","status":"publish","type":"product","link":"https:\/\/mod.wisdar.net\/tr\/urun\/reglan-kol-detayli-tunik-haki\/","title":{"rendered":"Reglan Kol Detayl\u0131 Tunik \u2013 Haki"},"content":{"rendered":"<p>G\u00fcnl\u00fck kullan\u0131m i\u00e7in ideal olan bu par\u00e7a, sade alt gruplarla kolayca tamamlan\u0131r. Rahatl\u0131\u011f\u0131 ve modern g\u00f6r\u00fcn\u00fcm\u00fc bir arada sunan, \u015fehir stiline uyumlu bir \u00fcst giyim se\u00e7ene\u011fidir.<br \/>\nKuma\u015f \u0130\u00e7eri\u011fi: %46 Polyester, %46 Viskon, %8 Elastan<br \/>\nDesen: D\u00fcz<br \/>\nYaka Tipi: Dik Yaka<br \/>\nKol Tipi: Reglan Kol<br \/>\nCep: Fleto Cep<br \/>\nAstar: Astars\u0131z<br \/>\n\u00dcr\u00fcn Boyu: 86 cm<br \/>\nKal\u0131p Tipi: Normal Kal\u0131p<br \/>\nManken \u00d6l\u00e7\u00fcleri:Boy: 176 cmG\u00f6\u011f\u00fcs: 78 cmBel: 59 cmBasen: 88 cm<br \/>\nMankenin Giydi\u011fi Beden: 01<br \/>\n1 Beden: 36 \u2013 382 Beden: 38 \u2013 403 Beden: 40 \u2013 424 Beden: 42 \u2013 44 ile uyumludur.<\/p>\n","protected":false},"excerpt":{"rendered":"<p>G\u00fcnl\u00fck kullan\u0131m i\u00e7in ideal olan bu par\u00e7a, sade alt gruplarla kolayca tamamlan\u0131r. Rahatl\u0131\u011f\u0131 ve modern g\u00f6r\u00fcn\u00fcm\u00fc bir arada sunan, \u015fehir stiline uyumlu bir \u00fcst giyim se\u00e7ene\u011fidir. Kuma\u015f \u0130\u00e7eri\u011fi: %46 Polyester, %46 Viskon, %8 Elastan Desen: D\u00fcz Yaka Tipi: Dik Yaka Kol Tipi: Reglan Kol Cep: Fleto Cep Astar: Astars\u0131z \u00dcr\u00fcn Boyu: 86 cm Kal\u0131p Tipi: [&hellip;]<\/p>\n","protected":false},"featured_media":144789,"comment_status":"open","ping_status":"closed","template":"","meta":[],"product_brand":[],"product_cat":[2050],"product_tag":[7419,7354,6845],"class_list":{"0":"post-144793","1":"product","2":"type-product","3":"status-publish","4":"has-post-thumbnail","6":"product_cat-blazer-ceketler","7":"product_tag-gunluk","8":"product_tag-gunluk-giyim-2","9":"product_tag-modern-stil","10":"pa_color-haki","11":"pa_size-4444","12":"pa_size-4460","13":"pa_size-4681","14":"pa_size-4695","16":"first","17":"instock","18":"sale","19":"shipping-taxable","20":"purchasable","21":"product-type-variable"},"_links":{"self":[{"href":"https:\/\/mod.wisdar.net\/tr\/wp-json\/wp\/v2\/product\/144793","targetHints":{"allow":["GET"]}}],"collection":[{"href":"https:\/\/mod.wisdar.net\/tr\/wp-json\/wp\/v2\/product"}],"about":[{"href":"https:\/\/mod.wisdar.net\/tr\/wp-json\/wp\/v2\/types\/product"}],"replies":[{"embeddable":true,"href":"https:\/\/mod.wisdar.net\/tr\/wp-json\/wp\/v2\/comments?post=144793"}],"wp:featuredmedia":[{"embeddable":true,"href":"https:\/\/mod.wisdar.net\/tr\/wp-json\/wp\/v2\/media\/144789"}],"wp:attachment":[{"href":"https:\/\/mod.wisdar.net\/tr\/wp-json\/wp\/v2\/media?parent=144793"}],"wp:term":[{"taxonomy":"product_brand","embeddable":true,"href":"https:\/\/mod.wisdar.net\/tr\/wp-json\/wp\/v2\/product_brand?post=144793"},{"taxonomy":"product_cat","embeddable":true,"href":"https:\/\/mod.wisdar.net\/tr\/wp-json\/wp\/v2\/product_cat?post=144793"},{"taxonomy":"product_tag","embeddable":true,"href":"https:\/\/mod.wisdar.net\/tr\/wp-json\/wp\/v2\/product_tag?post=144793"}],"curies":[{"name":"wp","href":"https:\/\/api.w.org\/{rel}","templated":true}]}}