{"id":144838,"date":"2026-02-21T11:09:33","date_gmt":"2026-02-21T11:09:33","guid":{"rendered":"https:\/\/modesthanim.com\/product\/yumusak-tabanli-deri-babet\/"},"modified":"2026-03-19T01:03:08","modified_gmt":"2026-03-19T01:03:08","slug":"yumusak-tabanli-deri-babet","status":"publish","type":"product","link":"https:\/\/mod.wisdar.net\/tr\/urun\/yumusak-tabanli-deri-babet\/","title":{"rendered":"Yumu\u015fak Tabanl\u0131 Deri Babet"},"content":{"rendered":"<p>H&amp;M Adorables. Yuvarlak burunlu, ayak \u00fczerinde \u00e7\u0131t\u00e7\u0131tl\u0131 \u015feritli, yumu\u015fak tabanl\u0131 deri babet. Yumu\u015fak deri astarl\u0131, i\u00e7 tabanl\u0131 ve alt tabanl\u0131. H&amp;M Adorables koleksiyonu, zamana meydan okuyan son derece rahat ve kaliteli par\u00e7alardan olu\u015fan \u00f6zenli bir se\u00e7kidir.<\/p>\n<p>\u2014 Technical Details \u2014<br \/>\nmaterial: Deri<br \/>\npattern: D\u00fcz renkli<br \/>\nheel_height: Topuksuz<br \/>\nfootwear_style: Babet<br \/>\nconcept: H&amp;M Adorables<\/p>\n","protected":false},"excerpt":{"rendered":"<p>H&amp;M Adorables. Yuvarlak burunlu, ayak \u00fczerinde \u00e7\u0131t\u00e7\u0131tl\u0131 \u015feritli, yumu\u015fak tabanl\u0131 deri babet. Yumu\u015fak deri astarl\u0131, i\u00e7 tabanl\u0131 ve alt tabanl\u0131. H&amp;M Adorables koleksiyonu, zamana meydan okuyan son derece rahat ve kaliteli par\u00e7alardan olu\u015fan \u00f6zenli bir se\u00e7kidir. \u2014 Technical Details \u2014 material: Deri pattern: D\u00fcz renkli heel_height: Topuksuz footwear_style: Babet concept: H&amp;M Adorables<\/p>\n","protected":false},"featured_media":144834,"comment_status":"open","ping_status":"closed","template":"","meta":[],"product_brand":[],"product_cat":[8694,8697,8700],"product_tag":[],"class_list":{"0":"post-144838","1":"product","2":"type-product","3":"status-publish","4":"has-post-thumbnail","6":"product_cat-cocuklar","7":"product_cat-yenidogan-0-12-ay","8":"product_cat-yenidogan-giyim","9":"pa_color-altin-rengi","10":"pa_color-toz-pembe","11":"pa_size-14-15","12":"pa_size-16-17","13":"pa_size-18-19","14":"pa_size-20-21","15":"pa_size-22-23","17":"first","18":"outofstock","19":"shipping-taxable","20":"product-type-variable"},"_links":{"self":[{"href":"https:\/\/mod.wisdar.net\/tr\/wp-json\/wp\/v2\/product\/144838","targetHints":{"allow":["GET"]}}],"collection":[{"href":"https:\/\/mod.wisdar.net\/tr\/wp-json\/wp\/v2\/product"}],"about":[{"href":"https:\/\/mod.wisdar.net\/tr\/wp-json\/wp\/v2\/types\/product"}],"replies":[{"embeddable":true,"href":"https:\/\/mod.wisdar.net\/tr\/wp-json\/wp\/v2\/comments?post=144838"}],"wp:featuredmedia":[{"embeddable":true,"href":"https:\/\/mod.wisdar.net\/tr\/wp-json\/wp\/v2\/media\/144834"}],"wp:attachment":[{"href":"https:\/\/mod.wisdar.net\/tr\/wp-json\/wp\/v2\/media?parent=144838"}],"wp:term":[{"taxonomy":"product_brand","embeddable":true,"href":"https:\/\/mod.wisdar.net\/tr\/wp-json\/wp\/v2\/product_brand?post=144838"},{"taxonomy":"product_cat","embeddable":true,"href":"https:\/\/mod.wisdar.net\/tr\/wp-json\/wp\/v2\/product_cat?post=144838"},{"taxonomy":"product_tag","embeddable":true,"href":"https:\/\/mod.wisdar.net\/tr\/wp-json\/wp\/v2\/product_tag?post=144838"}],"curies":[{"name":"wp","href":"https:\/\/api.w.org\/{rel}","templated":true}]}}