{"id":144898,"date":"2026-02-21T11:13:45","date_gmt":"2026-02-21T11:13:45","guid":{"rendered":"https:\/\/modesthanim.com\/product\/spor-ayakkabi-5\/"},"modified":"2026-03-05T19:44:35","modified_gmt":"2026-03-05T19:44:35","slug":"spor-ayakkabi-5","status":"publish","type":"product","link":"https:\/\/mod.wisdar.net\/tr\/urun\/spor-ayakkabi-5\/","title":{"rendered":"Spor Ayakkab\u0131"},"content":{"rendered":"<p>\u00d6n\u00fc c\u0131rtc\u0131rt \u015feritli, elastik ba\u011fc\u0131kl\u0131, kenar\u0131 ve dili dolgulu, al\u00e7ak bo\u011fazl\u0131 spor ayakkab\u0131. Arkada grogren halkal\u0131. File astarl\u0131, ekstra rahatl\u0131k i\u00e7in teknik k\u00f6p\u00fck i\u00e7 tabanl\u0131. Desenli alt tabanl\u0131.<\/p>\n<p>\u2014 Technical Details \u2014<br \/>\nmaterial: Poli\u00fcretan\/Polyester\/Kau\u00e7uk<br \/>\npattern: D\u00fcz renkli<br \/>\nheel_height: Topuksuz<br \/>\nfootwear_style: Spor Ayakkab\u0131<br \/>\nquantity_sales_mode: Tek<br \/>\nproduct_number: 1263804017<\/p>\n","protected":false},"excerpt":{"rendered":"<p>\u00d6n\u00fc c\u0131rtc\u0131rt \u015feritli, elastik ba\u011fc\u0131kl\u0131, kenar\u0131 ve dili dolgulu, al\u00e7ak bo\u011fazl\u0131 spor ayakkab\u0131. Arkada grogren halkal\u0131. File astarl\u0131, ekstra rahatl\u0131k i\u00e7in teknik k\u00f6p\u00fck i\u00e7 tabanl\u0131. Desenli alt tabanl\u0131. \u2014 Technical Details \u2014 material: Poli\u00fcretan\/Polyester\/Kau\u00e7uk pattern: D\u00fcz renkli heel_height: Topuksuz footwear_style: Spor Ayakkab\u0131 quantity_sales_mode: Tek product_number: 1263804017<\/p>\n","protected":false},"featured_media":144889,"comment_status":"open","ping_status":"closed","template":"","meta":[],"product_brand":[],"product_cat":[8694,8697,8700],"product_tag":[],"class_list":{"0":"post-144898","1":"product","2":"type-product","3":"status-publish","4":"has-post-thumbnail","6":"product_cat-cocuklar","7":"product_cat-yenidogan-0-12-ay","8":"product_cat-yenidogan-giyim","9":"pa_color-acik-mavi","10":"pa_size-18-19","11":"pa_size-20-21","12":"pa_size-10720","13":"pa_size-10726","14":"pa_size-7851","15":"pa_size-10734","17":"first","18":"outofstock","19":"shipping-taxable","20":"product-type-variable"},"_links":{"self":[{"href":"https:\/\/mod.wisdar.net\/tr\/wp-json\/wp\/v2\/product\/144898","targetHints":{"allow":["GET"]}}],"collection":[{"href":"https:\/\/mod.wisdar.net\/tr\/wp-json\/wp\/v2\/product"}],"about":[{"href":"https:\/\/mod.wisdar.net\/tr\/wp-json\/wp\/v2\/types\/product"}],"replies":[{"embeddable":true,"href":"https:\/\/mod.wisdar.net\/tr\/wp-json\/wp\/v2\/comments?post=144898"}],"wp:featuredmedia":[{"embeddable":true,"href":"https:\/\/mod.wisdar.net\/tr\/wp-json\/wp\/v2\/media\/144889"}],"wp:attachment":[{"href":"https:\/\/mod.wisdar.net\/tr\/wp-json\/wp\/v2\/media?parent=144898"}],"wp:term":[{"taxonomy":"product_brand","embeddable":true,"href":"https:\/\/mod.wisdar.net\/tr\/wp-json\/wp\/v2\/product_brand?post=144898"},{"taxonomy":"product_cat","embeddable":true,"href":"https:\/\/mod.wisdar.net\/tr\/wp-json\/wp\/v2\/product_cat?post=144898"},{"taxonomy":"product_tag","embeddable":true,"href":"https:\/\/mod.wisdar.net\/tr\/wp-json\/wp\/v2\/product_tag?post=144898"}],"curies":[{"name":"wp","href":"https:\/\/api.w.org\/{rel}","templated":true}]}}