{"id":144924,"date":"2026-02-21T11:14:16","date_gmt":"2026-02-21T11:14:16","guid":{"rendered":"https:\/\/modesthanim.com\/product\/spor-ayakkabi-6\/"},"modified":"2026-04-04T22:23:30","modified_gmt":"2026-04-04T22:23:30","slug":"spor-ayakkabi-6","status":"publish","type":"product","link":"https:\/\/mod.wisdar.net\/tr\/urun\/spor-ayakkabi-6\/","title":{"rendered":"Spor Ayakkab\u0131"},"content":{"rendered":"<p>\u00d6n\u00fc c\u0131rtc\u0131rt \u015feritli, elastik ba\u011fc\u0131kl\u0131, kenar\u0131 ve dili dolgulu, al\u00e7ak bo\u011fazl\u0131 spor ayakkab\u0131. Arkada grogren halkal\u0131. File astarl\u0131, ekstra rahatl\u0131k i\u00e7in teknik k\u00f6p\u00fck i\u00e7 tabanl\u0131. Desenli alt tabanl\u0131.<\/p>\n","protected":false},"excerpt":{"rendered":"<p>\u00d6n\u00fc c\u0131rtc\u0131rt \u015feritli, elastik ba\u011fc\u0131kl\u0131, kenar\u0131 ve dili dolgulu, al\u00e7ak bo\u011fazl\u0131 spor ayakkab\u0131. Arkada grogren halkal\u0131. File astarl\u0131, ekstra rahatl\u0131k i\u00e7in teknik k\u00f6p\u00fck i\u00e7 tabanl\u0131. Desenli alt tabanl\u0131.<\/p>\n","protected":false},"featured_media":144920,"comment_status":"open","ping_status":"closed","template":"","meta":[],"product_brand":[],"product_cat":[8694,8697,8700],"product_tag":[10327,10342,10442,10444,10443,10333,10346],"class_list":{"0":"post-144924","1":"product","2":"type-product","3":"status-publish","4":"has-post-thumbnail","6":"product_cat-cocuklar","7":"product_cat-yenidogan-0-12-ay","8":"product_cat-yenidogan-giyim","9":"product_tag-athletic-footwear","10":"product_tag-comfortable-sneakers","11":"product_tag-foam-insole","12":"product_tag-low-top","13":"product_tag-mesh-lining","14":"product_tag-sports-shoe","15":"product_tag-velcro-strap","16":"pa_brand-hm","17":"pa_color-tozlu-yesil","18":"pa_size-18-19","19":"pa_size-20-21","20":"pa_size-10720","21":"pa_size-10726","22":"pa_size-7851","23":"pa_size-10734","25":"first","26":"outofstock","27":"shipping-taxable","28":"product-type-variable"},"_links":{"self":[{"href":"https:\/\/mod.wisdar.net\/tr\/wp-json\/wp\/v2\/product\/144924","targetHints":{"allow":["GET"]}}],"collection":[{"href":"https:\/\/mod.wisdar.net\/tr\/wp-json\/wp\/v2\/product"}],"about":[{"href":"https:\/\/mod.wisdar.net\/tr\/wp-json\/wp\/v2\/types\/product"}],"replies":[{"embeddable":true,"href":"https:\/\/mod.wisdar.net\/tr\/wp-json\/wp\/v2\/comments?post=144924"}],"wp:featuredmedia":[{"embeddable":true,"href":"https:\/\/mod.wisdar.net\/tr\/wp-json\/wp\/v2\/media\/144920"}],"wp:attachment":[{"href":"https:\/\/mod.wisdar.net\/tr\/wp-json\/wp\/v2\/media?parent=144924"}],"wp:term":[{"taxonomy":"product_brand","embeddable":true,"href":"https:\/\/mod.wisdar.net\/tr\/wp-json\/wp\/v2\/product_brand?post=144924"},{"taxonomy":"product_cat","embeddable":true,"href":"https:\/\/mod.wisdar.net\/tr\/wp-json\/wp\/v2\/product_cat?post=144924"},{"taxonomy":"product_tag","embeddable":true,"href":"https:\/\/mod.wisdar.net\/tr\/wp-json\/wp\/v2\/product_tag?post=144924"}],"curies":[{"name":"wp","href":"https:\/\/api.w.org\/{rel}","templated":true}]}}