{"id":144992,"date":"2026-02-21T11:16:10","date_gmt":"2026-02-21T11:16:10","guid":{"rendered":"https:\/\/modesthanim.com\/product\/file-spor-ayakkabi\/"},"modified":"2026-04-04T22:51:42","modified_gmt":"2026-04-04T22:51:42","slug":"file-spor-ayakkabi","status":"publish","type":"product","link":"https:\/\/mod.wisdar.net\/tr\/urun\/file-spor-ayakkabi\/","title":{"rendered":"File Spor Ayakkab\u0131"},"content":{"rendered":"<p>Yumu\u015fak fileden, t\u00fcyl\u00fc kuma\u015f detayl\u0131, blok renkli spor ayakkab\u0131. \u00dcstte c\u0131rtc\u0131rt \u015feritli, \u00f6n\u00fc elastik ba\u011fc\u0131kl\u0131, kenar\u0131 ve dili ince dolgulu. Arkada grogren halkal\u0131. Pike astarl\u0131, ekstra rahatl\u0131k i\u00e7in teknik k\u00f6p\u00fck i\u00e7 tabanl\u0131. Desenli alt tabanl\u0131.<\/p>\n<p>\u2014 Technical Details \u2014<br \/>\npattern: Blok renkli<br \/>\nheel_height: Topuksuz<br \/>\nfootwear_style: Spor Ayakkab\u0131<br \/>\nsole_height: 2.8 cm (boyut 23)<br \/>\nquantity_sales_mode: Tek<\/p>\n","protected":false},"excerpt":{"rendered":"<p>Yumu\u015fak fileden, t\u00fcyl\u00fc kuma\u015f detayl\u0131, blok renkli spor ayakkab\u0131. \u00dcstte c\u0131rtc\u0131rt \u015feritli, \u00f6n\u00fc elastik ba\u011fc\u0131kl\u0131, kenar\u0131 ve dili ince dolgulu. Arkada grogren halkal\u0131. Pike astarl\u0131, ekstra rahatl\u0131k i\u00e7in teknik k\u00f6p\u00fck i\u00e7 tabanl\u0131. Desenli alt tabanl\u0131. \u2014 Technical Details \u2014 pattern: Blok renkli heel_height: Topuksuz footwear_style: Spor Ayakkab\u0131 sole_height: 2.8 cm (boyut 23) quantity_sales_mode: Tek<\/p>\n","protected":false},"featured_media":144988,"comment_status":"open","ping_status":"closed","template":"","meta":[],"product_brand":[],"product_cat":[8694,8697,8700],"product_tag":[10448,10342,10344,10446,10447,10346],"class_list":{"0":"post-144992","1":"product","2":"type-product","3":"status-publish","4":"has-post-thumbnail","6":"product_cat-cocuklar","7":"product_cat-yenidogan-0-12-ay","8":"product_cat-yenidogan-giyim","9":"product_tag-block-color","10":"product_tag-comfortable-sneakers","11":"product_tag-elastic-laces","12":"product_tag-fleece-shoes","13":"product_tag-sports-footwear","14":"product_tag-velcro-strap","15":"pa_brand-hm","16":"pa_color-acik-pembe","17":"pa_color-bej","18":"pa_color-koyu-mavi","19":"pa_size-18-19","20":"pa_size-20-21","21":"pa_size-10720","22":"pa_size-10726","23":"pa_size-7851","24":"pa_size-10734","26":"first","27":"outofstock","28":"shipping-taxable","29":"product-type-variable"},"_links":{"self":[{"href":"https:\/\/mod.wisdar.net\/tr\/wp-json\/wp\/v2\/product\/144992","targetHints":{"allow":["GET"]}}],"collection":[{"href":"https:\/\/mod.wisdar.net\/tr\/wp-json\/wp\/v2\/product"}],"about":[{"href":"https:\/\/mod.wisdar.net\/tr\/wp-json\/wp\/v2\/types\/product"}],"replies":[{"embeddable":true,"href":"https:\/\/mod.wisdar.net\/tr\/wp-json\/wp\/v2\/comments?post=144992"}],"wp:featuredmedia":[{"embeddable":true,"href":"https:\/\/mod.wisdar.net\/tr\/wp-json\/wp\/v2\/media\/144988"}],"wp:attachment":[{"href":"https:\/\/mod.wisdar.net\/tr\/wp-json\/wp\/v2\/media?parent=144992"}],"wp:term":[{"taxonomy":"product_brand","embeddable":true,"href":"https:\/\/mod.wisdar.net\/tr\/wp-json\/wp\/v2\/product_brand?post=144992"},{"taxonomy":"product_cat","embeddable":true,"href":"https:\/\/mod.wisdar.net\/tr\/wp-json\/wp\/v2\/product_cat?post=144992"},{"taxonomy":"product_tag","embeddable":true,"href":"https:\/\/mod.wisdar.net\/tr\/wp-json\/wp\/v2\/product_tag?post=144992"}],"curies":[{"name":"wp","href":"https:\/\/api.w.org\/{rel}","templated":true}]}}