{"id":145053,"date":"2026-02-21T11:18:29","date_gmt":"2026-02-21T11:18:29","guid":{"rendered":"https:\/\/modesthanim.com\/product\/spor-ayakkabi-7\/"},"modified":"2026-04-04T09:33:23","modified_gmt":"2026-04-04T09:33:23","slug":"spor-ayakkabi-7","status":"publish","type":"product","link":"https:\/\/mod.wisdar.net\/tr\/urun\/spor-ayakkabi-7\/","title":{"rendered":"Spor Ayakkab\u0131"},"content":{"rendered":"<p>\u00d6nde c\u0131rtc\u0131rtl\u0131 \u015feritli, kenar\u0131 ve dili dolgulu, arkada grogren halkal\u0131 spor ayakkab\u0131. File astarl\u0131, ekstra rahatl\u0131k i\u00e7in teknik k\u00f6p\u00fck i\u00e7 tabanl\u0131. Oluklu alt tabanl\u0131.<\/p>\n<p>\u2014 Technical Details \u2014<br \/>\nTopuk Y\u00fcksekli\u011fi: Topuksuz<br \/>\nAyakkab\u0131 Stili: Spor Ayakkab\u0131<br \/>\nAdet: Tek<br \/>\nA\u00e7\u0131klama: Beyaz\/Bej, Blok renkli<br \/>\nMateryal: Poli\u00fcretan malzeme<\/p>\n","protected":false},"excerpt":{"rendered":"<p>\u00d6nde c\u0131rtc\u0131rtl\u0131 \u015feritli, kenar\u0131 ve dili dolgulu, arkada grogren halkal\u0131 spor ayakkab\u0131. File astarl\u0131, ekstra rahatl\u0131k i\u00e7in teknik k\u00f6p\u00fck i\u00e7 tabanl\u0131. Oluklu alt tabanl\u0131. \u2014 Technical Details \u2014 Topuk Y\u00fcksekli\u011fi: Topuksuz Ayakkab\u0131 Stili: Spor Ayakkab\u0131 Adet: Tek A\u00e7\u0131klama: Beyaz\/Bej, Blok renkli Materyal: Poli\u00fcretan malzeme<\/p>\n","protected":false},"featured_media":145049,"comment_status":"open","ping_status":"closed","template":"","meta":[],"product_brand":[],"product_cat":[8694,8697,8700],"product_tag":[10327,10449,10358,10333],"class_list":{"0":"post-145053","1":"product","2":"type-product","3":"status-publish","4":"has-post-thumbnail","6":"product_cat-cocuklar","7":"product_cat-yenidogan-0-12-ay","8":"product_cat-yenidogan-giyim","9":"product_tag-athletic-footwear","10":"product_tag-casual-shoe","11":"product_tag-sneaker","12":"product_tag-sports-shoe","13":"pa_brand-hm","14":"pa_color-beyaz-bej-2","15":"pa_size-18-19","16":"pa_size-10720","17":"pa_size-10726","18":"pa_size-7851","19":"pa_size-10734","21":"first","22":"outofstock","23":"shipping-taxable","24":"product-type-variable"},"_links":{"self":[{"href":"https:\/\/mod.wisdar.net\/tr\/wp-json\/wp\/v2\/product\/145053","targetHints":{"allow":["GET"]}}],"collection":[{"href":"https:\/\/mod.wisdar.net\/tr\/wp-json\/wp\/v2\/product"}],"about":[{"href":"https:\/\/mod.wisdar.net\/tr\/wp-json\/wp\/v2\/types\/product"}],"replies":[{"embeddable":true,"href":"https:\/\/mod.wisdar.net\/tr\/wp-json\/wp\/v2\/comments?post=145053"}],"wp:featuredmedia":[{"embeddable":true,"href":"https:\/\/mod.wisdar.net\/tr\/wp-json\/wp\/v2\/media\/145049"}],"wp:attachment":[{"href":"https:\/\/mod.wisdar.net\/tr\/wp-json\/wp\/v2\/media?parent=145053"}],"wp:term":[{"taxonomy":"product_brand","embeddable":true,"href":"https:\/\/mod.wisdar.net\/tr\/wp-json\/wp\/v2\/product_brand?post=145053"},{"taxonomy":"product_cat","embeddable":true,"href":"https:\/\/mod.wisdar.net\/tr\/wp-json\/wp\/v2\/product_cat?post=145053"},{"taxonomy":"product_tag","embeddable":true,"href":"https:\/\/mod.wisdar.net\/tr\/wp-json\/wp\/v2\/product_tag?post=145053"}],"curies":[{"name":"wp","href":"https:\/\/api.w.org\/{rel}","templated":true}]}}