{"id":145090,"date":"2026-02-21T11:20:34","date_gmt":"2026-02-21T11:20:34","guid":{"rendered":"https:\/\/modesthanim.com\/product\/pamuklu-spor-ayakkabi\/"},"modified":"2026-04-04T22:22:11","modified_gmt":"2026-04-04T22:22:11","slug":"pamuklu-spor-ayakkabi","status":"publish","type":"product","link":"https:\/\/mod.wisdar.net\/tr\/urun\/pamuklu-spor-ayakkabi\/","title":{"rendered":"Pamuklu Spor Ayakkab\u0131"},"content":{"rendered":"<p>Pamuklu kanvastan, \u00f6n\u00fc c\u0131rtc\u0131rt \u015feritli, arkada grogren halkal\u0131 spor ayakkab\u0131. Kanvas astarl\u0131, ekstra rahatl\u0131k i\u00e7in teknik k\u00f6p\u00fck i\u00e7 tabanl\u0131. Desenli alt tabanl\u0131.<\/p>\n<p>\u2014 Technical Details \u2014<br \/>\nmaterial: Pamuk, Kanvas<br \/>\npattern: \u00c7izgili<br \/>\nheel_height: Topuksuz<br \/>\nfootwear_style: Spor Ayakkab\u0131<br \/>\nsole_height: 2.3 cm (boyut 23)<br \/>\nquantity: Tek<br \/>\ndescription_detailed: Beyaz, D\u00fcz renkli<\/p>\n","protected":false},"excerpt":{"rendered":"<p>Pamuklu kanvastan, \u00f6n\u00fc c\u0131rtc\u0131rt \u015feritli, arkada grogren halkal\u0131 spor ayakkab\u0131. Kanvas astarl\u0131, ekstra rahatl\u0131k i\u00e7in teknik k\u00f6p\u00fck i\u00e7 tabanl\u0131. Desenli alt tabanl\u0131. \u2014 Technical Details \u2014 material: Pamuk, Kanvas pattern: \u00c7izgili heel_height: Topuksuz footwear_style: Spor Ayakkab\u0131 sole_height: 2.3 cm (boyut 23) quantity: Tek description_detailed: Beyaz, D\u00fcz renkli<\/p>\n","protected":false},"featured_media":145086,"comment_status":"open","ping_status":"closed","template":"","meta":[],"product_brand":[],"product_cat":[8694,8697,8700],"product_tag":[7426],"class_list":{"0":"post-145090","1":"product","2":"type-product","3":"status-publish","4":"has-post-thumbnail","6":"product_cat-cocuklar","7":"product_cat-yenidogan-0-12-ay","8":"product_cat-yenidogan-giyim","9":"product_tag-gunluk-giyim-3","10":"pa_brand-hm","11":"pa_color-beyaz","12":"pa_size-18-19","13":"pa_size-20-21","14":"pa_size-10720","15":"pa_size-10726","16":"pa_size-7851","17":"pa_size-10734","19":"first","20":"outofstock","21":"shipping-taxable","22":"product-type-variable"},"_links":{"self":[{"href":"https:\/\/mod.wisdar.net\/tr\/wp-json\/wp\/v2\/product\/145090","targetHints":{"allow":["GET"]}}],"collection":[{"href":"https:\/\/mod.wisdar.net\/tr\/wp-json\/wp\/v2\/product"}],"about":[{"href":"https:\/\/mod.wisdar.net\/tr\/wp-json\/wp\/v2\/types\/product"}],"replies":[{"embeddable":true,"href":"https:\/\/mod.wisdar.net\/tr\/wp-json\/wp\/v2\/comments?post=145090"}],"wp:featuredmedia":[{"embeddable":true,"href":"https:\/\/mod.wisdar.net\/tr\/wp-json\/wp\/v2\/media\/145086"}],"wp:attachment":[{"href":"https:\/\/mod.wisdar.net\/tr\/wp-json\/wp\/v2\/media?parent=145090"}],"wp:term":[{"taxonomy":"product_brand","embeddable":true,"href":"https:\/\/mod.wisdar.net\/tr\/wp-json\/wp\/v2\/product_brand?post=145090"},{"taxonomy":"product_cat","embeddable":true,"href":"https:\/\/mod.wisdar.net\/tr\/wp-json\/wp\/v2\/product_cat?post=145090"},{"taxonomy":"product_tag","embeddable":true,"href":"https:\/\/mod.wisdar.net\/tr\/wp-json\/wp\/v2\/product_tag?post=145090"}],"curies":[{"name":"wp","href":"https:\/\/api.w.org\/{rel}","templated":true}]}}