{"id":145129,"date":"2026-02-21T14:01:57","date_gmt":"2026-02-21T14:01:57","guid":{"rendered":"https:\/\/modesthanim.com\/product\/%100-pamuklu-kaktus-desenli-2li-atlet-erkek-cocuk\/"},"modified":"2026-04-15T22:37:40","modified_gmt":"2026-04-15T22:37:40","slug":"%100-pamuklu-kaktus-desenli-2li-atlet-erkek-cocuk","status":"publish","type":"product","link":"https:\/\/mod.wisdar.net\/tr\/urun\/%100-pamuklu-kaktus-desenli-2li-atlet-erkek-cocuk\/","title":{"rendered":"%100 Pamuklu Kakt\u00fcs Desenli 2&#8217;li Atlet Erkek \u00c7ocuk"},"content":{"rendered":"<p>%100 pamuklu kuma\u015f\u0131 sayesinde yumu\u015fak dokusu ve nefes alabilen yap\u0131s\u0131yla g\u00fcn boyu konfor sunar. E\u011flenceli kakt\u00fcs desenleri ile enerjik bir g\u00f6r\u00fcn\u00fcm kazand\u0131r\u0131rken, esnek yap\u0131s\u0131 hareket \u00f6zg\u00fcrl\u00fc\u011f\u00fc sa\u011flar.<\/p>\n","protected":false},"excerpt":{"rendered":"<p>%100 pamuklu kuma\u015f\u0131 sayesinde yumu\u015fak dokusu ve nefes alabilen yap\u0131s\u0131yla g\u00fcn boyu konfor sunar. E\u011flenceli kakt\u00fcs desenleri ile enerjik bir g\u00f6r\u00fcn\u00fcm kazand\u0131r\u0131rken, esnek yap\u0131s\u0131 hareket \u00f6zg\u00fcrl\u00fc\u011f\u00fc sa\u011flar.<\/p>\n","protected":false},"featured_media":145125,"comment_status":"open","ping_status":"closed","template":"","meta":[],"product_brand":[],"product_cat":[8739,8757,8694],"product_tag":[8950,10452,10453,9622,10454],"class_list":{"0":"post-145129","1":"product","2":"type-product","3":"status-publish","4":"has-post-thumbnail","6":"product_cat-erkek-cocuklar-2-14-yas","7":"product_cat-ic-giyim","8":"product_cat-cocuklar","9":"product_tag-2-pack","10":"product_tag-boys-tank-top","11":"product_tag-cactus-print","12":"product_tag-cotton-tank","13":"product_tag-kids-activewear-2","14":"pa_brand-defacto","15":"pa_color-beyaz","16":"pa_size-11-12-yas-152cm","17":"pa_size-3-4-yas-104-cm","18":"pa_size-4-5-yas-110cm","19":"pa_size-5-6-yas-116cm","20":"pa_size-7-8-yas-128cm","21":"pa_size-9-10-yas-140cm","23":"first","24":"outofstock","25":"shipping-taxable","26":"product-type-variable"},"_links":{"self":[{"href":"https:\/\/mod.wisdar.net\/tr\/wp-json\/wp\/v2\/product\/145129","targetHints":{"allow":["GET"]}}],"collection":[{"href":"https:\/\/mod.wisdar.net\/tr\/wp-json\/wp\/v2\/product"}],"about":[{"href":"https:\/\/mod.wisdar.net\/tr\/wp-json\/wp\/v2\/types\/product"}],"replies":[{"embeddable":true,"href":"https:\/\/mod.wisdar.net\/tr\/wp-json\/wp\/v2\/comments?post=145129"}],"wp:featuredmedia":[{"embeddable":true,"href":"https:\/\/mod.wisdar.net\/tr\/wp-json\/wp\/v2\/media\/145125"}],"wp:attachment":[{"href":"https:\/\/mod.wisdar.net\/tr\/wp-json\/wp\/v2\/media?parent=145129"}],"wp:term":[{"taxonomy":"product_brand","embeddable":true,"href":"https:\/\/mod.wisdar.net\/tr\/wp-json\/wp\/v2\/product_brand?post=145129"},{"taxonomy":"product_cat","embeddable":true,"href":"https:\/\/mod.wisdar.net\/tr\/wp-json\/wp\/v2\/product_cat?post=145129"},{"taxonomy":"product_tag","embeddable":true,"href":"https:\/\/mod.wisdar.net\/tr\/wp-json\/wp\/v2\/product_tag?post=145129"}],"curies":[{"name":"wp","href":"https:\/\/api.w.org\/{rel}","templated":true}]}}