{"id":145166,"date":"2026-02-21T14:03:02","date_gmt":"2026-02-21T14:03:02","guid":{"rendered":"https:\/\/modesthanim.com\/product\/desenli-2li-boxer-kiz-cocuk\/"},"modified":"2026-03-18T15:41:26","modified_gmt":"2026-03-18T15:41:26","slug":"desenli-2li-boxer-kiz-cocuk","status":"publish","type":"product","link":"https:\/\/mod.wisdar.net\/tr\/urun\/desenli-2li-boxer-kiz-cocuk\/","title":{"rendered":"Desenli 2&#8217;li Boxer K\u0131z \u00c7ocuk"},"content":{"rendered":"<p>K\u0131z \u00e7ocuklar i\u00e7in tasarlanan desenli 2\u2019li boxer seti, nefes alabilen ve esnek yap\u0131s\u0131yla rahat bir kullan\u0131m sunar. Sevimli desenleri sayesinde g\u00fcnl\u00fck i\u00e7 giyimde hem konforlu hem de e\u011flenceli bir tercih olur.<\/p>\n","protected":false},"excerpt":{"rendered":"<p>K\u0131z \u00e7ocuklar i\u00e7in tasarlanan desenli 2\u2019li boxer seti, nefes alabilen ve esnek yap\u0131s\u0131yla rahat bir kullan\u0131m sunar. Sevimli desenleri sayesinde g\u00fcnl\u00fck i\u00e7 giyimde hem konforlu hem de e\u011flenceli bir tercih olur.<\/p>\n","protected":false},"featured_media":145162,"comment_status":"open","ping_status":"closed","template":"","meta":[],"product_brand":[],"product_cat":[8733,8715,8694],"product_tag":[],"class_list":{"0":"post-145166","1":"product","2":"type-product","3":"status-publish","4":"has-post-thumbnail","6":"product_cat-ic-giyim","7":"product_cat-kiz-cocuklari-2-14-yas","8":"product_cat-cocuklar","9":"pa_brand-defacto","10":"pa_color-acik-pembe","11":"pa_size-2-3-yas-98cm","12":"pa_size-3-4-yas-104-cm","13":"pa_size-4-5-yas-110cm","14":"pa_size-5-6-yas-116cm","15":"pa_size-7-8-yas-128cm","17":"first","18":"instock","19":"sale","20":"shipping-taxable","21":"purchasable","22":"product-type-variable"},"_links":{"self":[{"href":"https:\/\/mod.wisdar.net\/tr\/wp-json\/wp\/v2\/product\/145166","targetHints":{"allow":["GET"]}}],"collection":[{"href":"https:\/\/mod.wisdar.net\/tr\/wp-json\/wp\/v2\/product"}],"about":[{"href":"https:\/\/mod.wisdar.net\/tr\/wp-json\/wp\/v2\/types\/product"}],"replies":[{"embeddable":true,"href":"https:\/\/mod.wisdar.net\/tr\/wp-json\/wp\/v2\/comments?post=145166"}],"wp:featuredmedia":[{"embeddable":true,"href":"https:\/\/mod.wisdar.net\/tr\/wp-json\/wp\/v2\/media\/145162"}],"wp:attachment":[{"href":"https:\/\/mod.wisdar.net\/tr\/wp-json\/wp\/v2\/media?parent=145166"}],"wp:term":[{"taxonomy":"product_brand","embeddable":true,"href":"https:\/\/mod.wisdar.net\/tr\/wp-json\/wp\/v2\/product_brand?post=145166"},{"taxonomy":"product_cat","embeddable":true,"href":"https:\/\/mod.wisdar.net\/tr\/wp-json\/wp\/v2\/product_cat?post=145166"},{"taxonomy":"product_tag","embeddable":true,"href":"https:\/\/mod.wisdar.net\/tr\/wp-json\/wp\/v2\/product_tag?post=145166"}],"curies":[{"name":"wp","href":"https:\/\/api.w.org\/{rel}","templated":true}]}}