{"id":145288,"date":"2026-02-21T14:07:47","date_gmt":"2026-02-21T14:07:47","guid":{"rendered":"https:\/\/modesthanim.com\/product\/erkek-cocuk-desenli-3lu-boxer\/"},"modified":"2026-03-05T19:06:26","modified_gmt":"2026-03-05T19:06:26","slug":"erkek-cocuk-desenli-3lu-boxer","status":"publish","type":"product","link":"https:\/\/mod.wisdar.net\/tr\/urun\/erkek-cocuk-desenli-3lu-boxer\/","title":{"rendered":"Erkek \u00c7ocuk Desenli 3&#8217;l\u00fc Boxer"},"content":{"rendered":"<p>Erkek \u00e7ocuklar i\u00e7in desenli 3\u2019l\u00fc boxer seti, yumu\u015fak ve esnek kuma\u015f\u0131yla konforlu bir kullan\u0131m sunar. Renkli ve e\u011flenceli desenleriyle g\u00fcnl\u00fck i\u00e7 giyim tercihleri aras\u0131nda \u00f6ne \u00e7\u0131kar.<\/p>\n","protected":false},"excerpt":{"rendered":"<p>Erkek \u00e7ocuklar i\u00e7in desenli 3\u2019l\u00fc boxer seti, yumu\u015fak ve esnek kuma\u015f\u0131yla konforlu bir kullan\u0131m sunar. Renkli ve e\u011flenceli desenleriyle g\u00fcnl\u00fck i\u00e7 giyim tercihleri aras\u0131nda \u00f6ne \u00e7\u0131kar.<\/p>\n","protected":false},"featured_media":145282,"comment_status":"open","ping_status":"closed","template":"","meta":[],"product_brand":[],"product_cat":[8739,8757,8694],"product_tag":[],"class_list":{"0":"post-145288","1":"product","2":"type-product","3":"status-publish","4":"has-post-thumbnail","6":"product_cat-erkek-cocuklar-2-14-yas","7":"product_cat-ic-giyim","8":"product_cat-cocuklar","9":"pa_brand-defacto","10":"pa_color-kirmizi","11":"pa_size-11-12-yas-152cm","12":"pa_size-13-14-yas-164cm","13":"pa_size-7-8-yas-128cm","14":"pa_size-9-10-yas-140cm","16":"first","17":"outofstock","18":"shipping-taxable","19":"product-type-variable"},"_links":{"self":[{"href":"https:\/\/mod.wisdar.net\/tr\/wp-json\/wp\/v2\/product\/145288","targetHints":{"allow":["GET"]}}],"collection":[{"href":"https:\/\/mod.wisdar.net\/tr\/wp-json\/wp\/v2\/product"}],"about":[{"href":"https:\/\/mod.wisdar.net\/tr\/wp-json\/wp\/v2\/types\/product"}],"replies":[{"embeddable":true,"href":"https:\/\/mod.wisdar.net\/tr\/wp-json\/wp\/v2\/comments?post=145288"}],"wp:featuredmedia":[{"embeddable":true,"href":"https:\/\/mod.wisdar.net\/tr\/wp-json\/wp\/v2\/media\/145282"}],"wp:attachment":[{"href":"https:\/\/mod.wisdar.net\/tr\/wp-json\/wp\/v2\/media?parent=145288"}],"wp:term":[{"taxonomy":"product_brand","embeddable":true,"href":"https:\/\/mod.wisdar.net\/tr\/wp-json\/wp\/v2\/product_brand?post=145288"},{"taxonomy":"product_cat","embeddable":true,"href":"https:\/\/mod.wisdar.net\/tr\/wp-json\/wp\/v2\/product_cat?post=145288"},{"taxonomy":"product_tag","embeddable":true,"href":"https:\/\/mod.wisdar.net\/tr\/wp-json\/wp\/v2\/product_tag?post=145288"}],"curies":[{"name":"wp","href":"https:\/\/api.w.org\/{rel}","templated":true}]}}