{"id":14530,"date":"2025-11-07T20:16:06","date_gmt":"2025-11-01T22:06:57","guid":{"rendered":"https:\/\/modesthanim.com\/product\/kesik-detayli-ribana-tunik-bej\/"},"modified":"2026-03-26T04:34:27","modified_gmt":"2026-03-26T04:34:27","slug":"kesik-detayli-ribana-tunik-bej","status":"publish","type":"product","link":"https:\/\/mod.wisdar.net\/tr\/urun\/kesik-detayli-ribana-tunik-bej\/","title":{"rendered":"Kesik Detayl\u0131 Ribana Tunik \u2013 Bej"},"content":{"rendered":"<p>Modern kesim detaylar\u0131 ve ribana dokusu ile dikkat \u00e7eken bu tunik, sportif \u015f\u0131kl\u0131k i\u00e7in cesur bir par\u00e7ad\u0131r. Rahat kal\u0131b\u0131 ile g\u00fcnl\u00fck kullan\u0131m i\u00e7in uygundur.<\/p>\n<p>Kuma\u015f \u0130\u00e7eri\u011fi: %100 Polyester<br \/>\nDesen: D\u00fcz<br \/>\nYaka Tipi: Yuvarlak Yaka<br \/>\nKol Tipi: Uzun Kol<br \/>\nCep: Cepsiz<br \/>\nAstar: Astars\u0131z<br \/>\n\u00dcr\u00fcn Uzunlu\u011fu: 85 cm<br \/>\nKal\u0131p: Rahat Kal\u0131p<br \/>\nModelin Giydi\u011fi Beden: 38<\/p>\n<p>Model \u00d6l\u00e7\u00fcleri: Boy: 176 cm, G\u00f6\u011f\u00fcs: 86 cm, Bel: 61 cm, Kal\u00e7a: 90 cm<\/p>\n<p>\u2014 Teknik Detaylar \u2014<br \/>\nDesen: D\u00fcz<br \/>\nYaka Tipi: Yuvarlak Yaka<br \/>\nKol Tipi: Uzun Kol<br \/>\nCep: Cepsiz<br \/>\nAstar: Astars\u0131z<br \/>\n\u00dcr\u00fcn Uzunlu\u011fu: 85 cm<br \/>\nKal\u0131p: Rahat Kal\u0131p<br \/>\nModelin Giydi\u011fi Beden: 38<br \/>\nModel \u00d6l\u00e7\u00fcleri: Boy: 176 cm, G\u00f6\u011f\u00fcs: 86 cm, Bel: 61 cm, Kal\u00e7a: 90 cm<\/p>\n","protected":false},"excerpt":{"rendered":"<p>Modern kesim detaylar\u0131 ve ribana dokusu ile dikkat \u00e7eken bu tunik, sportif \u015f\u0131kl\u0131k i\u00e7in cesur bir par\u00e7ad\u0131r. Rahat kal\u0131b\u0131 ile g\u00fcnl\u00fck kullan\u0131m i\u00e7in uygundur. Kuma\u015f \u0130\u00e7eri\u011fi: %100 Polyester Desen: D\u00fcz Yaka Tipi: Yuvarlak Yaka Kol Tipi: Uzun Kol Cep: Cepsiz Astar: Astars\u0131z \u00dcr\u00fcn Uzunlu\u011fu: 85 cm Kal\u0131p: Rahat Kal\u0131p Modelin Giydi\u011fi Beden: 38 Model \u00d6l\u00e7\u00fcleri: [&hellip;]<\/p>\n","protected":false},"featured_media":0,"comment_status":"open","ping_status":"closed","template":"","meta":[],"product_brand":[],"product_cat":[2050,1909],"product_tag":[7643,7419,5013,6751],"class_list":{"0":"post-14530","1":"product","2":"type-product","3":"status-publish","5":"product_cat-blazer-ceketler","6":"product_cat-bluzlar-ve-gomlekler","7":"product_tag-fitilli","8":"product_tag-gunluk","9":"product_tag-modern","10":"product_tag-rahat","11":"pa_color-bej","12":"pa_size-4706","13":"pa_size-4711","14":"pa_size-4713","15":"pa_size-4751","16":"pa_size-4749","17":"pa_size-4747","19":"first","20":"instock","21":"sale","22":"shipping-taxable","23":"purchasable","24":"product-type-variable"},"_links":{"self":[{"href":"https:\/\/mod.wisdar.net\/tr\/wp-json\/wp\/v2\/product\/14530","targetHints":{"allow":["GET"]}}],"collection":[{"href":"https:\/\/mod.wisdar.net\/tr\/wp-json\/wp\/v2\/product"}],"about":[{"href":"https:\/\/mod.wisdar.net\/tr\/wp-json\/wp\/v2\/types\/product"}],"replies":[{"embeddable":true,"href":"https:\/\/mod.wisdar.net\/tr\/wp-json\/wp\/v2\/comments?post=14530"}],"wp:attachment":[{"href":"https:\/\/mod.wisdar.net\/tr\/wp-json\/wp\/v2\/media?parent=14530"}],"wp:term":[{"taxonomy":"product_brand","embeddable":true,"href":"https:\/\/mod.wisdar.net\/tr\/wp-json\/wp\/v2\/product_brand?post=14530"},{"taxonomy":"product_cat","embeddable":true,"href":"https:\/\/mod.wisdar.net\/tr\/wp-json\/wp\/v2\/product_cat?post=14530"},{"taxonomy":"product_tag","embeddable":true,"href":"https:\/\/mod.wisdar.net\/tr\/wp-json\/wp\/v2\/product_tag?post=14530"}],"curies":[{"name":"wp","href":"https:\/\/api.w.org\/{rel}","templated":true}]}}