{"id":145301,"date":"2026-02-21T14:07:53","date_gmt":"2026-02-21T14:07:53","guid":{"rendered":"https:\/\/modesthanim.com\/product\/2li-bra-kiz-cocuk\/"},"modified":"2026-03-05T19:13:42","modified_gmt":"2026-03-05T19:13:42","slug":"2li-bra-kiz-cocuk","status":"publish","type":"product","link":"https:\/\/mod.wisdar.net\/tr\/urun\/2li-bra-kiz-cocuk\/","title":{"rendered":"2&#8217;li Bra K\u0131z \u00c7ocuk"},"content":{"rendered":"<p>K\u0131z \u00e7ocuklar\u0131 i\u00e7in tasarlanm\u0131\u015f 2\u2019li bra seti, yumu\u015fak ve esnek kuma\u015f\u0131yla rahatl\u0131k sa\u011flar. Sade ve \u015f\u0131k tasar\u0131m\u0131yla gen\u00e7 k\u0131zlar\u0131n g\u00fcnl\u00fck kullan\u0131m\u0131na ideal bir se\u00e7enektir.<\/p>\n","protected":false},"excerpt":{"rendered":"<p>K\u0131z \u00e7ocuklar\u0131 i\u00e7in tasarlanm\u0131\u015f 2\u2019li bra seti, yumu\u015fak ve esnek kuma\u015f\u0131yla rahatl\u0131k sa\u011flar. Sade ve \u015f\u0131k tasar\u0131m\u0131yla gen\u00e7 k\u0131zlar\u0131n g\u00fcnl\u00fck kullan\u0131m\u0131na ideal bir se\u00e7enektir.<\/p>\n","protected":false},"featured_media":145285,"comment_status":"open","ping_status":"closed","template":"","meta":[],"product_brand":[],"product_cat":[8733,8715,8694],"product_tag":[],"class_list":{"0":"post-145301","1":"product","2":"type-product","3":"status-publish","4":"has-post-thumbnail","6":"product_cat-ic-giyim","7":"product_cat-kiz-cocuklari-2-14-yas","8":"product_cat-cocuklar","9":"pa_brand-defacto","10":"pa_color-acik-sari","11":"pa_size-11-12-yas-152cm","12":"pa_size-13-14-yas-164cm","13":"pa_size-7-8-yas-128cm","14":"pa_size-9-10-yas-140cm","16":"first","17":"instock","18":"sale","19":"shipping-taxable","20":"purchasable","21":"product-type-variable"},"_links":{"self":[{"href":"https:\/\/mod.wisdar.net\/tr\/wp-json\/wp\/v2\/product\/145301","targetHints":{"allow":["GET"]}}],"collection":[{"href":"https:\/\/mod.wisdar.net\/tr\/wp-json\/wp\/v2\/product"}],"about":[{"href":"https:\/\/mod.wisdar.net\/tr\/wp-json\/wp\/v2\/types\/product"}],"replies":[{"embeddable":true,"href":"https:\/\/mod.wisdar.net\/tr\/wp-json\/wp\/v2\/comments?post=145301"}],"wp:featuredmedia":[{"embeddable":true,"href":"https:\/\/mod.wisdar.net\/tr\/wp-json\/wp\/v2\/media\/145285"}],"wp:attachment":[{"href":"https:\/\/mod.wisdar.net\/tr\/wp-json\/wp\/v2\/media?parent=145301"}],"wp:term":[{"taxonomy":"product_brand","embeddable":true,"href":"https:\/\/mod.wisdar.net\/tr\/wp-json\/wp\/v2\/product_brand?post=145301"},{"taxonomy":"product_cat","embeddable":true,"href":"https:\/\/mod.wisdar.net\/tr\/wp-json\/wp\/v2\/product_cat?post=145301"},{"taxonomy":"product_tag","embeddable":true,"href":"https:\/\/mod.wisdar.net\/tr\/wp-json\/wp\/v2\/product_tag?post=145301"}],"curies":[{"name":"wp","href":"https:\/\/api.w.org\/{rel}","templated":true}]}}