{"id":145347,"date":"2026-02-21T14:15:54","date_gmt":"2026-02-21T14:15:54","guid":{"rendered":"https:\/\/modesthanim.com\/product\/kalp-desenli-3lu-slip-kulot-kiz-cocuk\/"},"modified":"2026-04-13T05:41:37","modified_gmt":"2026-04-13T05:41:37","slug":"kalp-desenli-3lu-slip-kulot-kiz-cocuk","status":"publish","type":"product","link":"https:\/\/mod.wisdar.net\/tr\/urun\/kalp-desenli-3lu-slip-kulot-kiz-cocuk\/","title":{"rendered":"Kalp Desenli 3&#8217;l\u00fc Slip K\u00fclot K\u0131z \u00c7ocuk"},"content":{"rendered":"<p>Arad\u0131\u011f\u0131n Pembe K\u0131z \u00c7ocuk \u2013 Gen\u00e7 K\u0131z Kalp Desenli 3&#8217;l\u00fc Slip K\u00fclot K\u0131z \u00c7ocuk en uygun fiyatla DeFacto&#8217;da! Yeni sezon Pembe K\u0131z \u00c7ocuk \u2013 Gen\u00e7 K\u0131z Kalp Desenli 3&#8217;l\u00fc Slip K\u00fclot K\u0131z \u00c7ocuk i\u00e7in hemen DeFacto&#8217;ya t\u0131kla!<\/p>\n<p>\u2014 Technical Details \u2014<br \/>\nKal\u0131p: Regular F\u0131t<br \/>\nCinsiyet: K\u0131z \u00c7ocuk<br \/>\nTak\u0131m \u0130\u00e7eri\u011fi: 3&#8217;l\u00fc<br \/>\n\u0130\u00e7 Giyim Kategori: Slip K\u00fclot<br \/>\nMarka: Defacto<br \/>\nMen\u015fei: TR<br \/>\n\u00dcr\u00fcn Grubu: K\u0131z \u00c7ocuk \u2013 Gen\u00e7 K\u0131z \u0130\u00e7 Giyim<\/p>\n","protected":false},"excerpt":{"rendered":"<p>Arad\u0131\u011f\u0131n Pembe K\u0131z \u00c7ocuk \u2013 Gen\u00e7 K\u0131z Kalp Desenli 3&#8217;l\u00fc Slip K\u00fclot K\u0131z \u00c7ocuk en uygun fiyatla DeFacto&#8217;da! Yeni sezon Pembe K\u0131z \u00c7ocuk \u2013 Gen\u00e7 K\u0131z Kalp Desenli 3&#8217;l\u00fc Slip K\u00fclot K\u0131z \u00c7ocuk i\u00e7in hemen DeFacto&#8217;ya t\u0131kla! \u2014 Technical Details \u2014 Kal\u0131p: Regular F\u0131t Cinsiyet: K\u0131z \u00c7ocuk Tak\u0131m \u0130\u00e7eri\u011fi: 3&#8217;l\u00fc \u0130\u00e7 Giyim Kategori: Slip K\u00fclot [&hellip;]<\/p>\n","protected":false},"featured_media":145343,"comment_status":"open","ping_status":"closed","template":"","meta":[],"product_brand":[],"product_cat":[8733,8715,8694],"product_tag":[10474,10475,10472,10473],"class_list":{"0":"post-145347","1":"product","2":"type-product","3":"status-publish","4":"has-post-thumbnail","6":"product_cat-ic-giyim","7":"product_cat-kiz-cocuklari-2-14-yas","8":"product_cat-cocuklar","9":"product_tag-girls-teen-girls-heart-pattern-3-pack-slip-panties","10":"product_tag-heart-pattern-3-pack-slip-panties-for-girls","11":"product_tag-pink-girls-teen-girls-heart-pattern-3-pack-slip-panties","12":"product_tag-pink-heart-pattern-3-pack-slip-panties-for-girls","13":"pa_brand-defacto","14":"pa_color-acik-pembe","15":"pa_size-11-12-yas-152cm","16":"pa_size-3-4-yas-104-cm","17":"pa_size-4-5-yas-110cm","18":"pa_size-5-6-yas-116cm","19":"pa_size-7-8-yas-128cm","20":"pa_size-9-10-yas-140cm","22":"first","23":"instock","24":"sale","25":"shipping-taxable","26":"purchasable","27":"product-type-variable"},"_links":{"self":[{"href":"https:\/\/mod.wisdar.net\/tr\/wp-json\/wp\/v2\/product\/145347","targetHints":{"allow":["GET"]}}],"collection":[{"href":"https:\/\/mod.wisdar.net\/tr\/wp-json\/wp\/v2\/product"}],"about":[{"href":"https:\/\/mod.wisdar.net\/tr\/wp-json\/wp\/v2\/types\/product"}],"replies":[{"embeddable":true,"href":"https:\/\/mod.wisdar.net\/tr\/wp-json\/wp\/v2\/comments?post=145347"}],"wp:featuredmedia":[{"embeddable":true,"href":"https:\/\/mod.wisdar.net\/tr\/wp-json\/wp\/v2\/media\/145343"}],"wp:attachment":[{"href":"https:\/\/mod.wisdar.net\/tr\/wp-json\/wp\/v2\/media?parent=145347"}],"wp:term":[{"taxonomy":"product_brand","embeddable":true,"href":"https:\/\/mod.wisdar.net\/tr\/wp-json\/wp\/v2\/product_brand?post=145347"},{"taxonomy":"product_cat","embeddable":true,"href":"https:\/\/mod.wisdar.net\/tr\/wp-json\/wp\/v2\/product_cat?post=145347"},{"taxonomy":"product_tag","embeddable":true,"href":"https:\/\/mod.wisdar.net\/tr\/wp-json\/wp\/v2\/product_tag?post=145347"}],"curies":[{"name":"wp","href":"https:\/\/api.w.org\/{rel}","templated":true}]}}