{"id":145434,"date":"2026-02-21T14:22:44","date_gmt":"2026-02-21T14:22:44","guid":{"rendered":"https:\/\/modesthanim.com\/product\/5li-boxer-erkek-cocuk\/"},"modified":"2026-04-13T05:40:52","modified_gmt":"2026-04-13T05:40:52","slug":"5li-boxer-erkek-cocuk","status":"publish","type":"product","link":"https:\/\/mod.wisdar.net\/tr\/urun\/5li-boxer-erkek-cocuk\/","title":{"rendered":"5&#8217;li Boxer Erkek \u00c7ocuk"},"content":{"rendered":"<p>Erkek \u00e7ocuk 5\u2019li boxer, yumu\u015fak ve esnek kuma\u015f\u0131yla g\u00fcn boyu rahatl\u0131k sa\u011flar. Farkl\u0131 renk ve desen se\u00e7enekleriyle g\u00fcnl\u00fck kullan\u0131m i\u00e7in pratik bir tercih sunar.<\/p>\n<p>\u2014 Technical Details \u2014<br \/>\nTak\u0131m \u0130\u00e7eri\u011fi: 5&#8217;li<br \/>\nRenk: Lacivert<br \/>\nKal\u0131p: Regular F\u0131t<br \/>\n\u0130\u00e7 Giyim Kategori: Boxer<br \/>\nCinsiyet: Erkek \u00c7ocuk<br \/>\nMen\u015fei: TR<br \/>\n\u00dcr\u00fcn Grubu: Erkek \u00c7ocuk \u2013 Gen\u00e7 Erkek \u0130\u00e7 Giyim<\/p>\n","protected":false},"excerpt":{"rendered":"<p>Erkek \u00e7ocuk 5\u2019li boxer, yumu\u015fak ve esnek kuma\u015f\u0131yla g\u00fcn boyu rahatl\u0131k sa\u011flar. Farkl\u0131 renk ve desen se\u00e7enekleriyle g\u00fcnl\u00fck kullan\u0131m i\u00e7in pratik bir tercih sunar. \u2014 Technical Details \u2014 Tak\u0131m \u0130\u00e7eri\u011fi: 5&#8217;li Renk: Lacivert Kal\u0131p: Regular F\u0131t \u0130\u00e7 Giyim Kategori: Boxer Cinsiyet: Erkek \u00c7ocuk Men\u015fei: TR \u00dcr\u00fcn Grubu: Erkek \u00c7ocuk \u2013 Gen\u00e7 Erkek \u0130\u00e7 Giyim<\/p>\n","protected":false},"featured_media":145430,"comment_status":"open","ping_status":"closed","template":"","meta":[],"product_brand":[],"product_cat":[8739,8757,8694],"product_tag":[10485,10483,10481,10480],"class_list":{"0":"post-145434","1":"product","2":"type-product","3":"status-publish","4":"has-post-thumbnail","6":"product_cat-erkek-cocuklar-2-14-yas","7":"product_cat-ic-giyim","8":"product_cat-cocuklar","9":"product_tag-5-pack-boys-boxers","10":"product_tag-boys-teen-boys-5-pack-boys-boxers","11":"product_tag-navy-blue-5-pack-boys-boxers","12":"product_tag-navy-blue-boys-teen-boys-5-pack-boys-boxers","13":"pa_brand-defacto","14":"pa_color-lacivert","15":"pa_size-11-12-yas-152cm","16":"pa_size-3-4-yas-104-cm","17":"pa_size-4-5-yas-110cm","18":"pa_size-5-6-yas-116cm","19":"pa_size-7-8-yas-128cm","20":"pa_size-9-10-yas-140cm","22":"first","23":"instock","24":"sale","25":"shipping-taxable","26":"purchasable","27":"product-type-variable"},"_links":{"self":[{"href":"https:\/\/mod.wisdar.net\/tr\/wp-json\/wp\/v2\/product\/145434","targetHints":{"allow":["GET"]}}],"collection":[{"href":"https:\/\/mod.wisdar.net\/tr\/wp-json\/wp\/v2\/product"}],"about":[{"href":"https:\/\/mod.wisdar.net\/tr\/wp-json\/wp\/v2\/types\/product"}],"replies":[{"embeddable":true,"href":"https:\/\/mod.wisdar.net\/tr\/wp-json\/wp\/v2\/comments?post=145434"}],"wp:featuredmedia":[{"embeddable":true,"href":"https:\/\/mod.wisdar.net\/tr\/wp-json\/wp\/v2\/media\/145430"}],"wp:attachment":[{"href":"https:\/\/mod.wisdar.net\/tr\/wp-json\/wp\/v2\/media?parent=145434"}],"wp:term":[{"taxonomy":"product_brand","embeddable":true,"href":"https:\/\/mod.wisdar.net\/tr\/wp-json\/wp\/v2\/product_brand?post=145434"},{"taxonomy":"product_cat","embeddable":true,"href":"https:\/\/mod.wisdar.net\/tr\/wp-json\/wp\/v2\/product_cat?post=145434"},{"taxonomy":"product_tag","embeddable":true,"href":"https:\/\/mod.wisdar.net\/tr\/wp-json\/wp\/v2\/product_tag?post=145434"}],"curies":[{"name":"wp","href":"https:\/\/api.w.org\/{rel}","templated":true}]}}