{"id":145456,"date":"2026-02-21T14:23:37","date_gmt":"2026-02-21T14:23:37","guid":{"rendered":"https:\/\/modesthanim.com\/product\/hayvan-desenli-penye-3lu-boxer-erkek-cocuk\/"},"modified":"2026-03-05T19:11:19","modified_gmt":"2026-03-05T19:11:19","slug":"hayvan-desenli-penye-3lu-boxer-erkek-cocuk","status":"publish","type":"product","link":"https:\/\/mod.wisdar.net\/tr\/urun\/hayvan-desenli-penye-3lu-boxer-erkek-cocuk\/","title":{"rendered":"Hayvan Desenli Penye 3&#8217;l\u00fc Boxer Erkek \u00c7ocuk"},"content":{"rendered":"<p>Arad\u0131\u011f\u0131n \u0130ndigo Erkek \u00c7ocuk \u2013 Gen\u00e7 Erkek Hayvan Desenli Penye 3&#8217;l\u00fc Boxer Erkek \u00c7ocuk en uygun fiyatla DeFacto&#8217;da! Yeni sezon \u0130ndigo Erkek \u00c7ocuk \u2013 Gen\u00e7 Erkek Hayvan Desenli Penye 3&#8217;l\u00fc Boxer Erkek \u00c7ocuk i\u00e7in hemen DeFacto&#8217;ya t\u0131kla!<\/p>\n<p>\u2014 Technical Details \u2014<br \/>\nKal\u0131p: Regular F\u0131t<br \/>\nDesen: Hayvan Desenli<br \/>\n\u0130\u00e7 Giyim Kategori: Boxer<br \/>\nCinsiyet: Erkek \u00c7ocuk<br \/>\nRenk: \u0130ndigo<br \/>\nTak\u0131m \u0130\u00e7eri\u011fi: 3&#8217;l\u00fc<br \/>\nMen\u015fei: TR<br \/>\n\u00dcr\u00fcn Grubu: Erkek \u00c7ocuk \u2013 Gen\u00e7 Erkek \u0130\u00e7 Giyim<\/p>\n","protected":false},"excerpt":{"rendered":"<p>Arad\u0131\u011f\u0131n \u0130ndigo Erkek \u00c7ocuk \u2013 Gen\u00e7 Erkek Hayvan Desenli Penye 3&#8217;l\u00fc Boxer Erkek \u00c7ocuk en uygun fiyatla DeFacto&#8217;da! Yeni sezon \u0130ndigo Erkek \u00c7ocuk \u2013 Gen\u00e7 Erkek Hayvan Desenli Penye 3&#8217;l\u00fc Boxer Erkek \u00c7ocuk i\u00e7in hemen DeFacto&#8217;ya t\u0131kla! \u2014 Technical Details \u2014 Kal\u0131p: Regular F\u0131t Desen: Hayvan Desenli \u0130\u00e7 Giyim Kategori: Boxer Cinsiyet: Erkek \u00c7ocuk Renk: [&hellip;]<\/p>\n","protected":false},"featured_media":145452,"comment_status":"open","ping_status":"closed","template":"","meta":[],"product_brand":[],"product_cat":[8739,8757,8694],"product_tag":[],"class_list":{"0":"post-145456","1":"product","2":"type-product","3":"status-publish","4":"has-post-thumbnail","6":"product_cat-erkek-cocuklar-2-14-yas","7":"product_cat-ic-giyim","8":"product_cat-cocuklar","9":"pa_brand-defacto","10":"pa_color-indigo","11":"pa_size-11-12-yas-152cm","12":"pa_size-13-14-yas-164cm","13":"pa_size-7-8-yas-128cm","14":"pa_size-9-10-yas-140cm","16":"first","17":"outofstock","18":"shipping-taxable","19":"product-type-variable"},"_links":{"self":[{"href":"https:\/\/mod.wisdar.net\/tr\/wp-json\/wp\/v2\/product\/145456","targetHints":{"allow":["GET"]}}],"collection":[{"href":"https:\/\/mod.wisdar.net\/tr\/wp-json\/wp\/v2\/product"}],"about":[{"href":"https:\/\/mod.wisdar.net\/tr\/wp-json\/wp\/v2\/types\/product"}],"replies":[{"embeddable":true,"href":"https:\/\/mod.wisdar.net\/tr\/wp-json\/wp\/v2\/comments?post=145456"}],"wp:featuredmedia":[{"embeddable":true,"href":"https:\/\/mod.wisdar.net\/tr\/wp-json\/wp\/v2\/media\/145452"}],"wp:attachment":[{"href":"https:\/\/mod.wisdar.net\/tr\/wp-json\/wp\/v2\/media?parent=145456"}],"wp:term":[{"taxonomy":"product_brand","embeddable":true,"href":"https:\/\/mod.wisdar.net\/tr\/wp-json\/wp\/v2\/product_brand?post=145456"},{"taxonomy":"product_cat","embeddable":true,"href":"https:\/\/mod.wisdar.net\/tr\/wp-json\/wp\/v2\/product_cat?post=145456"},{"taxonomy":"product_tag","embeddable":true,"href":"https:\/\/mod.wisdar.net\/tr\/wp-json\/wp\/v2\/product_tag?post=145456"}],"curies":[{"name":"wp","href":"https:\/\/api.w.org\/{rel}","templated":true}]}}