{"id":145491,"date":"2026-02-21T14:28:53","date_gmt":"2026-02-21T14:28:53","guid":{"rendered":"https:\/\/modesthanim.com\/product\/erkek-cocuk-desenli-3lu-boxer-2\/"},"modified":"2026-03-18T15:23:20","modified_gmt":"2026-03-18T15:23:20","slug":"erkek-cocuk-desenli-3lu-boxer-2","status":"publish","type":"product","link":"https:\/\/mod.wisdar.net\/tr\/urun\/erkek-cocuk-desenli-3lu-boxer-2\/","title":{"rendered":"Erkek \u00c7ocuk Desenli 3&#8217;l\u00fc Boxer"},"content":{"rendered":"<p>Erkek \u00e7ocuklar\u0131 i\u00e7in tasarlanm\u0131\u015f 3&#8217;l\u00fc Boxer seti, rahat kesimi ve esnek yap\u0131s\u0131yla hareket \u00f6zg\u00fcrl\u00fc\u011f\u00fc sunar. Yumu\u015fak kuma\u015f\u0131, cilt dostu \u00f6zelli\u011fiyle g\u00fcn boyu konfor sa\u011flar. Renkli ve e\u011flenceli tasar\u0131m\u0131yla \u00e7ocuklar\u0131n sevdi\u011fi bir se\u00e7enek.<\/p>\n","protected":false},"excerpt":{"rendered":"<p>Erkek \u00e7ocuklar\u0131 i\u00e7in tasarlanm\u0131\u015f 3&#8217;l\u00fc Boxer seti, rahat kesimi ve esnek yap\u0131s\u0131yla hareket \u00f6zg\u00fcrl\u00fc\u011f\u00fc sunar. Yumu\u015fak kuma\u015f\u0131, cilt dostu \u00f6zelli\u011fiyle g\u00fcn boyu konfor sa\u011flar. Renkli ve e\u011flenceli tasar\u0131m\u0131yla \u00e7ocuklar\u0131n sevdi\u011fi bir se\u00e7enek.<\/p>\n","protected":false},"featured_media":145487,"comment_status":"open","ping_status":"closed","template":"","meta":[],"product_brand":[],"product_cat":[8739,8757,8694],"product_tag":[],"class_list":{"0":"post-145491","1":"product","2":"type-product","3":"status-publish","4":"has-post-thumbnail","6":"product_cat-erkek-cocuklar-2-14-yas","7":"product_cat-ic-giyim","8":"product_cat-cocuklar","9":"pa_brand-defacto","10":"pa_color-beyaz","11":"pa_size-11-12-yas-152cm","12":"pa_size-3-4-yas-104-cm","13":"pa_size-4-5-yas-110cm","14":"pa_size-5-6-yas-116cm","15":"pa_size-7-8-yas-128cm","16":"pa_size-9-10-yas-140cm","18":"first","19":"outofstock","20":"shipping-taxable","21":"product-type-variable"},"_links":{"self":[{"href":"https:\/\/mod.wisdar.net\/tr\/wp-json\/wp\/v2\/product\/145491","targetHints":{"allow":["GET"]}}],"collection":[{"href":"https:\/\/mod.wisdar.net\/tr\/wp-json\/wp\/v2\/product"}],"about":[{"href":"https:\/\/mod.wisdar.net\/tr\/wp-json\/wp\/v2\/types\/product"}],"replies":[{"embeddable":true,"href":"https:\/\/mod.wisdar.net\/tr\/wp-json\/wp\/v2\/comments?post=145491"}],"wp:featuredmedia":[{"embeddable":true,"href":"https:\/\/mod.wisdar.net\/tr\/wp-json\/wp\/v2\/media\/145487"}],"wp:attachment":[{"href":"https:\/\/mod.wisdar.net\/tr\/wp-json\/wp\/v2\/media?parent=145491"}],"wp:term":[{"taxonomy":"product_brand","embeddable":true,"href":"https:\/\/mod.wisdar.net\/tr\/wp-json\/wp\/v2\/product_brand?post=145491"},{"taxonomy":"product_cat","embeddable":true,"href":"https:\/\/mod.wisdar.net\/tr\/wp-json\/wp\/v2\/product_cat?post=145491"},{"taxonomy":"product_tag","embeddable":true,"href":"https:\/\/mod.wisdar.net\/tr\/wp-json\/wp\/v2\/product_tag?post=145491"}],"curies":[{"name":"wp","href":"https:\/\/api.w.org\/{rel}","templated":true}]}}