{"id":145547,"date":"2026-02-21T14:30:41","date_gmt":"2026-02-21T14:30:41","guid":{"rendered":"https:\/\/modesthanim.com\/product\/cizgili-penye-5li-boxer-erkek-cocuk\/"},"modified":"2026-04-13T05:32:24","modified_gmt":"2026-04-13T05:32:24","slug":"cizgili-penye-5li-boxer-erkek-cocuk","status":"publish","type":"product","link":"https:\/\/mod.wisdar.net\/tr\/urun\/cizgili-penye-5li-boxer-erkek-cocuk\/","title":{"rendered":"\u00c7izgili Penye 5&#8217;li Boxer Erkek \u00c7ocuk"},"content":{"rendered":"<p>Arad\u0131\u011f\u0131n Mavi Erkek \u00c7ocuk \u2013 Gen\u00e7 Erkek \u00c7izgili Penye 5&#8217;li Boxer Erkek \u00c7ocuk en uygun fiyatla DeFacto&#8217;da! Yeni sezon Mavi Erkek \u00c7ocuk \u2013 Gen\u00e7 Erkek \u00c7izgili Penye 5&#8217;li Boxer Erkek \u00c7ocuk i\u00e7in hemen DeFacto&#8217;ya t\u0131kla!<\/p>\n<p>\u2014 Technical Details \u2014<br \/>\ngender: Erkek \u00c7ocuk<br \/>\nset_content: 5&#8217;li<br \/>\npattern: \u00c7izgili<br \/>\nunderwear_category: Boxer<br \/>\nfit: Regular F\u0131t<br \/>\norigin: TR<br \/>\nproduct_group: Erkek \u00c7ocuk \u2013 Gen\u00e7 Erkek \u0130\u00e7 Giyim<\/p>\n","protected":false},"excerpt":{"rendered":"<p>Arad\u0131\u011f\u0131n Mavi Erkek \u00c7ocuk \u2013 Gen\u00e7 Erkek \u00c7izgili Penye 5&#8217;li Boxer Erkek \u00c7ocuk en uygun fiyatla DeFacto&#8217;da! Yeni sezon Mavi Erkek \u00c7ocuk \u2013 Gen\u00e7 Erkek \u00c7izgili Penye 5&#8217;li Boxer Erkek \u00c7ocuk i\u00e7in hemen DeFacto&#8217;ya t\u0131kla! \u2014 Technical Details \u2014 gender: Erkek \u00c7ocuk set_content: 5&#8217;li pattern: \u00c7izgili underwear_category: Boxer fit: Regular F\u0131t origin: TR product_group: Erkek [&hellip;]<\/p>\n","protected":false},"featured_media":145540,"comment_status":"open","ping_status":"closed","template":"","meta":[],"product_brand":[],"product_cat":[8739,8757,8694],"product_tag":[10493,10495,10496,10497],"class_list":{"0":"post-145547","1":"product","2":"type-product","3":"status-publish","4":"has-post-thumbnail","6":"product_cat-erkek-cocuklar-2-14-yas","7":"product_cat-ic-giyim","8":"product_cat-cocuklar","9":"product_tag-blue-boys-teen-boys-striped-cotton-5-pack-boxer-shorts","10":"product_tag-blue-striped-cotton-5-pack-boxer-shorts-for-boys","11":"product_tag-boys-teen-boys-striped-cotton-5-pack-boxer-shorts","12":"product_tag-striped-cotton-5-pack-boxer-shorts-for-boys","13":"pa_brand-defacto","14":"pa_color-mavi","15":"pa_size-11-12-yas-152cm","16":"pa_size-3-4-yas-104-cm","17":"pa_size-4-5-yas-110cm","18":"pa_size-5-6-yas-116cm","19":"pa_size-7-8-yas-128cm","20":"pa_size-9-10-yas-140cm","22":"first","23":"instock","24":"sale","25":"shipping-taxable","26":"purchasable","27":"product-type-variable"},"_links":{"self":[{"href":"https:\/\/mod.wisdar.net\/tr\/wp-json\/wp\/v2\/product\/145547","targetHints":{"allow":["GET"]}}],"collection":[{"href":"https:\/\/mod.wisdar.net\/tr\/wp-json\/wp\/v2\/product"}],"about":[{"href":"https:\/\/mod.wisdar.net\/tr\/wp-json\/wp\/v2\/types\/product"}],"replies":[{"embeddable":true,"href":"https:\/\/mod.wisdar.net\/tr\/wp-json\/wp\/v2\/comments?post=145547"}],"wp:featuredmedia":[{"embeddable":true,"href":"https:\/\/mod.wisdar.net\/tr\/wp-json\/wp\/v2\/media\/145540"}],"wp:attachment":[{"href":"https:\/\/mod.wisdar.net\/tr\/wp-json\/wp\/v2\/media?parent=145547"}],"wp:term":[{"taxonomy":"product_brand","embeddable":true,"href":"https:\/\/mod.wisdar.net\/tr\/wp-json\/wp\/v2\/product_brand?post=145547"},{"taxonomy":"product_cat","embeddable":true,"href":"https:\/\/mod.wisdar.net\/tr\/wp-json\/wp\/v2\/product_cat?post=145547"},{"taxonomy":"product_tag","embeddable":true,"href":"https:\/\/mod.wisdar.net\/tr\/wp-json\/wp\/v2\/product_tag?post=145547"}],"curies":[{"name":"wp","href":"https:\/\/api.w.org\/{rel}","templated":true}]}}