{"id":145556,"date":"2026-02-21T14:30:46","date_gmt":"2026-02-21T14:30:46","guid":{"rendered":"https:\/\/modesthanim.com\/product\/erkek-cocuk-desenli-3lu-boxer-3\/"},"modified":"2026-03-18T15:11:48","modified_gmt":"2026-03-18T15:11:48","slug":"erkek-cocuk-desenli-3lu-boxer-3","status":"publish","type":"product","link":"https:\/\/mod.wisdar.net\/tr\/urun\/erkek-cocuk-desenli-3lu-boxer-3\/","title":{"rendered":"Erkek \u00c7ocuk Desenli 3&#8217;l\u00fc Boxer"},"content":{"rendered":"<p>Erkek \u00e7ocuk i\u00e7 \u00e7ama\u015f\u0131r\u0131 i\u00e7in beyaz desenli 3&#8217;l\u00fc boxer set. Regular fit kal\u0131b\u0131yla t\u00fcm sezon kullan\u0131ma uygundur. Temel \u00e7e\u015fit aras\u0131nda yer almaktad\u0131r.<\/p>\n","protected":false},"excerpt":{"rendered":"<p>Erkek \u00e7ocuk i\u00e7 \u00e7ama\u015f\u0131r\u0131 i\u00e7in beyaz desenli 3&#8217;l\u00fc boxer set. Regular fit kal\u0131b\u0131yla t\u00fcm sezon kullan\u0131ma uygundur. Temel \u00e7e\u015fit aras\u0131nda yer almaktad\u0131r.<\/p>\n","protected":false},"featured_media":145541,"comment_status":"open","ping_status":"closed","template":"","meta":[],"product_brand":[],"product_cat":[8739,8757,8694],"product_tag":[6769],"class_list":{"0":"post-145556","1":"product","2":"type-product","3":"status-publish","4":"has-post-thumbnail","6":"product_cat-erkek-cocuklar-2-14-yas","7":"product_cat-ic-giyim","8":"product_cat-cocuklar","9":"product_tag-desenli","10":"pa_brand-defacto","11":"pa_color-beyaz","12":"pa_size-11-12-yas-152cm","13":"pa_size-13-14-yas-164cm","14":"pa_size-7-8-yas-128cm","15":"pa_size-9-10-yas-140cm","17":"first","18":"outofstock","19":"shipping-taxable","20":"product-type-variable"},"_links":{"self":[{"href":"https:\/\/mod.wisdar.net\/tr\/wp-json\/wp\/v2\/product\/145556","targetHints":{"allow":["GET"]}}],"collection":[{"href":"https:\/\/mod.wisdar.net\/tr\/wp-json\/wp\/v2\/product"}],"about":[{"href":"https:\/\/mod.wisdar.net\/tr\/wp-json\/wp\/v2\/types\/product"}],"replies":[{"embeddable":true,"href":"https:\/\/mod.wisdar.net\/tr\/wp-json\/wp\/v2\/comments?post=145556"}],"wp:featuredmedia":[{"embeddable":true,"href":"https:\/\/mod.wisdar.net\/tr\/wp-json\/wp\/v2\/media\/145541"}],"wp:attachment":[{"href":"https:\/\/mod.wisdar.net\/tr\/wp-json\/wp\/v2\/media?parent=145556"}],"wp:term":[{"taxonomy":"product_brand","embeddable":true,"href":"https:\/\/mod.wisdar.net\/tr\/wp-json\/wp\/v2\/product_brand?post=145556"},{"taxonomy":"product_cat","embeddable":true,"href":"https:\/\/mod.wisdar.net\/tr\/wp-json\/wp\/v2\/product_cat?post=145556"},{"taxonomy":"product_tag","embeddable":true,"href":"https:\/\/mod.wisdar.net\/tr\/wp-json\/wp\/v2\/product_tag?post=145556"}],"curies":[{"name":"wp","href":"https:\/\/api.w.org\/{rel}","templated":true}]}}