{"id":145621,"date":"2026-02-21T14:32:58","date_gmt":"2026-02-21T14:32:58","guid":{"rendered":"https:\/\/modesthanim.com\/product\/canavar-baskili-3lu-slip-kulot-erkek-cocuk\/"},"modified":"2026-04-06T05:30:47","modified_gmt":"2026-04-06T05:30:47","slug":"canavar-baskili-3lu-slip-kulot-erkek-cocuk","status":"publish","type":"product","link":"https:\/\/mod.wisdar.net\/tr\/urun\/canavar-baskili-3lu-slip-kulot-erkek-cocuk\/","title":{"rendered":"Canavar Bask\u0131l\u0131 3&#8217;l\u00fc Slip K\u00fclot Erkek \u00c7ocuk"},"content":{"rendered":"<p>\u00c7ocuklar i\u00e7in beyaz pamuklu canavar bask\u0131l\u0131 slip k\u00fclot seti. 3&#8217;l\u00fc tak\u0131m i\u00e7eri\u011fi ile rahat ve \u015f\u0131k bir se\u00e7enek. Regular fit kal\u0131b\u0131 ile her mevsim kullan\u0131ma uygun. \u0130deal i\u00e7 \u00e7ama\u015f\u0131r\u0131 se\u00e7ene\u011fi. Temel \u00e7e\u015fit aras\u0131nda yer al\u0131yor. Erkek \u00e7ocuklar\u0131n be\u011fenisine sunulmu\u015ftur.<\/p>\n<p>\u2014 Technical Details \u2014<br \/>\nKal\u0131p: Regular F\u0131t<br \/>\nTak\u0131m \u0130\u00e7eri\u011fi: 3&#8217;l\u00fc<br \/>\nCinsiyet: Erkek \u00c7ocuk<br \/>\n\u0130\u00e7 Giyim Kategori: Slip K\u00fclot<br \/>\nRenk: Beyaz<br \/>\nMarka: Defacto<br \/>\nMen\u015fei: TR<br \/>\n\u00dcr\u00fcn Grubu: Erkek \u00c7ocuk \u2013 Gen\u00e7 Erkek \u0130\u00e7 Giyim<\/p>\n","protected":false},"excerpt":{"rendered":"<p>\u00c7ocuklar i\u00e7in beyaz pamuklu canavar bask\u0131l\u0131 slip k\u00fclot seti. 3&#8217;l\u00fc tak\u0131m i\u00e7eri\u011fi ile rahat ve \u015f\u0131k bir se\u00e7enek. Regular fit kal\u0131b\u0131 ile her mevsim kullan\u0131ma uygun. \u0130deal i\u00e7 \u00e7ama\u015f\u0131r\u0131 se\u00e7ene\u011fi. Temel \u00e7e\u015fit aras\u0131nda yer al\u0131yor. Erkek \u00e7ocuklar\u0131n be\u011fenisine sunulmu\u015ftur. \u2014 Technical Details \u2014 Kal\u0131p: Regular F\u0131t Tak\u0131m \u0130\u00e7eri\u011fi: 3&#8217;l\u00fc Cinsiyet: Erkek \u00c7ocuk \u0130\u00e7 Giyim Kategori: [&hellip;]<\/p>\n","protected":false},"featured_media":145614,"comment_status":"open","ping_status":"closed","template":"","meta":[],"product_brand":[],"product_cat":[8739,8757,8694],"product_tag":[7294,7488],"class_list":{"0":"post-145621","1":"product","2":"type-product","3":"status-publish","4":"has-post-thumbnail","6":"product_cat-erkek-cocuklar-2-14-yas","7":"product_cat-ic-giyim","8":"product_cat-cocuklar","9":"product_tag-beyaz","10":"product_tag-pamuk","11":"pa_brand-defacto","12":"pa_color-beyaz","13":"pa_size-2-3-yas-98cm","14":"pa_size-3-4-yas-104-cm","15":"pa_size-4-5-yas-110cm","16":"pa_size-5-6-yas-116cm","17":"pa_size-7-8-yas-128cm","19":"first","20":"instock","21":"sale","22":"shipping-taxable","23":"purchasable","24":"product-type-variable"},"_links":{"self":[{"href":"https:\/\/mod.wisdar.net\/tr\/wp-json\/wp\/v2\/product\/145621","targetHints":{"allow":["GET"]}}],"collection":[{"href":"https:\/\/mod.wisdar.net\/tr\/wp-json\/wp\/v2\/product"}],"about":[{"href":"https:\/\/mod.wisdar.net\/tr\/wp-json\/wp\/v2\/types\/product"}],"replies":[{"embeddable":true,"href":"https:\/\/mod.wisdar.net\/tr\/wp-json\/wp\/v2\/comments?post=145621"}],"wp:featuredmedia":[{"embeddable":true,"href":"https:\/\/mod.wisdar.net\/tr\/wp-json\/wp\/v2\/media\/145614"}],"wp:attachment":[{"href":"https:\/\/mod.wisdar.net\/tr\/wp-json\/wp\/v2\/media?parent=145621"}],"wp:term":[{"taxonomy":"product_brand","embeddable":true,"href":"https:\/\/mod.wisdar.net\/tr\/wp-json\/wp\/v2\/product_brand?post=145621"},{"taxonomy":"product_cat","embeddable":true,"href":"https:\/\/mod.wisdar.net\/tr\/wp-json\/wp\/v2\/product_cat?post=145621"},{"taxonomy":"product_tag","embeddable":true,"href":"https:\/\/mod.wisdar.net\/tr\/wp-json\/wp\/v2\/product_tag?post=145621"}],"curies":[{"name":"wp","href":"https:\/\/api.w.org\/{rel}","templated":true}]}}