{"id":145628,"date":"2026-02-21T14:32:57","date_gmt":"2026-02-21T14:32:57","guid":{"rendered":"https:\/\/modesthanim.com\/product\/3lu-boxer-erkek-cocuk\/"},"modified":"2026-04-13T05:33:10","modified_gmt":"2026-04-13T05:33:10","slug":"3lu-boxer-erkek-cocuk","status":"publish","type":"product","link":"https:\/\/mod.wisdar.net\/tr\/urun\/3lu-boxer-erkek-cocuk\/","title":{"rendered":"3&#8217;l\u00fc Boxer Erkek \u00c7ocuk"},"content":{"rendered":"<p>Erkek \u00e7ocuklar i\u00e7in tasarlanm\u0131\u015f bu 3\u2019l\u00fc boxer seti, yumu\u015fak ve esnek kuma\u015f\u0131yla g\u00fcn boyu rahatl\u0131k sa\u011flar. Sa\u011flam yap\u0131s\u0131 ve \u015f\u0131k tasar\u0131m\u0131yla g\u00fcnl\u00fck kullan\u0131ma uygundur.<\/p>\n","protected":false},"excerpt":{"rendered":"<p>Erkek \u00e7ocuklar i\u00e7in tasarlanm\u0131\u015f bu 3\u2019l\u00fc boxer seti, yumu\u015fak ve esnek kuma\u015f\u0131yla g\u00fcn boyu rahatl\u0131k sa\u011flar. Sa\u011flam yap\u0131s\u0131 ve \u015f\u0131k tasar\u0131m\u0131yla g\u00fcnl\u00fck kullan\u0131ma uygundur.<\/p>\n","protected":false},"featured_media":145616,"comment_status":"open","ping_status":"closed","template":"","meta":[],"product_brand":[],"product_cat":[8739,8757,8694],"product_tag":[10504,10502,10498,10500,10503],"class_list":{"0":"post-145628","1":"product","2":"type-product","3":"status-publish","4":"has-post-thumbnail","6":"product_cat-erkek-cocuklar-2-14-yas","7":"product_cat-ic-giyim","8":"product_cat-cocuklar","9":"product_tag-3-pack-boxers-for-boys","10":"product_tag-black-3-pack-boys-boxers","11":"product_tag-black-boys-boxers","12":"product_tag-boys-3-pack-boxers","13":"product_tag-boys-boxer-set","14":"pa_brand-defacto","15":"pa_color-siyah","16":"pa_size-11-12-yas-152cm","17":"pa_size-3-4-yas-104-cm","18":"pa_size-4-5-yas-110cm","19":"pa_size-5-6-yas-116cm","20":"pa_size-7-8-yas-128cm","21":"pa_size-9-10-yas-140cm","23":"first","24":"outofstock","25":"sale","26":"shipping-taxable","27":"purchasable","28":"product-type-variable"},"_links":{"self":[{"href":"https:\/\/mod.wisdar.net\/tr\/wp-json\/wp\/v2\/product\/145628","targetHints":{"allow":["GET"]}}],"collection":[{"href":"https:\/\/mod.wisdar.net\/tr\/wp-json\/wp\/v2\/product"}],"about":[{"href":"https:\/\/mod.wisdar.net\/tr\/wp-json\/wp\/v2\/types\/product"}],"replies":[{"embeddable":true,"href":"https:\/\/mod.wisdar.net\/tr\/wp-json\/wp\/v2\/comments?post=145628"}],"wp:featuredmedia":[{"embeddable":true,"href":"https:\/\/mod.wisdar.net\/tr\/wp-json\/wp\/v2\/media\/145616"}],"wp:attachment":[{"href":"https:\/\/mod.wisdar.net\/tr\/wp-json\/wp\/v2\/media?parent=145628"}],"wp:term":[{"taxonomy":"product_brand","embeddable":true,"href":"https:\/\/mod.wisdar.net\/tr\/wp-json\/wp\/v2\/product_brand?post=145628"},{"taxonomy":"product_cat","embeddable":true,"href":"https:\/\/mod.wisdar.net\/tr\/wp-json\/wp\/v2\/product_cat?post=145628"},{"taxonomy":"product_tag","embeddable":true,"href":"https:\/\/mod.wisdar.net\/tr\/wp-json\/wp\/v2\/product_tag?post=145628"}],"curies":[{"name":"wp","href":"https:\/\/api.w.org\/{rel}","templated":true}]}}