{"id":145716,"date":"2026-02-21T14:34:27","date_gmt":"2026-02-21T14:34:27","guid":{"rendered":"https:\/\/modesthanim.com\/product\/2li-atlet-erkek-cocuk\/"},"modified":"2026-04-13T05:32:49","modified_gmt":"2026-04-13T05:32:49","slug":"2li-atlet-erkek-cocuk","status":"publish","type":"product","link":"https:\/\/mod.wisdar.net\/tr\/urun\/2li-atlet-erkek-cocuk\/","title":{"rendered":"2&#8217;li Atlet Erkek \u00c7ocuk"},"content":{"rendered":"<p>Arad\u0131\u011f\u0131n Beyaz Erkek \u00c7ocuk \u2013 Gen\u00e7 Erkek 2&#8217;li Atlet Erkek \u00c7ocuk en uygun fiyatla DeFacto&#8217;da! Yeni sezon Beyaz Erkek \u00c7ocuk \u2013 Gen\u00e7 Erkek 2&#8217;li Atlet Erkek \u00c7ocuk i\u00e7in hemen DeFacto&#8217;ya t\u0131kla!<\/p>\n","protected":false},"excerpt":{"rendered":"<p>Arad\u0131\u011f\u0131n Beyaz Erkek \u00c7ocuk \u2013 Gen\u00e7 Erkek 2&#8217;li Atlet Erkek \u00c7ocuk en uygun fiyatla DeFacto&#8217;da! Yeni sezon Beyaz Erkek \u00c7ocuk \u2013 Gen\u00e7 Erkek 2&#8217;li Atlet Erkek \u00c7ocuk i\u00e7in hemen DeFacto&#8217;ya t\u0131kla!<\/p>\n","protected":false},"featured_media":145707,"comment_status":"open","ping_status":"closed","template":"","meta":[],"product_brand":[],"product_cat":[8739,8757,8694],"product_tag":[],"class_list":{"0":"post-145716","1":"product","2":"type-product","3":"status-publish","4":"has-post-thumbnail","6":"product_cat-erkek-cocuklar-2-14-yas","7":"product_cat-ic-giyim","8":"product_cat-cocuklar","9":"pa_brand-defacto","10":"pa_color-violet-beyaz","11":"pa_size-11-12-yas-152cm","12":"pa_size-3-4-yas-104-cm","13":"pa_size-4-5-yas-110cm","14":"pa_size-5-6-yas-116cm","15":"pa_size-7-8-yas-128cm","16":"pa_size-9-10-yas-140cm","18":"first","19":"outofstock","20":"sale","21":"shipping-taxable","22":"purchasable","23":"product-type-variable"},"_links":{"self":[{"href":"https:\/\/mod.wisdar.net\/tr\/wp-json\/wp\/v2\/product\/145716","targetHints":{"allow":["GET"]}}],"collection":[{"href":"https:\/\/mod.wisdar.net\/tr\/wp-json\/wp\/v2\/product"}],"about":[{"href":"https:\/\/mod.wisdar.net\/tr\/wp-json\/wp\/v2\/types\/product"}],"replies":[{"embeddable":true,"href":"https:\/\/mod.wisdar.net\/tr\/wp-json\/wp\/v2\/comments?post=145716"}],"wp:featuredmedia":[{"embeddable":true,"href":"https:\/\/mod.wisdar.net\/tr\/wp-json\/wp\/v2\/media\/145707"}],"wp:attachment":[{"href":"https:\/\/mod.wisdar.net\/tr\/wp-json\/wp\/v2\/media?parent=145716"}],"wp:term":[{"taxonomy":"product_brand","embeddable":true,"href":"https:\/\/mod.wisdar.net\/tr\/wp-json\/wp\/v2\/product_brand?post=145716"},{"taxonomy":"product_cat","embeddable":true,"href":"https:\/\/mod.wisdar.net\/tr\/wp-json\/wp\/v2\/product_cat?post=145716"},{"taxonomy":"product_tag","embeddable":true,"href":"https:\/\/mod.wisdar.net\/tr\/wp-json\/wp\/v2\/product_tag?post=145716"}],"curies":[{"name":"wp","href":"https:\/\/api.w.org\/{rel}","templated":true}]}}