{"id":14577,"date":"2025-11-01T22:08:20","date_gmt":"2025-11-01T22:08:20","guid":{"rendered":"https:\/\/modesthanim.com\/product\/multi-cicek-desenli-aplike-cepli-tunik-indigo\/"},"modified":"2026-03-26T04:41:04","modified_gmt":"2026-03-26T04:41:04","slug":"multi-cicek-desenli-aplike-cepli-tunik-indigo","status":"publish","type":"product","link":"https:\/\/mod.wisdar.net\/tr\/urun\/multi-cicek-desenli-aplike-cepli-tunik-indigo\/","title":{"rendered":"Multi \u00c7i\u00e7ek Desenli Aplike Cepli Tunik \u2013 \u0130ndigo"},"content":{"rendered":"<p>Canl\u0131 \u00e7i\u00e7ek desenleriyle enerjik bir hava kazanan bu tunik, aplike cepleriyle detaylarda fark yarat\u0131r. Modern kesimi ve rahat yap\u0131s\u0131yla g\u00fcnl\u00fck stilinize renkli bir dokunu\u015f katar.<\/p>\n<p>Kuma\u015f \u0130\u00e7eri\u011fi: %85 Viskon, %15 Polyamid<\/p>\n<p>Desen:\u00a0Multi \u00c7i\u00e7ek Desen<br \/>\nYaka\u00a0Tipi:\u00a0G\u00f6mlek Yaka<br \/>\nKol\u00a0Tipi:\u00a0D\u00fc\u015f\u00fck Kol<br \/>\nCep:\u00a0Aplike Cep<br \/>\nAstar:\u00a0Astars\u0131z<br \/>\n\u00dcr\u00fcn Boyu:\u00a089 cm<br \/>\nKal\u0131p\u00a0Tipi:\u00a0Rahat Kal\u0131p<br \/>\nMankenin Giydi\u011fi Beden:\u00a038<br \/>\nManken \u00d6l\u00e7\u00fcleri:Boy: 176\u00a0cmG\u00f6\u011f\u00fcs:\u00a080\u00a0cmBel:\u00a060 cmBasen:\u00a090 cm<\/p>\n<p>\u2014 Technical Details \u2014<br \/>\nDesen: Multi \u00c7i\u00e7ek Desen<br \/>\nYaka Tipi: G\u00f6mlek Yaka<br \/>\nKol Tipi: D\u00fc\u015f\u00fck Kol<br \/>\nCep: Aplike Cep<br \/>\nAstar: Astars\u0131z<br \/>\n\u00dcr\u00fcn Boyu: 89 cm<br \/>\nKal\u0131p Tipi: Rahat Kal\u0131p<br \/>\nMankenin Giydi\u011fi Beden: 38<br \/>\nManken \u00d6l\u00e7\u00fcleri: {&#8216;Boy&#8217;: &#8216;176 cm&#8217;, &#8216;G\u00f6\u011f\u00fcs&#8217;: &#8217;80 cm&#8217;, &#8216;Bel&#8217;: &#8217;60 cm&#8217;, &#8216;Basen&#8217;: &#8217;90 cm&#8217;}<br \/>\nBeden \u00d6l\u00e7\u00fc Tablosu: {&#8217;36&#8217;: {&#8216;Omuz&#8217;: 55, &#8216;G\u00f6\u011f\u00fcs&#8217;: 116, &#8216;Boy&#8217;: 89, &#8216;Kol Boyu&#8217;: 48.5}, &#8217;38&#8217;: {&#8216;Omuz&#8217;: 56, &#8216;G\u00f6\u011f\u00fcs&#8217;: 120, &#8216;Boy&#8217;: 89.5, &#8216;Kol Boyu&#8217;: 49}, &#8217;40&#8217;: {&#8216;Omuz&#8217;: 57, &#8216;G\u00f6\u011f\u00fcs&#8217;: 124, &#8216;Boy&#8217;: 90, &#8216;Kol Boyu&#8217;: 49.5}, &#8217;42&#8217;: {&#8216;Omuz&#8217;: 58, &#8216;G\u00f6\u011f\u00fcs&#8217;: 128, &#8216;Boy&#8217;: 92, &#8216;Kol Boyu&#8217;: 50}, &#8217;44&#8217;: {&#8216;Omuz&#8217;: 59, &#8216;G\u00f6\u011f\u00fcs&#8217;: 132, &#8216;Boy&#8217;: 94, &#8216;Kol Boyu&#8217;: 50.5}}<\/p>\n","protected":false},"excerpt":{"rendered":"<p>Canl\u0131 \u00e7i\u00e7ek desenleriyle enerjik bir hava kazanan bu tunik, aplike cepleriyle detaylarda fark yarat\u0131r. Modern kesimi ve rahat yap\u0131s\u0131yla g\u00fcnl\u00fck stilinize renkli bir dokunu\u015f katar. Kuma\u015f \u0130\u00e7eri\u011fi: %85 Viskon, %15 Polyamid Desen:\u00a0Multi \u00c7i\u00e7ek Desen Yaka\u00a0Tipi:\u00a0G\u00f6mlek Yaka Kol\u00a0Tipi:\u00a0D\u00fc\u015f\u00fck Kol Cep:\u00a0Aplike Cep Astar:\u00a0Astars\u0131z \u00dcr\u00fcn Boyu:\u00a089 cm Kal\u0131p\u00a0Tipi:\u00a0Rahat Kal\u0131p Mankenin Giydi\u011fi Beden:\u00a038 Manken \u00d6l\u00e7\u00fcleri:Boy: 176\u00a0cmG\u00f6\u011f\u00fcs:\u00a080\u00a0cmBel:\u00a060 cmBasen:\u00a090 cm \u2014 [&hellip;]<\/p>\n","protected":false},"featured_media":0,"comment_status":"open","ping_status":"closed","template":"","meta":[],"product_brand":[],"product_cat":[2050,1909],"product_tag":[6771,4998,6882],"class_list":{"0":"post-14577","1":"product","2":"type-product","3":"status-publish","5":"product_cat-blazer-ceketler","6":"product_cat-bluzlar-ve-gomlekler","7":"product_tag-gomlek-yaka","8":"product_tag-indigo","9":"product_tag-rahat-kesim-2","10":"pa_color-indigo","11":"pa_size-4701","12":"pa_size-4706","13":"pa_size-4711","14":"pa_size-4713","15":"pa_size-4751","17":"first","18":"instock","19":"sale","20":"shipping-taxable","21":"purchasable","22":"product-type-variable"},"_links":{"self":[{"href":"https:\/\/mod.wisdar.net\/tr\/wp-json\/wp\/v2\/product\/14577","targetHints":{"allow":["GET"]}}],"collection":[{"href":"https:\/\/mod.wisdar.net\/tr\/wp-json\/wp\/v2\/product"}],"about":[{"href":"https:\/\/mod.wisdar.net\/tr\/wp-json\/wp\/v2\/types\/product"}],"replies":[{"embeddable":true,"href":"https:\/\/mod.wisdar.net\/tr\/wp-json\/wp\/v2\/comments?post=14577"}],"wp:attachment":[{"href":"https:\/\/mod.wisdar.net\/tr\/wp-json\/wp\/v2\/media?parent=14577"}],"wp:term":[{"taxonomy":"product_brand","embeddable":true,"href":"https:\/\/mod.wisdar.net\/tr\/wp-json\/wp\/v2\/product_brand?post=14577"},{"taxonomy":"product_cat","embeddable":true,"href":"https:\/\/mod.wisdar.net\/tr\/wp-json\/wp\/v2\/product_cat?post=14577"},{"taxonomy":"product_tag","embeddable":true,"href":"https:\/\/mod.wisdar.net\/tr\/wp-json\/wp\/v2\/product_tag?post=14577"}],"curies":[{"name":"wp","href":"https:\/\/api.w.org\/{rel}","templated":true}]}}