{"id":145788,"date":"2026-02-21T14:37:39","date_gmt":"2026-02-21T14:37:39","guid":{"rendered":"https:\/\/modesthanim.com\/product\/3lu-slip-kulot-kiz-cocuk\/"},"modified":"2026-03-30T05:33:10","modified_gmt":"2026-03-30T05:33:10","slug":"3lu-slip-kulot-kiz-cocuk","status":"publish","type":"product","link":"https:\/\/mod.wisdar.net\/tr\/urun\/3lu-slip-kulot-kiz-cocuk\/","title":{"rendered":"3&#8217;l\u00fc Slip K\u00fclot K\u0131z \u00c7ocuk"},"content":{"rendered":"<p>K\u0131z \u00c7ocuk 3&#8217;l\u00fc Slip K\u00fclot seti, yumu\u015fak ve esnek kuma\u015f\u0131yla g\u00fcn boyu rahatl\u0131k sunar. Farkl\u0131 renk ve desen se\u00e7enekleriyle hem \u015f\u0131k hem de kullan\u0131\u015fl\u0131 bir temel i\u00e7 giyim setidir.<\/p>\n<p>\u2014 Technical Details \u2014<br \/>\nKal\u0131p: Regular F\u0131t<br \/>\nTak\u0131m \u0130\u00e7eri\u011fi: 3&#8217;l\u00fc<br \/>\n\u0130\u00e7 Giyim Kategori: Slip K\u00fclot<br \/>\nRenk: Ye\u015fil \/ Mint<br \/>\nCinsiyet: K\u0131z \u00c7ocuk<br \/>\nMen\u015fei: TR<\/p>\n","protected":false},"excerpt":{"rendered":"<p>K\u0131z \u00c7ocuk 3&#8217;l\u00fc Slip K\u00fclot seti, yumu\u015fak ve esnek kuma\u015f\u0131yla g\u00fcn boyu rahatl\u0131k sunar. Farkl\u0131 renk ve desen se\u00e7enekleriyle hem \u015f\u0131k hem de kullan\u0131\u015fl\u0131 bir temel i\u00e7 giyim setidir. \u2014 Technical Details \u2014 Kal\u0131p: Regular F\u0131t Tak\u0131m \u0130\u00e7eri\u011fi: 3&#8217;l\u00fc \u0130\u00e7 Giyim Kategori: Slip K\u00fclot Renk: Ye\u015fil \/ Mint Cinsiyet: K\u0131z \u00c7ocuk Men\u015fei: TR<\/p>\n","protected":false},"featured_media":145784,"comment_status":"open","ping_status":"closed","template":"","meta":[],"product_brand":[],"product_cat":[8733,8715,8694],"product_tag":[10515,10511,10514,10513,10509],"class_list":{"0":"post-145788","1":"product","2":"type-product","3":"status-publish","4":"has-post-thumbnail","6":"product_cat-ic-giyim","7":"product_cat-kiz-cocuklari-2-14-yas","8":"product_cat-cocuklar","9":"product_tag-3-pack-slip-panties","10":"product_tag-girls-3-pack-slip-panties","11":"product_tag-girls-slip-panties","12":"product_tag-green-3-pack-slip-panties","13":"product_tag-green-girls","14":"pa_brand-defacto","15":"pa_color-mint","16":"pa_size-11-12-yas-152cm","17":"pa_size-3-4-yas-104-cm","18":"pa_size-4-5-yas-110cm","19":"pa_size-5-6-yas-116cm","20":"pa_size-7-8-yas-128cm","21":"pa_size-9-10-yas-140cm","23":"first","24":"instock","25":"sale","26":"shipping-taxable","27":"purchasable","28":"product-type-variable"},"_links":{"self":[{"href":"https:\/\/mod.wisdar.net\/tr\/wp-json\/wp\/v2\/product\/145788","targetHints":{"allow":["GET"]}}],"collection":[{"href":"https:\/\/mod.wisdar.net\/tr\/wp-json\/wp\/v2\/product"}],"about":[{"href":"https:\/\/mod.wisdar.net\/tr\/wp-json\/wp\/v2\/types\/product"}],"replies":[{"embeddable":true,"href":"https:\/\/mod.wisdar.net\/tr\/wp-json\/wp\/v2\/comments?post=145788"}],"wp:featuredmedia":[{"embeddable":true,"href":"https:\/\/mod.wisdar.net\/tr\/wp-json\/wp\/v2\/media\/145784"}],"wp:attachment":[{"href":"https:\/\/mod.wisdar.net\/tr\/wp-json\/wp\/v2\/media?parent=145788"}],"wp:term":[{"taxonomy":"product_brand","embeddable":true,"href":"https:\/\/mod.wisdar.net\/tr\/wp-json\/wp\/v2\/product_brand?post=145788"},{"taxonomy":"product_cat","embeddable":true,"href":"https:\/\/mod.wisdar.net\/tr\/wp-json\/wp\/v2\/product_cat?post=145788"},{"taxonomy":"product_tag","embeddable":true,"href":"https:\/\/mod.wisdar.net\/tr\/wp-json\/wp\/v2\/product_tag?post=145788"}],"curies":[{"name":"wp","href":"https:\/\/api.w.org\/{rel}","templated":true}]}}