{"id":145864,"date":"2026-02-21T14:39:39","date_gmt":"2026-02-21T14:39:39","guid":{"rendered":"https:\/\/modesthanim.com\/product\/hayvan-desenli-7li-slip-kulot-kiz-cocuk\/"},"modified":"2026-04-13T05:50:50","modified_gmt":"2026-04-13T05:50:50","slug":"hayvan-desenli-7li-slip-kulot-kiz-cocuk","status":"publish","type":"product","link":"https:\/\/mod.wisdar.net\/tr\/urun\/hayvan-desenli-7li-slip-kulot-kiz-cocuk\/","title":{"rendered":"Hayvan Desenli 7&#8217;li Slip K\u00fclot K\u0131z \u00c7ocuk"},"content":{"rendered":"<p>Sevimli hayvan desenleriyle tasarlanan bu 7\u2019li k\u0131z \u00e7ocuk slip k\u00fclot seti, yumu\u015fak ve nefes alabilen kuma\u015f\u0131yla g\u00fcn boyu rahatl\u0131k sunar. G\u00fcnl\u00fck kullan\u0131m i\u00e7in ideal olan set, pratik ve e\u011flenceli bir se\u00e7enek olu\u015fturur.<\/p>\n<p>\u2014 Technical Details \u2014<br \/>\nDesen: Hayvan Desenli<br \/>\nCinsiyet: K\u0131z \u00c7ocuk<br \/>\nTak\u0131m \u0130\u00e7eri\u011fi: 7&#8217;li<br \/>\n\u0130\u00e7 Giyim Kategori: Alt \u0130\u00e7lik<br \/>\nKal\u0131p: Regular F\u0131t<br \/>\nMarka: Defacto<br \/>\nMen\u015fei: TR<br \/>\n\u00dcr\u00fcn Grubu: K\u0131z \u00c7ocuk \u2013 Gen\u00e7 K\u0131z \u0130\u00e7 Giyim<\/p>\n","protected":false},"excerpt":{"rendered":"<p>Sevimli hayvan desenleriyle tasarlanan bu 7\u2019li k\u0131z \u00e7ocuk slip k\u00fclot seti, yumu\u015fak ve nefes alabilen kuma\u015f\u0131yla g\u00fcn boyu rahatl\u0131k sunar. G\u00fcnl\u00fck kullan\u0131m i\u00e7in ideal olan set, pratik ve e\u011flenceli bir se\u00e7enek olu\u015fturur. \u2014 Technical Details \u2014 Desen: Hayvan Desenli Cinsiyet: K\u0131z \u00c7ocuk Tak\u0131m \u0130\u00e7eri\u011fi: 7&#8217;li \u0130\u00e7 Giyim Kategori: Alt \u0130\u00e7lik Kal\u0131p: Regular F\u0131t Marka: Defacto [&hellip;]<\/p>\n","protected":false},"featured_media":145856,"comment_status":"open","ping_status":"closed","template":"","meta":[],"product_brand":[],"product_cat":[8733,8715,8694],"product_tag":[10520,9660,10499,8905,3263],"class_list":{"0":"post-145864","1":"product","2":"type-product","3":"status-publish","4":"has-post-thumbnail","6":"product_cat-ic-giyim","7":"product_cat-kiz-cocuklari-2-14-yas","8":"product_cat-cocuklar","9":"product_tag-7-piece","10":"product_tag-animal-print","11":"product_tag-briefs","12":"product_tag-girls","13":"product_tag-regular-fit","14":"pa_brand-defacto","15":"pa_color-acik-pembe","16":"pa_size-2-3-yas-98cm","17":"pa_size-3-4-yas-104-cm","18":"pa_size-4-5-yas-110cm","19":"pa_size-5-6-yas-116cm","20":"pa_size-7-8-yas-128cm","22":"first","23":"instock","24":"sale","25":"shipping-taxable","26":"purchasable","27":"product-type-variable"},"_links":{"self":[{"href":"https:\/\/mod.wisdar.net\/tr\/wp-json\/wp\/v2\/product\/145864","targetHints":{"allow":["GET"]}}],"collection":[{"href":"https:\/\/mod.wisdar.net\/tr\/wp-json\/wp\/v2\/product"}],"about":[{"href":"https:\/\/mod.wisdar.net\/tr\/wp-json\/wp\/v2\/types\/product"}],"replies":[{"embeddable":true,"href":"https:\/\/mod.wisdar.net\/tr\/wp-json\/wp\/v2\/comments?post=145864"}],"wp:featuredmedia":[{"embeddable":true,"href":"https:\/\/mod.wisdar.net\/tr\/wp-json\/wp\/v2\/media\/145856"}],"wp:attachment":[{"href":"https:\/\/mod.wisdar.net\/tr\/wp-json\/wp\/v2\/media?parent=145864"}],"wp:term":[{"taxonomy":"product_brand","embeddable":true,"href":"https:\/\/mod.wisdar.net\/tr\/wp-json\/wp\/v2\/product_brand?post=145864"},{"taxonomy":"product_cat","embeddable":true,"href":"https:\/\/mod.wisdar.net\/tr\/wp-json\/wp\/v2\/product_cat?post=145864"},{"taxonomy":"product_tag","embeddable":true,"href":"https:\/\/mod.wisdar.net\/tr\/wp-json\/wp\/v2\/product_tag?post=145864"}],"curies":[{"name":"wp","href":"https:\/\/api.w.org\/{rel}","templated":true}]}}