{"id":145922,"date":"2026-02-21T15:14:51","date_gmt":"2026-02-21T15:14:51","guid":{"rendered":"https:\/\/modesthanim.com\/product\/deri-bebek-ayakkabisi-17-21-numara-pudra\/"},"modified":"2026-03-03T07:48:21","modified_gmt":"2026-03-03T07:48:21","slug":"deri-bebek-ayakkabisi-17-21-numara-pudra","status":"publish","type":"product","link":"https:\/\/mod.wisdar.net\/tr\/urun\/deri-bebek-ayakkabisi-17-21-numara-pudra\/","title":{"rendered":"Deri Bebek Ayakkab\u0131s\u0131 17-21 Numara Pudra"},"content":{"rendered":"<p>Bu pudra rengi deri bebek ayakkab\u0131s\u0131, 17-21 numara aral\u0131\u011f\u0131nda, yumu\u015fak ve rahat bir kullan\u0131m sunar. \u00dcst\u00fcn kaliteli deri malzemesiyle \u00fcretilmi\u015f olup, bebe\u011finizin ayak sa\u011fl\u0131\u011f\u0131n\u0131 korurken \u015f\u0131k bir g\u00f6r\u00fcn\u00fcm sa\u011flar. Kolay giydirilebilir tasar\u0131m\u0131 ve dayan\u0131kl\u0131 yap\u0131s\u0131yla g\u00fcnl\u00fck kullan\u0131m i\u00e7in idealdir.<\/p>\n","protected":false},"excerpt":{"rendered":"<p>Bu pudra rengi deri bebek ayakkab\u0131s\u0131, 17-21 numara aral\u0131\u011f\u0131nda, yumu\u015fak ve rahat bir kullan\u0131m sunar. \u00dcst\u00fcn kaliteli deri malzemesiyle \u00fcretilmi\u015f olup, bebe\u011finizin ayak sa\u011fl\u0131\u011f\u0131n\u0131 korurken \u015f\u0131k bir g\u00f6r\u00fcn\u00fcm sa\u011flar. Kolay giydirilebilir tasar\u0131m\u0131 ve dayan\u0131kl\u0131 yap\u0131s\u0131yla g\u00fcnl\u00fck kullan\u0131m i\u00e7in idealdir.<\/p>\n","protected":false},"featured_media":145914,"comment_status":"open","ping_status":"closed","template":"","meta":[],"product_brand":[],"product_cat":[8694,8697,8700],"product_tag":[],"class_list":{"0":"post-145922","1":"product","2":"type-product","3":"status-publish","4":"has-post-thumbnail","6":"product_cat-cocuklar","7":"product_cat-yenidogan-0-12-ay","8":"product_cat-yenidogan-giyim","9":"pa_color-pudra","10":"pa_size-17-nmr","11":"pa_size-18-nmr","12":"pa_size-19-nmr","13":"pa_size-20-nmr","14":"pa_size-21-nmr","16":"first","17":"instock","18":"sale","19":"shipping-taxable","20":"purchasable","21":"product-type-variable"},"_links":{"self":[{"href":"https:\/\/mod.wisdar.net\/tr\/wp-json\/wp\/v2\/product\/145922","targetHints":{"allow":["GET"]}}],"collection":[{"href":"https:\/\/mod.wisdar.net\/tr\/wp-json\/wp\/v2\/product"}],"about":[{"href":"https:\/\/mod.wisdar.net\/tr\/wp-json\/wp\/v2\/types\/product"}],"replies":[{"embeddable":true,"href":"https:\/\/mod.wisdar.net\/tr\/wp-json\/wp\/v2\/comments?post=145922"}],"wp:featuredmedia":[{"embeddable":true,"href":"https:\/\/mod.wisdar.net\/tr\/wp-json\/wp\/v2\/media\/145914"}],"wp:attachment":[{"href":"https:\/\/mod.wisdar.net\/tr\/wp-json\/wp\/v2\/media?parent=145922"}],"wp:term":[{"taxonomy":"product_brand","embeddable":true,"href":"https:\/\/mod.wisdar.net\/tr\/wp-json\/wp\/v2\/product_brand?post=145922"},{"taxonomy":"product_cat","embeddable":true,"href":"https:\/\/mod.wisdar.net\/tr\/wp-json\/wp\/v2\/product_cat?post=145922"},{"taxonomy":"product_tag","embeddable":true,"href":"https:\/\/mod.wisdar.net\/tr\/wp-json\/wp\/v2\/product_tag?post=145922"}],"curies":[{"name":"wp","href":"https:\/\/api.w.org\/{rel}","templated":true}]}}