{"id":145942,"date":"2026-02-21T15:14:59","date_gmt":"2026-02-21T15:14:59","guid":{"rendered":"https:\/\/modesthanim.com\/product\/organik-muslin-gomlekli-kadife-takim-0-4-yas-naturel\/"},"modified":"2026-04-12T23:01:55","modified_gmt":"2026-04-12T23:01:55","slug":"organik-muslin-gomlekli-kadife-takim-0-4-yas-naturel","status":"publish","type":"product","link":"https:\/\/mod.wisdar.net\/tr\/urun\/organik-muslin-gomlekli-kadife-takim-0-4-yas-naturel\/","title":{"rendered":"Organik M\u00fcslin G\u00f6mlekli Kadife Tak\u0131m 0-4 Ya\u015f Naturel"},"content":{"rendered":"<p>. %100 saf natural pamuktan \u00fcretilmi\u015ftir<\/p>\n<p>. S\u0131cak yaz g\u00fcnleri i\u00e7in uygundur<\/p>\n<p>. Nefes alan, yumu\u015fac\u0131k ve saf bir dokuya sahiptir<\/p>\n<p>. \u00c7ama\u015f\u0131r makinesinde maksimum 30\u00baC\u2019lik k\u0131sa programda y\u0131kay\u0131n\u0131z<\/p>\n","protected":false},"excerpt":{"rendered":"<p>. %100 saf natural pamuktan \u00fcretilmi\u015ftir . S\u0131cak yaz g\u00fcnleri i\u00e7in uygundur . Nefes alan, yumu\u015fac\u0131k ve saf bir dokuya sahiptir . \u00c7ama\u015f\u0131r makinesinde maksimum 30\u00baC\u2019lik k\u0131sa programda y\u0131kay\u0131n\u0131z<\/p>\n","protected":false},"featured_media":145939,"comment_status":"open","ping_status":"closed","template":"","meta":[],"product_brand":[],"product_cat":[8703,8745,8739,8694,8697],"product_tag":[7576,7488],"class_list":{"0":"post-145942","1":"product","2":"type-product","3":"status-publish","4":"has-post-thumbnail","6":"product_cat-bebek-setleri","7":"product_cat-erkek-cocuk-takimlari","8":"product_cat-erkek-cocuklar-2-14-yas","9":"product_cat-cocuklar","10":"product_cat-yenidogan-0-12-ay","11":"product_tag-muslin","12":"product_tag-pamuk","13":"pa_brand-cigit","14":"pa_color-naturel","15":"pa_size-12-18-ay","16":"pa_size-18-24-ay","17":"pa_size-2-3-yas","18":"pa_size-3-4-yas","19":"pa_size-3-6-ay","20":"pa_size-6-9-ay","21":"pa_size-9-12-ay","23":"first","24":"outofstock","25":"shipping-taxable","26":"product-type-variable"},"_links":{"self":[{"href":"https:\/\/mod.wisdar.net\/tr\/wp-json\/wp\/v2\/product\/145942","targetHints":{"allow":["GET"]}}],"collection":[{"href":"https:\/\/mod.wisdar.net\/tr\/wp-json\/wp\/v2\/product"}],"about":[{"href":"https:\/\/mod.wisdar.net\/tr\/wp-json\/wp\/v2\/types\/product"}],"replies":[{"embeddable":true,"href":"https:\/\/mod.wisdar.net\/tr\/wp-json\/wp\/v2\/comments?post=145942"}],"wp:featuredmedia":[{"embeddable":true,"href":"https:\/\/mod.wisdar.net\/tr\/wp-json\/wp\/v2\/media\/145939"}],"wp:attachment":[{"href":"https:\/\/mod.wisdar.net\/tr\/wp-json\/wp\/v2\/media?parent=145942"}],"wp:term":[{"taxonomy":"product_brand","embeddable":true,"href":"https:\/\/mod.wisdar.net\/tr\/wp-json\/wp\/v2\/product_brand?post=145942"},{"taxonomy":"product_cat","embeddable":true,"href":"https:\/\/mod.wisdar.net\/tr\/wp-json\/wp\/v2\/product_cat?post=145942"},{"taxonomy":"product_tag","embeddable":true,"href":"https:\/\/mod.wisdar.net\/tr\/wp-json\/wp\/v2\/product_tag?post=145942"}],"curies":[{"name":"wp","href":"https:\/\/api.w.org\/{rel}","templated":true}]}}