{"id":145977,"date":"2026-02-21T15:16:04","date_gmt":"2026-02-21T15:16:04","guid":{"rendered":"https:\/\/modesthanim.com\/product\/ikili-boxer-2-9-yas-gri\/"},"modified":"2026-03-03T07:48:39","modified_gmt":"2026-03-03T07:48:39","slug":"ikili-boxer-2-9-yas-gri","status":"publish","type":"product","link":"https:\/\/mod.wisdar.net\/tr\/urun\/ikili-boxer-2-9-yas-gri\/","title":{"rendered":"\u0130kili Boxer 2-9 Ya\u015f Gri"},"content":{"rendered":"<p>\u0130\u00e7 \u00e7ama\u015f\u0131r\u0131 \u00fcr\u00fcnlerimizde de\u011fi\u015fim ve iade mevcut de\u011fildir<\/p>\n","protected":false},"excerpt":{"rendered":"<p>\u0130\u00e7 \u00e7ama\u015f\u0131r\u0131 \u00fcr\u00fcnlerimizde de\u011fi\u015fim ve iade mevcut de\u011fildir<\/p>\n","protected":false},"featured_media":145974,"comment_status":"open","ping_status":"closed","template":"","meta":[],"product_brand":[],"product_cat":[8739,8757,8694],"product_tag":[],"class_list":{"0":"post-145977","1":"product","2":"type-product","3":"status-publish","4":"has-post-thumbnail","6":"product_cat-erkek-cocuklar-2-14-yas","7":"product_cat-ic-giyim","8":"product_cat-cocuklar","9":"pa_color-gri","10":"pa_size-2-3-yas","11":"pa_size-4-5-yas","12":"pa_size-6-7-yas","13":"pa_size-8-9-yas","15":"first","16":"instock","17":"sale","18":"shipping-taxable","19":"purchasable","20":"product-type-variable"},"_links":{"self":[{"href":"https:\/\/mod.wisdar.net\/tr\/wp-json\/wp\/v2\/product\/145977","targetHints":{"allow":["GET"]}}],"collection":[{"href":"https:\/\/mod.wisdar.net\/tr\/wp-json\/wp\/v2\/product"}],"about":[{"href":"https:\/\/mod.wisdar.net\/tr\/wp-json\/wp\/v2\/types\/product"}],"replies":[{"embeddable":true,"href":"https:\/\/mod.wisdar.net\/tr\/wp-json\/wp\/v2\/comments?post=145977"}],"wp:featuredmedia":[{"embeddable":true,"href":"https:\/\/mod.wisdar.net\/tr\/wp-json\/wp\/v2\/media\/145974"}],"wp:attachment":[{"href":"https:\/\/mod.wisdar.net\/tr\/wp-json\/wp\/v2\/media?parent=145977"}],"wp:term":[{"taxonomy":"product_brand","embeddable":true,"href":"https:\/\/mod.wisdar.net\/tr\/wp-json\/wp\/v2\/product_brand?post=145977"},{"taxonomy":"product_cat","embeddable":true,"href":"https:\/\/mod.wisdar.net\/tr\/wp-json\/wp\/v2\/product_cat?post=145977"},{"taxonomy":"product_tag","embeddable":true,"href":"https:\/\/mod.wisdar.net\/tr\/wp-json\/wp\/v2\/product_tag?post=145977"}],"curies":[{"name":"wp","href":"https:\/\/api.w.org\/{rel}","templated":true}]}}