{"id":146045,"date":"2026-02-21T15:18:08","date_gmt":"2026-02-21T15:18:08","guid":{"rendered":"https:\/\/modesthanim.com\/product\/kiz-cocuk-pamuklu-uzun-kollu-bisiklet-yaka-baskili-tisort\/"},"modified":"2026-04-06T08:11:02","modified_gmt":"2026-04-06T08:11:02","slug":"kiz-cocuk-pamuklu-uzun-kollu-bisiklet-yaka-baskili-tisort","status":"publish","type":"product","link":"https:\/\/mod.wisdar.net\/tr\/urun\/kiz-cocuk-pamuklu-uzun-kollu-bisiklet-yaka-baskili-tisort\/","title":{"rendered":"K\u0131z \u00c7ocuk Pamuklu Uzun Kollu Bisiklet Yaka Bask\u0131l\u0131 Ti\u015f\u00f6rt"},"content":{"rendered":"<p>Pamuklu ti\u015f\u00f6rt, bisiklet yaka ve uzun kollu yap\u0131s\u0131yla dikkat \u00e7ekiyor. \u00dczerindeki Los Angeles bask\u0131s\u0131 enerjik bir hava yarat\u0131rken, kuma\u015f\u0131n yumu\u015fak dokusu g\u00fcn boyu rahat bir kullan\u0131m sunuyor. Uzun kollu ti\u015f\u00f6rt, \u015f\u0131k ve konforlu yap\u0131s\u0131yla her mevsim miinklerin favorisi olmaya aday.<\/p>\n<p>\u00dcr\u00fcn \u00d6zellikleri<\/p>\n<p>Kol Tipi: Uzun Kol<br \/>\nYaka Tipi: Bisiklet Yaka<br \/>\nDetay: Bask\u0131l\u0131<br \/>\nKuma\u015f: %95 Pamuk, %5 Elastan<br \/>\nKullan\u0131m Alan\u0131: G\u00fcnl\u00fck Giyim<\/p>\n<p>Koton k\u0131z \u00e7ocuk giyim koleksiyonu ile \u015f\u0131kl\u0131\u011f\u0131 ve rahatl\u0131\u011f\u0131 bir arada ke\u015ffedin! Renkli tasar\u0131mlar ve konforlu yap\u0131lar\u0131yla \u00e7ocuk koleksiyonu, miniklerin favorisi olacak.<\/p>\n","protected":false},"excerpt":{"rendered":"<p>Pamuklu ti\u015f\u00f6rt, bisiklet yaka ve uzun kollu yap\u0131s\u0131yla dikkat \u00e7ekiyor. \u00dczerindeki Los Angeles bask\u0131s\u0131 enerjik bir hava yarat\u0131rken, kuma\u015f\u0131n yumu\u015fak dokusu g\u00fcn boyu rahat bir kullan\u0131m sunuyor. Uzun kollu ti\u015f\u00f6rt, \u015f\u0131k ve konforlu yap\u0131s\u0131yla her mevsim miinklerin favorisi olmaya aday. \u00dcr\u00fcn \u00d6zellikleri Kol Tipi: Uzun Kol Yaka Tipi: Bisiklet Yaka Detay: Bask\u0131l\u0131 Kuma\u015f: %95 Pamuk, [&hellip;]<\/p>\n","protected":false},"featured_media":146042,"comment_status":"open","ping_status":"closed","template":"","meta":[],"product_brand":[],"product_cat":[8715,8694,8724],"product_tag":[8110,7426],"class_list":{"0":"post-146045","1":"product","2":"type-product","3":"status-publish","4":"has-post-thumbnail","6":"product_cat-kiz-cocuklari-2-14-yas","7":"product_cat-cocuklar","8":"product_cat-tisortler-bluzlar","9":"product_tag-bisiklet-yaka-2","10":"product_tag-gunluk-giyim-3","11":"pa_brand-koton","12":"pa_color-ekru","13":"pa_size-11-12-yas-2","14":"pa_size-4-5-yas-2","15":"pa_size-5-6-yas-2","16":"pa_size-6-7-yas-2","17":"pa_size-7-8-yas-2","18":"pa_size-9-10-yas-2","20":"first","21":"instock","22":"sale","23":"shipping-taxable","24":"purchasable","25":"product-type-variable"},"_links":{"self":[{"href":"https:\/\/mod.wisdar.net\/tr\/wp-json\/wp\/v2\/product\/146045","targetHints":{"allow":["GET"]}}],"collection":[{"href":"https:\/\/mod.wisdar.net\/tr\/wp-json\/wp\/v2\/product"}],"about":[{"href":"https:\/\/mod.wisdar.net\/tr\/wp-json\/wp\/v2\/types\/product"}],"replies":[{"embeddable":true,"href":"https:\/\/mod.wisdar.net\/tr\/wp-json\/wp\/v2\/comments?post=146045"}],"wp:featuredmedia":[{"embeddable":true,"href":"https:\/\/mod.wisdar.net\/tr\/wp-json\/wp\/v2\/media\/146042"}],"wp:attachment":[{"href":"https:\/\/mod.wisdar.net\/tr\/wp-json\/wp\/v2\/media?parent=146045"}],"wp:term":[{"taxonomy":"product_brand","embeddable":true,"href":"https:\/\/mod.wisdar.net\/tr\/wp-json\/wp\/v2\/product_brand?post=146045"},{"taxonomy":"product_cat","embeddable":true,"href":"https:\/\/mod.wisdar.net\/tr\/wp-json\/wp\/v2\/product_cat?post=146045"},{"taxonomy":"product_tag","embeddable":true,"href":"https:\/\/mod.wisdar.net\/tr\/wp-json\/wp\/v2\/product_tag?post=146045"}],"curies":[{"name":"wp","href":"https:\/\/api.w.org\/{rel}","templated":true}]}}