{"id":146083,"date":"2026-02-21T15:19:13","date_gmt":"2026-02-21T15:19:13","guid":{"rendered":"https:\/\/modesthanim.com\/product\/kiz-cocuk-kisa-kollu-bisiklet-yaka-dokulu-bluz\/"},"modified":"2026-04-06T08:20:59","modified_gmt":"2026-04-06T08:20:59","slug":"kiz-cocuk-kisa-kollu-bisiklet-yaka-dokulu-bluz","status":"publish","type":"product","link":"https:\/\/mod.wisdar.net\/tr\/urun\/kiz-cocuk-kisa-kollu-bisiklet-yaka-dokulu-bluz\/","title":{"rendered":"K\u0131z \u00c7ocuk K\u0131sa Kollu Bisiklet Yaka Dokulu Bluz"},"content":{"rendered":"<p>\u015e\u0131k ve sevimli bir tasar\u0131ma sahip olan bluz, k\u0131sa kollu yap\u0131s\u0131yla s\u0131cak havalarda rahatl\u0131k sunuyor. Bisiklet yaka tasar\u0131m\u0131yla rahatl\u0131k sa\u011flayan bluz, enerji dolu bir his sunuyor. K\u0131z \u00e7ocuklar\u0131na \u00f6zel olarak tasarlanan bluz, elbiselerin ve eteklerle kolayl\u0131kla kombinlenebiliyor. \u00dcr\u00fcn \u00d6zellikleri Kol Tipi: K\u0131sa Kol Yaka Tipi: Bisiklet Yaka Detay: D\u00fc\u011fmeli Kullan\u0131m Alan\u0131: G\u00fcnl\u00fck Giyim Koton k\u0131z \u00e7ocuk giyim koleksiyonu, c\u0131v\u0131l c\u0131v\u0131l tasar\u0131mlar\u0131yla miniklerin kalbini \u00e7al\u0131yor! Birbirinden \u015f\u0131k ve rahat modelleriyle Koton Kids koleksiyonunu ke\u015ffedin!<\/p>\n","protected":false},"excerpt":{"rendered":"<p>\u015e\u0131k ve sevimli bir tasar\u0131ma sahip olan bluz, k\u0131sa kollu yap\u0131s\u0131yla s\u0131cak havalarda rahatl\u0131k sunuyor. Bisiklet yaka tasar\u0131m\u0131yla rahatl\u0131k sa\u011flayan bluz, enerji dolu bir his sunuyor. K\u0131z \u00e7ocuklar\u0131na \u00f6zel olarak tasarlanan bluz, elbiselerin ve eteklerle kolayl\u0131kla kombinlenebiliyor. \u00dcr\u00fcn \u00d6zellikleri Kol Tipi: K\u0131sa Kol Yaka Tipi: Bisiklet Yaka Detay: D\u00fc\u011fmeli Kullan\u0131m Alan\u0131: G\u00fcnl\u00fck Giyim Koton k\u0131z [&hellip;]<\/p>\n","protected":false},"featured_media":146078,"comment_status":"open","ping_status":"closed","template":"","meta":[],"product_brand":[],"product_cat":[8721,8715,8694,8724],"product_tag":[7913,7865,7426],"class_list":{"0":"post-146083","1":"product","2":"type-product","3":"status-publish","4":"has-post-thumbnail","6":"product_cat-kiz-cocuk-takimlari","7":"product_cat-kiz-cocuklari-2-14-yas","8":"product_cat-cocuklar","9":"product_cat-tisortler-bluzlar","10":"product_tag-bogazli","11":"product_tag-dokulu","12":"product_tag-gunluk-giyim-3","13":"pa_brand-koton","14":"pa_color-kirmizi-desenli","15":"pa_size-11-12-yas-2","16":"pa_size-13-14-yas-2","17":"pa_size-5-6-yas-2","18":"pa_size-6-7-yas-2","19":"pa_size-7-8-yas-2","20":"pa_size-9-10-yas-2","22":"first","23":"instock","24":"sale","25":"shipping-taxable","26":"purchasable","27":"product-type-variable"},"_links":{"self":[{"href":"https:\/\/mod.wisdar.net\/tr\/wp-json\/wp\/v2\/product\/146083","targetHints":{"allow":["GET"]}}],"collection":[{"href":"https:\/\/mod.wisdar.net\/tr\/wp-json\/wp\/v2\/product"}],"about":[{"href":"https:\/\/mod.wisdar.net\/tr\/wp-json\/wp\/v2\/types\/product"}],"replies":[{"embeddable":true,"href":"https:\/\/mod.wisdar.net\/tr\/wp-json\/wp\/v2\/comments?post=146083"}],"wp:featuredmedia":[{"embeddable":true,"href":"https:\/\/mod.wisdar.net\/tr\/wp-json\/wp\/v2\/media\/146078"}],"wp:attachment":[{"href":"https:\/\/mod.wisdar.net\/tr\/wp-json\/wp\/v2\/media?parent=146083"}],"wp:term":[{"taxonomy":"product_brand","embeddable":true,"href":"https:\/\/mod.wisdar.net\/tr\/wp-json\/wp\/v2\/product_brand?post=146083"},{"taxonomy":"product_cat","embeddable":true,"href":"https:\/\/mod.wisdar.net\/tr\/wp-json\/wp\/v2\/product_cat?post=146083"},{"taxonomy":"product_tag","embeddable":true,"href":"https:\/\/mod.wisdar.net\/tr\/wp-json\/wp\/v2\/product_tag?post=146083"}],"curies":[{"name":"wp","href":"https:\/\/api.w.org\/{rel}","templated":true}]}}