{"id":146117,"date":"2026-02-21T15:20:03","date_gmt":"2026-02-21T15:20:03","guid":{"rendered":"https:\/\/modesthanim.com\/product\/kiz-cocuk-viskon-karisimli-uzun-kollu-bisiklet-yaka-basic-tisort\/"},"modified":"2026-04-15T20:44:04","modified_gmt":"2026-04-15T20:44:04","slug":"kiz-cocuk-viskon-karisimli-uzun-kollu-bisiklet-yaka-basic-tisort","status":"publish","type":"product","link":"https:\/\/mod.wisdar.net\/tr\/urun\/kiz-cocuk-viskon-karisimli-uzun-kollu-bisiklet-yaka-basic-tisort\/","title":{"rendered":"K\u0131z \u00c7ocuk Viskon Kar\u0131\u015f\u0131ml\u0131 Uzun Kollu Bisiklet Yaka Basic Ti\u015f\u00f6rt"},"content":{"rendered":"<p>Viskon kar\u0131\u015f\u0131ml\u0131, uzun kollu, basic ti\u015f\u00f6rt, k\u0131z \u00e7ocuklar\u0131 i\u00e7in rahat ve \u015f\u0131k bir se\u00e7enek sunuyor. Bisiklet yaka tasar\u0131m\u0131 ve yumu\u015fak dokusu ile g\u00fcnl\u00fck kullan\u0131m i\u00e7in ideal. Hafif yap\u0131s\u0131 sayesinde hem oyun oynarken hem de g\u00fcnl\u00fck aktivitelerde konfor sunuyor.<\/p>\n<p>\u00dcr\u00fcn \u00d6zellikleri<br \/>\nKol Tipi: Uzun Kol<br \/>\nYaka Tipi: Bisiklet Yaka<br \/>\nKullan\u0131m Alan\u0131: G\u00fcnl\u00fck Giyim<\/p>\n<p>Kapan\u0131\u015f<br \/>\nKoton k\u0131z \u00e7ocuk giyim koleksiyonu, c\u0131v\u0131l c\u0131v\u0131l tasar\u0131mlar\u0131yla miniklerin kalbini \u00e7al\u0131yor! Rahat ve sevimli kombinler olu\u015fturman\u0131za imkan tan\u0131yan bu koleksiyonu \u015fimdi ke\u015ffedin!<\/p>\n<p>\u2014 Technical Details \u2014<br \/>\nKuma\u015f: %69 V\u0130SKOZ, %3 ELASTAN, %28 POL\u0130ESTER<br \/>\nKol Boyu: Uzun Kol<br \/>\nKol Tipi: D\u00fc\u015f\u00fck Omuz<br \/>\nYaka Tipi: Bisiklet Yaka<br \/>\n\u00dcr\u00fcn\u00fcn Alt Markas\u0131: Kidswear<br \/>\nSat\u0131c\u0131\/\u0130malat\u00e7\u0131\/\u0130thalat\u00e7\u0131 \u0130smi: Koton Ma\u011fazac\u0131l\u0131k Tekstil Sanayi ve Ticaret A.\u015e.<br \/>\nPosta Adresi: Ayaza\u011fa Mah. Maslak Ayaza\u011fa Cad. No:3 \u0130\u00e7 Kap\u0131 No:5 Sar\u0131yer\/\u0130stanbul<br \/>\nE-Posta Adresi: mim@koton.com<\/p>\n","protected":false},"excerpt":{"rendered":"<p>Viskon kar\u0131\u015f\u0131ml\u0131, uzun kollu, basic ti\u015f\u00f6rt, k\u0131z \u00e7ocuklar\u0131 i\u00e7in rahat ve \u015f\u0131k bir se\u00e7enek sunuyor. Bisiklet yaka tasar\u0131m\u0131 ve yumu\u015fak dokusu ile g\u00fcnl\u00fck kullan\u0131m i\u00e7in ideal. Hafif yap\u0131s\u0131 sayesinde hem oyun oynarken hem de g\u00fcnl\u00fck aktivitelerde konfor sunuyor. \u00dcr\u00fcn \u00d6zellikleri Kol Tipi: Uzun Kol Yaka Tipi: Bisiklet Yaka Kullan\u0131m Alan\u0131: G\u00fcnl\u00fck Giyim Kapan\u0131\u015f Koton k\u0131z [&hellip;]<\/p>\n","protected":false},"featured_media":146114,"comment_status":"open","ping_status":"closed","template":"","meta":[],"product_brand":[],"product_cat":[8715,8694,8724],"product_tag":[8110,7426,6768],"class_list":{"0":"post-146117","1":"product","2":"type-product","3":"status-publish","4":"has-post-thumbnail","6":"product_cat-kiz-cocuklari-2-14-yas","7":"product_cat-cocuklar","8":"product_cat-tisortler-bluzlar","9":"product_tag-bisiklet-yaka-2","10":"product_tag-gunluk-giyim-3","11":"product_tag-uzun-kol","12":"pa_brand-koton","13":"pa_color-siyah","14":"pa_size-11-12-yas-2","15":"pa_size-13-14-yas-2","16":"pa_size-5-6-yas-2","17":"pa_size-6-7-yas-2","18":"pa_size-7-8-yas-2","19":"pa_size-9-10-yas-2","21":"first","22":"instock","23":"sale","24":"shipping-taxable","25":"purchasable","26":"product-type-variable"},"_links":{"self":[{"href":"https:\/\/mod.wisdar.net\/tr\/wp-json\/wp\/v2\/product\/146117","targetHints":{"allow":["GET"]}}],"collection":[{"href":"https:\/\/mod.wisdar.net\/tr\/wp-json\/wp\/v2\/product"}],"about":[{"href":"https:\/\/mod.wisdar.net\/tr\/wp-json\/wp\/v2\/types\/product"}],"replies":[{"embeddable":true,"href":"https:\/\/mod.wisdar.net\/tr\/wp-json\/wp\/v2\/comments?post=146117"}],"wp:featuredmedia":[{"embeddable":true,"href":"https:\/\/mod.wisdar.net\/tr\/wp-json\/wp\/v2\/media\/146114"}],"wp:attachment":[{"href":"https:\/\/mod.wisdar.net\/tr\/wp-json\/wp\/v2\/media?parent=146117"}],"wp:term":[{"taxonomy":"product_brand","embeddable":true,"href":"https:\/\/mod.wisdar.net\/tr\/wp-json\/wp\/v2\/product_brand?post=146117"},{"taxonomy":"product_cat","embeddable":true,"href":"https:\/\/mod.wisdar.net\/tr\/wp-json\/wp\/v2\/product_cat?post=146117"},{"taxonomy":"product_tag","embeddable":true,"href":"https:\/\/mod.wisdar.net\/tr\/wp-json\/wp\/v2\/product_tag?post=146117"}],"curies":[{"name":"wp","href":"https:\/\/api.w.org\/{rel}","templated":true}]}}