{"id":146155,"date":"2026-02-21T15:21:09","date_gmt":"2026-02-21T15:21:09","guid":{"rendered":"https:\/\/modesthanim.com\/product\/kiz-cocuk-sardonlu-dar-kalip-fiyonklu-baskili-pamuklu-tayt\/"},"modified":"2026-03-03T07:51:24","modified_gmt":"2026-03-03T07:51:24","slug":"kiz-cocuk-sardonlu-dar-kalip-fiyonklu-baskili-pamuklu-tayt","status":"publish","type":"product","link":"https:\/\/mod.wisdar.net\/tr\/urun\/kiz-cocuk-sardonlu-dar-kalip-fiyonklu-baskili-pamuklu-tayt\/","title":{"rendered":"K\u0131z \u00c7ocuk \u015eardonlu Dar Kal\u0131p Fiyonklu Bask\u0131l\u0131 Pamuklu Tayt"},"content":{"rendered":"<p>Fiyonklu bask\u0131lar\u0131yla sevimli bir hava kazanan tayt, miniklerin gard\u0131robuna rahat bir dokunu\u015f kat\u0131yor. Pamuklu dokusu sayesinde \u00e7ocuklara g\u00fcn boyu rahatl\u0131k sa\u011fl\u0131yor. Rahat hareket imkan\u0131 sunarak oyun zamanlar\u0131n\u0131n vazge\u00e7ilmezi haline geliyor.<br \/>\n\u00dcr\u00fcn \u00d6zellikleri<br \/>\nKuma\u015f: %96 Pamuk, %4 Elastan<br \/>\nFit: Dar Kal\u0131p<br \/>\nPa\u00e7a Tipi: Normal Pa\u00e7a<br \/>\nBel Tipi: Normal Bel<br \/>\nDetay: Bask\u0131l\u0131<br \/>\nKullan\u0131m Alan\u0131: G\u00fcnl\u00fck Giyim<br \/>\nKoton \u00e7ocuk tayt modelleri miniklerin enerjisine rahatl\u0131k kat\u0131yor. Renkli ve e\u011flenceli Koton \u00e7ocuk giyim koleksiyonu ile \u00e7ocuklar\u0131n\u0131z\u0131 mutlu edin!<\/p>\n","protected":false},"excerpt":{"rendered":"<p>Fiyonklu bask\u0131lar\u0131yla sevimli bir hava kazanan tayt, miniklerin gard\u0131robuna rahat bir dokunu\u015f kat\u0131yor. Pamuklu dokusu sayesinde \u00e7ocuklara g\u00fcn boyu rahatl\u0131k sa\u011fl\u0131yor. Rahat hareket imkan\u0131 sunarak oyun zamanlar\u0131n\u0131n vazge\u00e7ilmezi haline geliyor. \u00dcr\u00fcn \u00d6zellikleri Kuma\u015f: %96 Pamuk, %4 Elastan Fit: Dar Kal\u0131p Pa\u00e7a Tipi: Normal Pa\u00e7a Bel Tipi: Normal Bel Detay: Bask\u0131l\u0131 Kullan\u0131m Alan\u0131: G\u00fcnl\u00fck Giyim Koton [&hellip;]<\/p>\n","protected":false},"featured_media":146150,"comment_status":"open","ping_status":"closed","template":"","meta":[],"product_brand":[],"product_cat":[8715,8694,8727],"product_tag":[7426,7310],"class_list":{"0":"post-146155","1":"product","2":"type-product","3":"status-publish","4":"has-post-thumbnail","6":"product_cat-kiz-cocuklari-2-14-yas","7":"product_cat-cocuklar","8":"product_cat-pantolon","9":"product_tag-gunluk-giyim-3","10":"product_tag-slim-fit","11":"pa_brand-koton","12":"pa_color-siyah-desenli","13":"pa_size-11-12-yas-2","14":"pa_size-4-5-yas-2","15":"pa_size-5-6-yas-2","16":"pa_size-6-7-yas-2","17":"pa_size-7-8-yas-2","18":"pa_size-9-10-yas-2","20":"first","21":"instock","22":"sale","23":"shipping-taxable","24":"purchasable","25":"product-type-variable"},"_links":{"self":[{"href":"https:\/\/mod.wisdar.net\/tr\/wp-json\/wp\/v2\/product\/146155","targetHints":{"allow":["GET"]}}],"collection":[{"href":"https:\/\/mod.wisdar.net\/tr\/wp-json\/wp\/v2\/product"}],"about":[{"href":"https:\/\/mod.wisdar.net\/tr\/wp-json\/wp\/v2\/types\/product"}],"replies":[{"embeddable":true,"href":"https:\/\/mod.wisdar.net\/tr\/wp-json\/wp\/v2\/comments?post=146155"}],"wp:featuredmedia":[{"embeddable":true,"href":"https:\/\/mod.wisdar.net\/tr\/wp-json\/wp\/v2\/media\/146150"}],"wp:attachment":[{"href":"https:\/\/mod.wisdar.net\/tr\/wp-json\/wp\/v2\/media?parent=146155"}],"wp:term":[{"taxonomy":"product_brand","embeddable":true,"href":"https:\/\/mod.wisdar.net\/tr\/wp-json\/wp\/v2\/product_brand?post=146155"},{"taxonomy":"product_cat","embeddable":true,"href":"https:\/\/mod.wisdar.net\/tr\/wp-json\/wp\/v2\/product_cat?post=146155"},{"taxonomy":"product_tag","embeddable":true,"href":"https:\/\/mod.wisdar.net\/tr\/wp-json\/wp\/v2\/product_tag?post=146155"}],"curies":[{"name":"wp","href":"https:\/\/api.w.org\/{rel}","templated":true}]}}