{"id":146189,"date":"2026-02-21T15:22:03","date_gmt":"2026-02-21T15:22:03","guid":{"rendered":"https:\/\/modesthanim.com\/product\/kiz-cocuk-cepli-dugme-detayli-duz-paca-pamuklu-pantolon\/"},"modified":"2026-03-15T22:13:22","modified_gmt":"2026-03-15T22:13:22","slug":"kiz-cocuk-cepli-dugme-detayli-duz-paca-pamuklu-pantolon","status":"publish","type":"product","link":"https:\/\/mod.wisdar.net\/tr\/urun\/kiz-cocuk-cepli-dugme-detayli-duz-paca-pamuklu-pantolon\/","title":{"rendered":"K\u0131z \u00c7ocuk Cepli D\u00fc\u011fme Detayl\u0131 D\u00fcz Pa\u00e7a Pamuklu Pantolon"},"content":{"rendered":"<p>Cepli, d\u00fc\u011fme detayl\u0131, d\u00fcz pa\u00e7a, pamuklu pantolon. D\u0131\u015f: %98 PAMUK, %2 ELASTAN<\/p>\n<p>\u2014 Technical Details \u2014<br \/>\nsilhouette: Chino<br \/>\nwaist_height: Standart Bel<br \/>\nproduct_type: Chino<br \/>\nsub_brand: Kidswear<br \/>\nmanufacturer: Koton Ma\u011fazac\u0131l\u0131k Tekstil Sanayi ve Ticaret A.\u015e.<br \/>\naddress: Ayaza\u011fa Mah. Maslak Ayaza\u011fa Cad. No:3 \u0130\u00e7 Kap\u0131 No:5 Sar\u0131yer\/\u0130stanbul<br \/>\nemail: mim@koton.com<\/p>\n","protected":false},"excerpt":{"rendered":"<p>Cepli, d\u00fc\u011fme detayl\u0131, d\u00fcz pa\u00e7a, pamuklu pantolon. D\u0131\u015f: %98 PAMUK, %2 ELASTAN \u2014 Technical Details \u2014 silhouette: Chino waist_height: Standart Bel product_type: Chino sub_brand: Kidswear manufacturer: Koton Ma\u011fazac\u0131l\u0131k Tekstil Sanayi ve Ticaret A.\u015e. address: Ayaza\u011fa Mah. Maslak Ayaza\u011fa Cad. No:3 \u0130\u00e7 Kap\u0131 No:5 Sar\u0131yer\/\u0130stanbul email: mim@koton.com<\/p>\n","protected":false},"featured_media":146186,"comment_status":"open","ping_status":"closed","template":"","meta":[],"product_brand":[],"product_cat":[8715,8694,8727],"product_tag":[],"class_list":{"0":"post-146189","1":"product","2":"type-product","3":"status-publish","4":"has-post-thumbnail","6":"product_cat-kiz-cocuklari-2-14-yas","7":"product_cat-cocuklar","8":"product_cat-pantolon","9":"pa_brand-koton","10":"pa_color-lacivert","11":"pa_size-11-12-yas-2","12":"pa_size-13-14-yas-2","13":"pa_size-5-6-yas-2","14":"pa_size-6-7-yas-2","15":"pa_size-7-8-yas-2","16":"pa_size-9-10-yas-2","18":"first","19":"instock","20":"sale","21":"shipping-taxable","22":"purchasable","23":"product-type-variable"},"_links":{"self":[{"href":"https:\/\/mod.wisdar.net\/tr\/wp-json\/wp\/v2\/product\/146189","targetHints":{"allow":["GET"]}}],"collection":[{"href":"https:\/\/mod.wisdar.net\/tr\/wp-json\/wp\/v2\/product"}],"about":[{"href":"https:\/\/mod.wisdar.net\/tr\/wp-json\/wp\/v2\/types\/product"}],"replies":[{"embeddable":true,"href":"https:\/\/mod.wisdar.net\/tr\/wp-json\/wp\/v2\/comments?post=146189"}],"wp:featuredmedia":[{"embeddable":true,"href":"https:\/\/mod.wisdar.net\/tr\/wp-json\/wp\/v2\/media\/146186"}],"wp:attachment":[{"href":"https:\/\/mod.wisdar.net\/tr\/wp-json\/wp\/v2\/media?parent=146189"}],"wp:term":[{"taxonomy":"product_brand","embeddable":true,"href":"https:\/\/mod.wisdar.net\/tr\/wp-json\/wp\/v2\/product_brand?post=146189"},{"taxonomy":"product_cat","embeddable":true,"href":"https:\/\/mod.wisdar.net\/tr\/wp-json\/wp\/v2\/product_cat?post=146189"},{"taxonomy":"product_tag","embeddable":true,"href":"https:\/\/mod.wisdar.net\/tr\/wp-json\/wp\/v2\/product_tag?post=146189"}],"curies":[{"name":"wp","href":"https:\/\/api.w.org\/{rel}","templated":true}]}}