{"id":146407,"date":"2026-02-21T22:09:47","date_gmt":"2026-02-21T22:09:47","guid":{"rendered":"https:\/\/modesthanim.com\/product\/kiz-cocuk-dik-yaka-fermuarli-kolsuz-sisme-yelek\/"},"modified":"2026-03-03T07:55:44","modified_gmt":"2026-03-03T07:55:44","slug":"kiz-cocuk-dik-yaka-fermuarli-kolsuz-sisme-yelek","status":"publish","type":"product","link":"https:\/\/mod.wisdar.net\/tr\/urun\/kiz-cocuk-dik-yaka-fermuarli-kolsuz-sisme-yelek\/","title":{"rendered":"K\u0131z \u00c7ocuk Dik Yaka Fermuarl\u0131 Kolsuz \u015ei\u015fme Yelek"},"content":{"rendered":"<p>\u015ei\u015fme yelek, enerjik ve sevimli tasar\u0131m\u0131yla dikkat \u00e7ekiyor. Fermuarl\u0131 yap\u0131s\u0131 sayesinde kolayca giyilip \u00e7\u0131kar\u0131labiliyor ve her ortamda konfor sa\u011fl\u0131yor. Dik yaka detay\u0131, so\u011fuk havalarda ekstra koruma sunarak miniklerin rahat etmesine yard\u0131mc\u0131 oluyor. \u00dcr\u00fcn \u00d6zellikleri Kol Tipi: Kolsuz Yaka Tipi: Dik Yaka Kullan\u0131m Alan\u0131: G\u00fcnl\u00fck Giyim, Spor Giyim Kapan\u0131\u015f Koton k\u0131z \u00e7ocuk giyim koleksiyonu, \u015f\u0131kl\u0131\u011f\u0131 ve konforu bir arada sunuyor!<\/p>\n<p>\u2014 Technical Details \u2014<br \/>\nKuma\u015f: %100 POL\u0130AM\u0130D<br \/>\nKol Boyu: Kolsuz<br \/>\nKol Tipi: Kolsuz<br \/>\nYaka Tipi: Dik Yaka<br \/>\nAstar: %100 POL\u0130ESTER<br \/>\n\u00dcr\u00fcn\u00fcn Alt Markas\u0131: Kidswear<br \/>\nSat\u0131c\u0131\/\u0130malat\u00e7\u0131\/\u0130thalat\u00e7\u0131 \u0130smi: Koton Ma\u011fazac\u0131l\u0131k Tekstil Sanayi ve Ticaret A.\u015e.<br \/>\nPosta Adresi: Ayaza\u011fa Mah. Maslak Ayaza\u011fa Cad. No:3 \u0130\u00e7 Kap\u0131 No:5 Sar\u0131yer\/\u0130stanbul<br \/>\nE-Posta Adresi: mim@koton.com<\/p>\n","protected":false},"excerpt":{"rendered":"<p>\u015ei\u015fme yelek, enerjik ve sevimli tasar\u0131m\u0131yla dikkat \u00e7ekiyor. Fermuarl\u0131 yap\u0131s\u0131 sayesinde kolayca giyilip \u00e7\u0131kar\u0131labiliyor ve her ortamda konfor sa\u011fl\u0131yor. Dik yaka detay\u0131, so\u011fuk havalarda ekstra koruma sunarak miniklerin rahat etmesine yard\u0131mc\u0131 oluyor. \u00dcr\u00fcn \u00d6zellikleri Kol Tipi: Kolsuz Yaka Tipi: Dik Yaka Kullan\u0131m Alan\u0131: G\u00fcnl\u00fck Giyim, Spor Giyim Kapan\u0131\u015f Koton k\u0131z \u00e7ocuk giyim koleksiyonu, \u015f\u0131kl\u0131\u011f\u0131 ve [&hellip;]<\/p>\n","protected":false},"featured_media":146398,"comment_status":"open","ping_status":"closed","template":"","meta":[],"product_brand":[],"product_cat":[10820,8715,8694],"product_tag":[7311,7418,7758],"class_list":{"0":"post-146407","1":"product","2":"type-product","3":"status-publish","4":"has-post-thumbnail","6":"product_cat-kiz-cocuk-ceket-yelek","7":"product_cat-kiz-cocuklari-2-14-yas","8":"product_cat-cocuklar","9":"product_tag-dik-yaka","10":"product_tag-fermuar","11":"product_tag-kis-giyim","12":"pa_brand-koton","13":"pa_color-ekru","14":"pa_size-11-12-yas-2","15":"pa_size-13-14-yas-2","16":"pa_size-5-6-yas-2","17":"pa_size-6-7-yas-2","18":"pa_size-7-8-yas-2","19":"pa_size-9-10-yas-2","21":"first","22":"instock","23":"sale","24":"shipping-taxable","25":"purchasable","26":"product-type-variable"},"_links":{"self":[{"href":"https:\/\/mod.wisdar.net\/tr\/wp-json\/wp\/v2\/product\/146407","targetHints":{"allow":["GET"]}}],"collection":[{"href":"https:\/\/mod.wisdar.net\/tr\/wp-json\/wp\/v2\/product"}],"about":[{"href":"https:\/\/mod.wisdar.net\/tr\/wp-json\/wp\/v2\/types\/product"}],"replies":[{"embeddable":true,"href":"https:\/\/mod.wisdar.net\/tr\/wp-json\/wp\/v2\/comments?post=146407"}],"wp:featuredmedia":[{"embeddable":true,"href":"https:\/\/mod.wisdar.net\/tr\/wp-json\/wp\/v2\/media\/146398"}],"wp:attachment":[{"href":"https:\/\/mod.wisdar.net\/tr\/wp-json\/wp\/v2\/media?parent=146407"}],"wp:term":[{"taxonomy":"product_brand","embeddable":true,"href":"https:\/\/mod.wisdar.net\/tr\/wp-json\/wp\/v2\/product_brand?post=146407"},{"taxonomy":"product_cat","embeddable":true,"href":"https:\/\/mod.wisdar.net\/tr\/wp-json\/wp\/v2\/product_cat?post=146407"},{"taxonomy":"product_tag","embeddable":true,"href":"https:\/\/mod.wisdar.net\/tr\/wp-json\/wp\/v2\/product_tag?post=146407"}],"curies":[{"name":"wp","href":"https:\/\/api.w.org\/{rel}","templated":true}]}}