{"id":146414,"date":"2026-02-21T22:09:50","date_gmt":"2026-02-21T22:09:50","guid":{"rendered":"https:\/\/modesthanim.com\/product\/kiz-cocuk-dik-yaka-fermuarli-kolsuz-sisme-yelek-2\/"},"modified":"2026-04-06T07:52:12","modified_gmt":"2026-04-06T07:52:12","slug":"kiz-cocuk-dik-yaka-fermuarli-kolsuz-sisme-yelek-2","status":"publish","type":"product","link":"https:\/\/mod.wisdar.net\/tr\/urun\/kiz-cocuk-dik-yaka-fermuarli-kolsuz-sisme-yelek-2\/","title":{"rendered":"K\u0131z \u00c7ocuk Dik Yaka Fermuarl\u0131 Kolsuz \u015ei\u015fme Yelek"},"content":{"rendered":"<p>\u015ei\u015fme yelek, enerjik ve sevimli tasar\u0131m\u0131yla dikkat \u00e7ekiyor. Fermuarl\u0131 yap\u0131s\u0131 sayesinde kolayca giyilip \u00e7\u0131kar\u0131labiliyor ve her ortamda konfor sa\u011fl\u0131yor. Dik yaka detay\u0131, so\u011fuk havalarda ekstra koruma sunarak miniklerin rahat etmesine yard\u0131mc\u0131 oluyor. \u00dcr\u00fcn \u00d6zellikleri Kol Tipi: Kolsuz Yaka Tipi: Dik Yaka Kullan\u0131m Alan\u0131: G\u00fcnl\u00fck Giyim, Spor Giyim Kapan\u0131\u015f Koton k\u0131z \u00e7ocuk giyim koleksiyonu, \u015f\u0131kl\u0131\u011f\u0131 ve konforu bir arada sunuyor!<\/p>\n","protected":false},"excerpt":{"rendered":"<p>\u015ei\u015fme yelek, enerjik ve sevimli tasar\u0131m\u0131yla dikkat \u00e7ekiyor. Fermuarl\u0131 yap\u0131s\u0131 sayesinde kolayca giyilip \u00e7\u0131kar\u0131labiliyor ve her ortamda konfor sa\u011fl\u0131yor. Dik yaka detay\u0131, so\u011fuk havalarda ekstra koruma sunarak miniklerin rahat etmesine yard\u0131mc\u0131 oluyor. \u00dcr\u00fcn \u00d6zellikleri Kol Tipi: Kolsuz Yaka Tipi: Dik Yaka Kullan\u0131m Alan\u0131: G\u00fcnl\u00fck Giyim, Spor Giyim Kapan\u0131\u015f Koton k\u0131z \u00e7ocuk giyim koleksiyonu, \u015f\u0131kl\u0131\u011f\u0131 ve [&hellip;]<\/p>\n","protected":false},"featured_media":146400,"comment_status":"open","ping_status":"closed","template":"","meta":[],"product_brand":[],"product_cat":[10820,8715,8694],"product_tag":[7311,7419,8108,8039,7424],"class_list":{"0":"post-146414","1":"product","2":"type-product","3":"status-publish","4":"has-post-thumbnail","6":"product_cat-kiz-cocuk-ceket-yelek","7":"product_cat-kiz-cocuklari-2-14-yas","8":"product_cat-cocuklar","9":"product_tag-dik-yaka","10":"product_tag-gunluk","11":"product_tag-kis","12":"product_tag-koton","13":"product_tag-spor-giyim","14":"pa_brand-koton","15":"pa_color-pembe","16":"pa_size-11-12-yas-2","17":"pa_size-13-14-yas-2","18":"pa_size-5-6-yas-2","19":"pa_size-6-7-yas-2","20":"pa_size-7-8-yas-2","21":"pa_size-9-10-yas-2","23":"first","24":"instock","25":"sale","26":"shipping-taxable","27":"purchasable","28":"product-type-variable"},"_links":{"self":[{"href":"https:\/\/mod.wisdar.net\/tr\/wp-json\/wp\/v2\/product\/146414","targetHints":{"allow":["GET"]}}],"collection":[{"href":"https:\/\/mod.wisdar.net\/tr\/wp-json\/wp\/v2\/product"}],"about":[{"href":"https:\/\/mod.wisdar.net\/tr\/wp-json\/wp\/v2\/types\/product"}],"replies":[{"embeddable":true,"href":"https:\/\/mod.wisdar.net\/tr\/wp-json\/wp\/v2\/comments?post=146414"}],"wp:featuredmedia":[{"embeddable":true,"href":"https:\/\/mod.wisdar.net\/tr\/wp-json\/wp\/v2\/media\/146400"}],"wp:attachment":[{"href":"https:\/\/mod.wisdar.net\/tr\/wp-json\/wp\/v2\/media?parent=146414"}],"wp:term":[{"taxonomy":"product_brand","embeddable":true,"href":"https:\/\/mod.wisdar.net\/tr\/wp-json\/wp\/v2\/product_brand?post=146414"},{"taxonomy":"product_cat","embeddable":true,"href":"https:\/\/mod.wisdar.net\/tr\/wp-json\/wp\/v2\/product_cat?post=146414"},{"taxonomy":"product_tag","embeddable":true,"href":"https:\/\/mod.wisdar.net\/tr\/wp-json\/wp\/v2\/product_tag?post=146414"}],"curies":[{"name":"wp","href":"https:\/\/api.w.org\/{rel}","templated":true}]}}