{"id":146461,"date":"2026-02-21T22:21:31","date_gmt":"2026-02-21T22:21:31","guid":{"rendered":"https:\/\/modesthanim.com\/product\/erkek-bebek-uzun-kollu-dik-yaka-fermuarli-polar-sweatshirt\/"},"modified":"2026-04-11T01:13:24","modified_gmt":"2026-04-11T01:13:24","slug":"erkek-bebek-uzun-kollu-dik-yaka-fermuarli-polar-sweatshirt","status":"publish","type":"product","link":"https:\/\/mod.wisdar.net\/tr\/urun\/erkek-bebek-uzun-kollu-dik-yaka-fermuarli-polar-sweatshirt\/","title":{"rendered":"Erkek Bebek Uzun Kollu Dik Yaka Fermuarl\u0131 Polar Sweatshirt"},"content":{"rendered":"<p>Fermuarl\u0131 polar sweatshirt, \u00e7ocuklar i\u00e7in erahat bir se\u00e7enek sunuyor. Yumu\u015fac\u0131k polar yap\u0131s\u0131 ile g\u00fcn boyu konfor ve s\u0131cakl\u0131k sunuyor. Uzun kollu ve dik yaka tasar\u0131m\u0131yla so\u011fuk g\u00fcnlerde s\u0131cak tutuyor ve rahat kesimiyle hareket \u00f6zg\u00fcrl\u00fc\u011f\u00fc sunuyor.<\/p>\n<p>\u00dcr\u00fcn \u00d6zellikleri<br \/>\nKol Tipi: Uzun Kol<br \/>\nYaka Tipi: Dik Yaka, Fermuarl\u0131<br \/>\nKullan\u0131m Alan\u0131: G\u00fcnl\u00fck Giyim, Spor Giyim<\/p>\n<p>Koton erkek bebek koleksiyonu, so\u011fuk havalarda miniklerin s\u0131cak kalmas\u0131na yard\u0131mc\u0131 oluyor!<\/p>\n<p>\u00dcr\u00fcnlerimiz kimyasallara kar\u015f\u0131 test edilerek, t\u00fcm g\u00fcvenlik kurallar\u0131na uygun olarak \u00fcretilir. \u00dcr\u00fcnlerimizde sa\u011fl\u0131\u011fa zararl\u0131 boyalar ve a\u011f\u0131r metaller, tehlikeli yutulabilecek k\u00fc\u00e7\u00fck ve keskin par\u00e7alar, kordon ve ba\u011fc\u0131klar bulunmamaktad\u0131r.<\/p>\n<p>\u2014 Technical Details \u2014<br \/>\nKuma\u015f: %100 POL\u0130ESTER<br \/>\nKol Boyu: Uzun Kol<br \/>\nKol Tipi: D\u00fc\u015f\u00fck Omuz<br \/>\n\u00dcr\u00fcn\u00fcn Alt Markas\u0131: Kidswear<br \/>\nSat\u0131c\u0131\/\u0130malat\u00e7\u0131\/\u0130thalat\u00e7\u0131 \u0130smi: Koton Ma\u011fazac\u0131l\u0131k Tekstil Sanayi ve Ticaret A.\u015e.<br \/>\nPosta Adresi: Ayaza\u011fa Mah. Maslak Ayaza\u011fa Cad. No:3 \u0130\u00e7 Kap\u0131 No:5 Sar\u0131yer\/\u0130stanbul<br \/>\nE-Posta Adresi: mim@koton.com<\/p>\n","protected":false},"excerpt":{"rendered":"<p>Fermuarl\u0131 polar sweatshirt, \u00e7ocuklar i\u00e7in erahat bir se\u00e7enek sunuyor. Yumu\u015fac\u0131k polar yap\u0131s\u0131 ile g\u00fcn boyu konfor ve s\u0131cakl\u0131k sunuyor. Uzun kollu ve dik yaka tasar\u0131m\u0131yla so\u011fuk g\u00fcnlerde s\u0131cak tutuyor ve rahat kesimiyle hareket \u00f6zg\u00fcrl\u00fc\u011f\u00fc sunuyor. \u00dcr\u00fcn \u00d6zellikleri Kol Tipi: Uzun Kol Yaka Tipi: Dik Yaka, Fermuarl\u0131 Kullan\u0131m Alan\u0131: G\u00fcnl\u00fck Giyim, Spor Giyim Koton erkek bebek [&hellip;]<\/p>\n","protected":false},"featured_media":146458,"comment_status":"open","ping_status":"closed","template":"","meta":[],"product_brand":[],"product_cat":[10823,8739,8694,8697,8700],"product_tag":[],"class_list":{"0":"post-146461","1":"product","2":"type-product","3":"status-publish","4":"has-post-thumbnail","6":"product_cat-erkek-cocuk-ceket-yelek","7":"product_cat-erkek-cocuklar-2-14-yas","8":"product_cat-cocuklar","9":"product_cat-yenidogan-0-12-ay","10":"product_cat-yenidogan-giyim","11":"pa_brand-koton","12":"pa_color-bej","13":"pa_size-12-18-ay-2","14":"pa_size-18-24-ay-2","15":"pa_size-24-36-ay-2","16":"pa_size-3-4-yas-2","17":"pa_size-4-5-yas-2","19":"first","20":"outofstock","21":"shipping-taxable","22":"product-type-variable"},"_links":{"self":[{"href":"https:\/\/mod.wisdar.net\/tr\/wp-json\/wp\/v2\/product\/146461","targetHints":{"allow":["GET"]}}],"collection":[{"href":"https:\/\/mod.wisdar.net\/tr\/wp-json\/wp\/v2\/product"}],"about":[{"href":"https:\/\/mod.wisdar.net\/tr\/wp-json\/wp\/v2\/types\/product"}],"replies":[{"embeddable":true,"href":"https:\/\/mod.wisdar.net\/tr\/wp-json\/wp\/v2\/comments?post=146461"}],"wp:featuredmedia":[{"embeddable":true,"href":"https:\/\/mod.wisdar.net\/tr\/wp-json\/wp\/v2\/media\/146458"}],"wp:attachment":[{"href":"https:\/\/mod.wisdar.net\/tr\/wp-json\/wp\/v2\/media?parent=146461"}],"wp:term":[{"taxonomy":"product_brand","embeddable":true,"href":"https:\/\/mod.wisdar.net\/tr\/wp-json\/wp\/v2\/product_brand?post=146461"},{"taxonomy":"product_cat","embeddable":true,"href":"https:\/\/mod.wisdar.net\/tr\/wp-json\/wp\/v2\/product_cat?post=146461"},{"taxonomy":"product_tag","embeddable":true,"href":"https:\/\/mod.wisdar.net\/tr\/wp-json\/wp\/v2\/product_tag?post=146461"}],"curies":[{"name":"wp","href":"https:\/\/api.w.org\/{rel}","templated":true}]}}