{"id":146517,"date":"2026-02-21T22:53:44","date_gmt":"2026-02-21T22:53:44","guid":{"rendered":"https:\/\/modesthanim.com\/product\/kolej-yaka-bomber-mont-kiz-cocuk\/"},"modified":"2026-03-03T07:47:50","modified_gmt":"2026-03-03T07:47:50","slug":"kolej-yaka-bomber-mont-kiz-cocuk","status":"publish","type":"product","link":"https:\/\/mod.wisdar.net\/tr\/urun\/kolej-yaka-bomber-mont-kiz-cocuk\/","title":{"rendered":"Kolej Yaka Bomber Mont K\u0131z \u00c7ocuk"},"content":{"rendered":"<p>K\u0131z \u00c7ocuk Kolej Yaka Bomber Mont, \u015f\u0131k kolej yaka tasar\u0131m\u0131 ve modern bomber kesimiyle tarz sahibi bir g\u00f6r\u00fcn\u00fcm sunar. Yumu\u015fak ve dayan\u0131kl\u0131 kuma\u015f\u0131yla g\u00fcn boyu konfor sa\u011flar.<\/p>\n<p>\u2014 Technical Details \u2014<br \/>\nKuma\u015f: Suni Deri<br \/>\nCinsiyet: K\u0131z \u00c7ocuk<br \/>\nD\u0131\u015f Giyim \u00dcr\u00fcn Grubu: Suni Deri Ceket<br \/>\nYaka: Kolej Yaka Bomber<br \/>\nRenk: Siyah<br \/>\nKol Boyu: Uzun Kollu<br \/>\nMarka: Defacto<br \/>\nMen\u015fei: CN<br \/>\n\u00dcr\u00fcn Grubu: K\u0131z \u00c7ocuk \u2013 Gen\u00e7 K\u0131z Mont<\/p>\n","protected":false},"excerpt":{"rendered":"<p>K\u0131z \u00c7ocuk Kolej Yaka Bomber Mont, \u015f\u0131k kolej yaka tasar\u0131m\u0131 ve modern bomber kesimiyle tarz sahibi bir g\u00f6r\u00fcn\u00fcm sunar. Yumu\u015fak ve dayan\u0131kl\u0131 kuma\u015f\u0131yla g\u00fcn boyu konfor sa\u011flar. \u2014 Technical Details \u2014 Kuma\u015f: Suni Deri Cinsiyet: K\u0131z \u00c7ocuk D\u0131\u015f Giyim \u00dcr\u00fcn Grubu: Suni Deri Ceket Yaka: Kolej Yaka Bomber Renk: Siyah Kol Boyu: Uzun Kollu Marka: [&hellip;]<\/p>\n","protected":false},"featured_media":146508,"comment_status":"open","ping_status":"closed","template":"","meta":[],"product_brand":[],"product_cat":[10820,8715,8694],"product_tag":[7074,6768],"class_list":{"0":"post-146517","1":"product","2":"type-product","3":"status-publish","4":"has-post-thumbnail","6":"product_cat-kiz-cocuk-ceket-yelek","7":"product_cat-kiz-cocuklari-2-14-yas","8":"product_cat-cocuklar","9":"product_tag-siyah","10":"product_tag-uzun-kol","11":"pa_brand-defacto","12":"pa_color-siyah","13":"pa_size-11-12-yas-152cm","14":"pa_size-13-14-yas-164cm","15":"pa_size-7-8-yas-128cm","16":"pa_size-8-9-yas-134cm","17":"pa_size-9-10-yas-140cm","19":"first","20":"instock","21":"sale","22":"shipping-taxable","23":"purchasable","24":"product-type-variable"},"_links":{"self":[{"href":"https:\/\/mod.wisdar.net\/tr\/wp-json\/wp\/v2\/product\/146517","targetHints":{"allow":["GET"]}}],"collection":[{"href":"https:\/\/mod.wisdar.net\/tr\/wp-json\/wp\/v2\/product"}],"about":[{"href":"https:\/\/mod.wisdar.net\/tr\/wp-json\/wp\/v2\/types\/product"}],"replies":[{"embeddable":true,"href":"https:\/\/mod.wisdar.net\/tr\/wp-json\/wp\/v2\/comments?post=146517"}],"wp:featuredmedia":[{"embeddable":true,"href":"https:\/\/mod.wisdar.net\/tr\/wp-json\/wp\/v2\/media\/146508"}],"wp:attachment":[{"href":"https:\/\/mod.wisdar.net\/tr\/wp-json\/wp\/v2\/media?parent=146517"}],"wp:term":[{"taxonomy":"product_brand","embeddable":true,"href":"https:\/\/mod.wisdar.net\/tr\/wp-json\/wp\/v2\/product_brand?post=146517"},{"taxonomy":"product_cat","embeddable":true,"href":"https:\/\/mod.wisdar.net\/tr\/wp-json\/wp\/v2\/product_cat?post=146517"},{"taxonomy":"product_tag","embeddable":true,"href":"https:\/\/mod.wisdar.net\/tr\/wp-json\/wp\/v2\/product_tag?post=146517"}],"curies":[{"name":"wp","href":"https:\/\/api.w.org\/{rel}","templated":true}]}}