{"id":146524,"date":"2026-02-21T22:53:44","date_gmt":"2026-02-21T22:53:44","guid":{"rendered":"https:\/\/modesthanim.com\/product\/balikci-yaka-mont-kiz-cocuk\/"},"modified":"2026-03-03T07:48:03","modified_gmt":"2026-03-03T07:48:03","slug":"balikci-yaka-mont-kiz-cocuk","status":"publish","type":"product","link":"https:\/\/mod.wisdar.net\/tr\/urun\/balikci-yaka-mont-kiz-cocuk\/","title":{"rendered":"Bal\u0131k\u00e7\u0131 Yaka Mont K\u0131z \u00c7ocuk"},"content":{"rendered":"<p>\u015e\u0131k bal\u0131k\u00e7\u0131 yaka tasar\u0131m\u0131yla k\u0131z \u00e7ocuk montu, so\u011fuk havalarda ekstra s\u0131cakl\u0131k ve konfor sa\u011flar. Yumu\u015fak ve dayan\u0131kl\u0131 kuma\u015f\u0131 g\u00fcn boyu rahat kullan\u0131m sunarken, modern kesimi her kombine stil katar.<\/p>\n","protected":false},"excerpt":{"rendered":"<p>\u015e\u0131k bal\u0131k\u00e7\u0131 yaka tasar\u0131m\u0131yla k\u0131z \u00e7ocuk montu, so\u011fuk havalarda ekstra s\u0131cakl\u0131k ve konfor sa\u011flar. Yumu\u015fak ve dayan\u0131kl\u0131 kuma\u015f\u0131 g\u00fcn boyu rahat kullan\u0131m sunarken, modern kesimi her kombine stil katar.<\/p>\n","protected":false},"featured_media":146509,"comment_status":"open","ping_status":"closed","template":"","meta":[],"product_brand":[],"product_cat":[10820,8715,8694],"product_tag":[6311],"class_list":{"0":"post-146524","1":"product","2":"type-product","3":"status-publish","4":"has-post-thumbnail","6":"product_cat-kiz-cocuk-ceket-yelek","7":"product_cat-kiz-cocuklari-2-14-yas","8":"product_cat-cocuklar","9":"product_tag-winter-coat","10":"pa_brand-defacto","11":"pa_color-ekru","12":"pa_size-11-12-yas-152cm","13":"pa_size-13-14-yas-164cm","14":"pa_size-7-8-yas-128cm","15":"pa_size-8-9-yas-134cm","16":"pa_size-9-10-yas-140cm","18":"first","19":"instock","20":"sale","21":"shipping-taxable","22":"purchasable","23":"product-type-variable"},"_links":{"self":[{"href":"https:\/\/mod.wisdar.net\/tr\/wp-json\/wp\/v2\/product\/146524","targetHints":{"allow":["GET"]}}],"collection":[{"href":"https:\/\/mod.wisdar.net\/tr\/wp-json\/wp\/v2\/product"}],"about":[{"href":"https:\/\/mod.wisdar.net\/tr\/wp-json\/wp\/v2\/types\/product"}],"replies":[{"embeddable":true,"href":"https:\/\/mod.wisdar.net\/tr\/wp-json\/wp\/v2\/comments?post=146524"}],"wp:featuredmedia":[{"embeddable":true,"href":"https:\/\/mod.wisdar.net\/tr\/wp-json\/wp\/v2\/media\/146509"}],"wp:attachment":[{"href":"https:\/\/mod.wisdar.net\/tr\/wp-json\/wp\/v2\/media?parent=146524"}],"wp:term":[{"taxonomy":"product_brand","embeddable":true,"href":"https:\/\/mod.wisdar.net\/tr\/wp-json\/wp\/v2\/product_brand?post=146524"},{"taxonomy":"product_cat","embeddable":true,"href":"https:\/\/mod.wisdar.net\/tr\/wp-json\/wp\/v2\/product_cat?post=146524"},{"taxonomy":"product_tag","embeddable":true,"href":"https:\/\/mod.wisdar.net\/tr\/wp-json\/wp\/v2\/product_tag?post=146524"}],"curies":[{"name":"wp","href":"https:\/\/api.w.org\/{rel}","templated":true}]}}