{"id":146593,"date":"2026-02-21T22:57:09","date_gmt":"2026-02-21T22:57:09","guid":{"rendered":"https:\/\/modesthanim.com\/product\/kase-mont-kiz-cocuk\/"},"modified":"2026-03-03T07:45:50","modified_gmt":"2026-03-03T07:45:50","slug":"kase-mont-kiz-cocuk","status":"publish","type":"product","link":"https:\/\/mod.wisdar.net\/tr\/urun\/kase-mont-kiz-cocuk\/","title":{"rendered":"Ka\u015fe Mont K\u0131z \u00c7ocuk"},"content":{"rendered":"<p>Bisiklet yaka tasar\u0131m\u0131 ve oversize kesimiyle konforlu bir kullan\u0131m sunan K\u0131z \u00c7ocuk Mont, geni\u015f kal\u0131b\u0131 sayesinde rahat hareket imk\u00e2n\u0131 sa\u011flar. So\u011fuk havalarda s\u0131cak tutarken \u015f\u0131k ve modern bir g\u00f6r\u00fcn\u00fcm kazand\u0131r\u0131r.<\/p>\n<p>\u2014 Technical Details \u2014<br \/>\nKuma\u015f: Ka\u015fe<br \/>\nCinsiyet: K\u0131z \u00c7ocuk<br \/>\nKol Boyu: Uzun Kollu<br \/>\nKal\u0131p: Overs\u0131ze<br \/>\nMarka: Defacto<br \/>\nMen\u015fei: MM<br \/>\n\u00dcr\u00fcn Grubu: K\u0131z \u00c7ocuk \u2013 Gen\u00e7 K\u0131z Mont<\/p>\n","protected":false},"excerpt":{"rendered":"<p>Bisiklet yaka tasar\u0131m\u0131 ve oversize kesimiyle konforlu bir kullan\u0131m sunan K\u0131z \u00c7ocuk Mont, geni\u015f kal\u0131b\u0131 sayesinde rahat hareket imk\u00e2n\u0131 sa\u011flar. So\u011fuk havalarda s\u0131cak tutarken \u015f\u0131k ve modern bir g\u00f6r\u00fcn\u00fcm kazand\u0131r\u0131r. \u2014 Technical Details \u2014 Kuma\u015f: Ka\u015fe Cinsiyet: K\u0131z \u00c7ocuk Kol Boyu: Uzun Kollu Kal\u0131p: Overs\u0131ze Marka: Defacto Men\u015fei: MM \u00dcr\u00fcn Grubu: K\u0131z \u00c7ocuk \u2013 Gen\u00e7 [&hellip;]<\/p>\n","protected":false},"featured_media":146587,"comment_status":"open","ping_status":"closed","template":"","meta":[],"product_brand":[],"product_cat":[10820,8715,8694],"product_tag":[7089,7327,6311],"class_list":{"0":"post-146593","1":"product","2":"type-product","3":"status-publish","4":"has-post-thumbnail","6":"product_cat-kiz-cocuk-ceket-yelek","7":"product_cat-kiz-cocuklari-2-14-yas","8":"product_cat-cocuklar","9":"product_tag-defacto","10":"product_tag-oversize","11":"product_tag-winter-coat","12":"pa_brand-defacto","13":"pa_color-ekru","14":"pa_size-11-12-yas-152cm","15":"pa_size-13-14-yas-164cm","16":"pa_size-7-8-yas-128cm","17":"pa_size-8-9-yas-134cm","18":"pa_size-9-10-yas-140cm","20":"first","21":"instock","22":"sale","23":"shipping-taxable","24":"purchasable","25":"product-type-variable"},"_links":{"self":[{"href":"https:\/\/mod.wisdar.net\/tr\/wp-json\/wp\/v2\/product\/146593","targetHints":{"allow":["GET"]}}],"collection":[{"href":"https:\/\/mod.wisdar.net\/tr\/wp-json\/wp\/v2\/product"}],"about":[{"href":"https:\/\/mod.wisdar.net\/tr\/wp-json\/wp\/v2\/types\/product"}],"replies":[{"embeddable":true,"href":"https:\/\/mod.wisdar.net\/tr\/wp-json\/wp\/v2\/comments?post=146593"}],"wp:featuredmedia":[{"embeddable":true,"href":"https:\/\/mod.wisdar.net\/tr\/wp-json\/wp\/v2\/media\/146587"}],"wp:attachment":[{"href":"https:\/\/mod.wisdar.net\/tr\/wp-json\/wp\/v2\/media?parent=146593"}],"wp:term":[{"taxonomy":"product_brand","embeddable":true,"href":"https:\/\/mod.wisdar.net\/tr\/wp-json\/wp\/v2\/product_brand?post=146593"},{"taxonomy":"product_cat","embeddable":true,"href":"https:\/\/mod.wisdar.net\/tr\/wp-json\/wp\/v2\/product_cat?post=146593"},{"taxonomy":"product_tag","embeddable":true,"href":"https:\/\/mod.wisdar.net\/tr\/wp-json\/wp\/v2\/product_tag?post=146593"}],"curies":[{"name":"wp","href":"https:\/\/api.w.org\/{rel}","templated":true}]}}