{"id":146604,"date":"2026-02-21T22:57:19","date_gmt":"2026-02-21T22:57:19","guid":{"rendered":"https:\/\/modesthanim.com\/product\/v-yaka-mont-kiz-cocuk\/"},"modified":"2026-03-03T07:48:22","modified_gmt":"2026-03-03T07:48:22","slug":"v-yaka-mont-kiz-cocuk","status":"publish","type":"product","link":"https:\/\/mod.wisdar.net\/tr\/urun\/v-yaka-mont-kiz-cocuk\/","title":{"rendered":"V Yaka Mont K\u0131z \u00c7ocuk"},"content":{"rendered":"<p>Arad\u0131\u011f\u0131n Ekru K\u0131z \u00c7ocuk \u2013 Gen\u00e7 K\u0131z V Yaka Mont K\u0131z \u00c7ocuk en uygun fiyatla DeFacto&#8217;da! Yeni sezon Ekru K\u0131z \u00c7ocuk \u2013 Gen\u00e7 K\u0131z V Yaka Mont K\u0131z \u00c7ocuk i\u00e7in hemen DeFacto&#8217;ya t\u0131kla!<\/p>\n<p>\u2014 Technical Details \u2014<br \/>\nYaka: V Yaka<br \/>\nD\u0131\u015f Giyim \u00dcr\u00fcn Grubu: Mont<br \/>\nKol Boyu: Uzun Kollu<br \/>\nRenk: Ekru<br \/>\nCinsiyet: K\u0131z \u00c7ocuk<br \/>\nKuma\u015f: S\u00fcet<br \/>\nKal\u0131p: Overs\u0131ze<br \/>\nModel \u00d6l\u00e7\u00fcleri: 8\/9 Ya\u015f (134cm) Beden \u2013 1,35cm<br \/>\nMarka: Defacto<br \/>\nMen\u015fei: MM<\/p>\n","protected":false},"excerpt":{"rendered":"<p>Arad\u0131\u011f\u0131n Ekru K\u0131z \u00c7ocuk \u2013 Gen\u00e7 K\u0131z V Yaka Mont K\u0131z \u00c7ocuk en uygun fiyatla DeFacto&#8217;da! Yeni sezon Ekru K\u0131z \u00c7ocuk \u2013 Gen\u00e7 K\u0131z V Yaka Mont K\u0131z \u00c7ocuk i\u00e7in hemen DeFacto&#8217;ya t\u0131kla! \u2014 Technical Details \u2014 Yaka: V Yaka D\u0131\u015f Giyim \u00dcr\u00fcn Grubu: Mont Kol Boyu: Uzun Kollu Renk: Ekru Cinsiyet: K\u0131z \u00c7ocuk Kuma\u015f: [&hellip;]<\/p>\n","protected":false},"featured_media":146599,"comment_status":"open","ping_status":"closed","template":"","meta":[],"product_brand":[],"product_cat":[10820,8715,8694],"product_tag":[5010,6757,7327,7052],"class_list":{"0":"post-146604","1":"product","2":"type-product","3":"status-publish","4":"has-post-thumbnail","6":"product_cat-kiz-cocuk-ceket-yelek","7":"product_cat-kiz-cocuklari-2-14-yas","8":"product_cat-cocuklar","9":"product_tag-coat","10":"product_tag-ekru","11":"product_tag-oversize","12":"product_tag-suet","13":"pa_brand-defacto","14":"pa_color-ekru","15":"pa_size-11-12-yas-152cm","16":"pa_size-13-14-yas-164cm","17":"pa_size-5-6-yas-116cm","18":"pa_size-7-8-yas-128cm","19":"pa_size-8-9-yas-134cm","20":"pa_size-9-10-yas-140cm","22":"first","23":"instock","24":"sale","25":"shipping-taxable","26":"purchasable","27":"product-type-variable"},"_links":{"self":[{"href":"https:\/\/mod.wisdar.net\/tr\/wp-json\/wp\/v2\/product\/146604","targetHints":{"allow":["GET"]}}],"collection":[{"href":"https:\/\/mod.wisdar.net\/tr\/wp-json\/wp\/v2\/product"}],"about":[{"href":"https:\/\/mod.wisdar.net\/tr\/wp-json\/wp\/v2\/types\/product"}],"replies":[{"embeddable":true,"href":"https:\/\/mod.wisdar.net\/tr\/wp-json\/wp\/v2\/comments?post=146604"}],"wp:featuredmedia":[{"embeddable":true,"href":"https:\/\/mod.wisdar.net\/tr\/wp-json\/wp\/v2\/media\/146599"}],"wp:attachment":[{"href":"https:\/\/mod.wisdar.net\/tr\/wp-json\/wp\/v2\/media?parent=146604"}],"wp:term":[{"taxonomy":"product_brand","embeddable":true,"href":"https:\/\/mod.wisdar.net\/tr\/wp-json\/wp\/v2\/product_brand?post=146604"},{"taxonomy":"product_cat","embeddable":true,"href":"https:\/\/mod.wisdar.net\/tr\/wp-json\/wp\/v2\/product_cat?post=146604"},{"taxonomy":"product_tag","embeddable":true,"href":"https:\/\/mod.wisdar.net\/tr\/wp-json\/wp\/v2\/product_tag?post=146604"}],"curies":[{"name":"wp","href":"https:\/\/api.w.org\/{rel}","templated":true}]}}