{"id":14662,"date":"2025-11-01T22:09:52","date_gmt":"2025-11-01T22:09:52","guid":{"rendered":"https:\/\/modesthanim.com\/product\/kemerli-desenli-uzun-tunik-vizon\/"},"modified":"2026-04-03T17:22:24","modified_gmt":"2026-04-03T17:22:24","slug":"kemerli-desenli-uzun-tunik-vizon","status":"publish","type":"product","link":"https:\/\/mod.wisdar.net\/tr\/urun\/kemerli-desenli-uzun-tunik-vizon\/","title":{"rendered":"Kemerli Desenli Uzun Tunik \u2013 Vizon"},"content":{"rendered":"<p>\u015e\u0131k desenleri ve bel k\u0131sm\u0131ndaki kemer detay\u0131 ile feminen bir siluet sunan bu uzun tunik, stil ve konforu bir arada sunar. G\u00fcnl\u00fck ve \u00f6zel k\u0131yafetler i\u00e7in ideal bir se\u00e7imdir.<\/p>\n<p>Kuma\u015f \u0130\u00e7eri\u011fi: %65 Rayon, %35 Viskoz<br \/>\nDesen: Soyut Desen<br \/>\nYaka Tipi: G\u00f6mlek Yaka<br \/>\nKol Tipi: Uzun Kol<br \/>\nCep: Cepsiz<br \/>\nAstar: Astars\u0131z<br \/>\n\u00dcr\u00fcn Uzunlu\u011fu: 125 cm<br \/>\nKal\u0131p: Normal Kal\u0131p<br \/>\nModelin Giydi\u011fi Beden: 38<\/p>\n<p>Model \u00d6l\u00e7\u00fcleri: Boy: 176 cm, G\u00f6\u011f\u00fcs: 80 cm, Bel: 60 cm, Kal\u00e7a: 90 cm<\/p>\n<p>\u2014 Teknik Detaylar \u2014<br \/>\nDesen: Soyut Desen<br \/>\nYaka Tipi: G\u00f6mlek Yaka<br \/>\nKol Tipi: Uzun Kol<br \/>\nCep: Cepsiz<br \/>\nAstar: Astars\u0131z<br \/>\n\u00dcr\u00fcn Uzunlu\u011fu: 125 cm<br \/>\nKal\u0131p: Normal Kal\u0131p<br \/>\nModelin Giydi\u011fi Beden: 38<br \/>\nBeden Tablosu: 38&#8217;den 48&#8217;e detayl\u0131 \u00f6l\u00e7\u00fclerle.<\/p>\n","protected":false},"excerpt":{"rendered":"<p>\u015e\u0131k desenleri ve bel k\u0131sm\u0131ndaki kemer detay\u0131 ile feminen bir siluet sunan bu uzun tunik, stil ve konforu bir arada sunar. G\u00fcnl\u00fck ve \u00f6zel k\u0131yafetler i\u00e7in ideal bir se\u00e7imdir. Kuma\u015f \u0130\u00e7eri\u011fi: %65 Rayon, %35 Viskoz Desen: Soyut Desen Yaka Tipi: G\u00f6mlek Yaka Kol Tipi: Uzun Kol Cep: Cepsiz Astar: Astars\u0131z \u00dcr\u00fcn Uzunlu\u011fu: 125 cm Kal\u0131p: [&hellip;]<\/p>\n","protected":false},"featured_media":0,"comment_status":"open","ping_status":"closed","template":"","meta":[],"product_brand":[],"product_cat":[2050,1909],"product_tag":[5012,7668,6751,8107],"class_list":{"0":"post-14662","1":"product","2":"type-product","3":"status-publish","5":"product_cat-blazer-ceketler","6":"product_cat-bluzlar-ve-gomlekler","7":"product_tag-elegant","8":"product_tag-kemerli","9":"product_tag-rahat","10":"product_tag-sik","11":"pa_brand-tugba","12":"pa_color-vizon","13":"pa_size-4706","14":"pa_size-4711","15":"pa_size-4713","16":"pa_size-4751","17":"pa_size-4749","18":"pa_size-4747","20":"first","21":"instock","22":"sale","23":"shipping-taxable","24":"purchasable","25":"product-type-variable"},"_links":{"self":[{"href":"https:\/\/mod.wisdar.net\/tr\/wp-json\/wp\/v2\/product\/14662","targetHints":{"allow":["GET"]}}],"collection":[{"href":"https:\/\/mod.wisdar.net\/tr\/wp-json\/wp\/v2\/product"}],"about":[{"href":"https:\/\/mod.wisdar.net\/tr\/wp-json\/wp\/v2\/types\/product"}],"replies":[{"embeddable":true,"href":"https:\/\/mod.wisdar.net\/tr\/wp-json\/wp\/v2\/comments?post=14662"}],"wp:attachment":[{"href":"https:\/\/mod.wisdar.net\/tr\/wp-json\/wp\/v2\/media?parent=14662"}],"wp:term":[{"taxonomy":"product_brand","embeddable":true,"href":"https:\/\/mod.wisdar.net\/tr\/wp-json\/wp\/v2\/product_brand?post=14662"},{"taxonomy":"product_cat","embeddable":true,"href":"https:\/\/mod.wisdar.net\/tr\/wp-json\/wp\/v2\/product_cat?post=14662"},{"taxonomy":"product_tag","embeddable":true,"href":"https:\/\/mod.wisdar.net\/tr\/wp-json\/wp\/v2\/product_tag?post=14662"}],"curies":[{"name":"wp","href":"https:\/\/api.w.org\/{rel}","templated":true}]}}