{"id":146729,"date":"2026-02-21T23:13:29","date_gmt":"2026-02-21T23:13:29","guid":{"rendered":"https:\/\/modesthanim.com\/product\/kapusonlu-ve-fermuarli-ust\/"},"modified":"2026-04-04T17:02:19","modified_gmt":"2026-04-04T17:02:19","slug":"kapusonlu-ve-fermuarli-ust","status":"publish","type":"product","link":"https:\/\/mod.wisdar.net\/tr\/urun\/kapusonlu-ve-fermuarli-ust\/","title":{"rendered":"Kap\u00fc\u015fonlu ve Fermuarl\u0131 \u00dcst"},"content":{"rendered":"<p>\u0130\u00e7i yumu\u015fak t\u00fcyl\u00fc sweatshirt kuma\u015ftan, kap\u00fc\u015fonu astarl\u0131, \u00f6n\u00fc fermuarl\u0131, d\u00fc\u015f\u00fck omuzlu, \u00f6n cepli \u00fcst. Man\u015fetleri ve etek ucu ribanal\u0131.<\/p>\n<p>\u2014 Technical Details \u2014<br \/>\nKonsept: BASICS<br \/>\nA\u00e7\u0131klama: Lacivert, D\u00fcz renkli<br \/>\nUzunluk: Normal uzunlukta<br \/>\nKol Uzunlu\u011fu: Uzun kollu<br \/>\nKes\u0130m: Normal kesim<br \/>\nStil: Kap\u00fc\u015fonlu Ceket<br \/>\nAdet: Tek<br \/>\nEk materyal bilgileri: Bu \u00fcr\u00fcn\u00fcn toplam a\u011f\u0131rl\u0131\u011f\u0131 en az: 17% Geri d\u00f6n\u00fc\u015ft\u00fcr\u00fclm\u00fc\u015f pamuk<\/p>\n","protected":false},"excerpt":{"rendered":"<p>\u0130\u00e7i yumu\u015fak t\u00fcyl\u00fc sweatshirt kuma\u015ftan, kap\u00fc\u015fonu astarl\u0131, \u00f6n\u00fc fermuarl\u0131, d\u00fc\u015f\u00fck omuzlu, \u00f6n cepli \u00fcst. Man\u015fetleri ve etek ucu ribanal\u0131. \u2014 Technical Details \u2014 Konsept: BASICS A\u00e7\u0131klama: Lacivert, D\u00fcz renkli Uzunluk: Normal uzunlukta Kol Uzunlu\u011fu: Uzun kollu Kes\u0130m: Normal kesim Stil: Kap\u00fc\u015fonlu Ceket Adet: Tek Ek materyal bilgileri: Bu \u00fcr\u00fcn\u00fcn toplam a\u011f\u0131rl\u0131\u011f\u0131 en az: 17% Geri [&hellip;]<\/p>\n","protected":false},"featured_media":146727,"comment_status":"open","ping_status":"closed","template":"","meta":[],"product_brand":[],"product_cat":[10823,8739,8751,8694],"product_tag":[8282],"class_list":{"0":"post-146729","1":"product","2":"type-product","3":"status-publish","4":"has-post-thumbnail","6":"product_cat-erkek-cocuk-ceket-yelek","7":"product_cat-erkek-cocuklar-2-14-yas","8":"product_cat-kapusonlular","9":"product_cat-cocuklar","10":"product_tag-lacivert-2","11":"pa_brand-hm","12":"pa_color-lacivert","13":"pa_size-134-140-8-10y","14":"pa_size-146-152-10-12y","15":"pa_size-158-164-12-14y","16":"pa_size-170-14y","18":"first","19":"outofstock","20":"shipping-taxable","21":"product-type-variable"},"_links":{"self":[{"href":"https:\/\/mod.wisdar.net\/tr\/wp-json\/wp\/v2\/product\/146729","targetHints":{"allow":["GET"]}}],"collection":[{"href":"https:\/\/mod.wisdar.net\/tr\/wp-json\/wp\/v2\/product"}],"about":[{"href":"https:\/\/mod.wisdar.net\/tr\/wp-json\/wp\/v2\/types\/product"}],"replies":[{"embeddable":true,"href":"https:\/\/mod.wisdar.net\/tr\/wp-json\/wp\/v2\/comments?post=146729"}],"wp:featuredmedia":[{"embeddable":true,"href":"https:\/\/mod.wisdar.net\/tr\/wp-json\/wp\/v2\/media\/146727"}],"wp:attachment":[{"href":"https:\/\/mod.wisdar.net\/tr\/wp-json\/wp\/v2\/media?parent=146729"}],"wp:term":[{"taxonomy":"product_brand","embeddable":true,"href":"https:\/\/mod.wisdar.net\/tr\/wp-json\/wp\/v2\/product_brand?post=146729"},{"taxonomy":"product_cat","embeddable":true,"href":"https:\/\/mod.wisdar.net\/tr\/wp-json\/wp\/v2\/product_cat?post=146729"},{"taxonomy":"product_tag","embeddable":true,"href":"https:\/\/mod.wisdar.net\/tr\/wp-json\/wp\/v2\/product_tag?post=146729"}],"curies":[{"name":"wp","href":"https:\/\/api.w.org\/{rel}","templated":true}]}}