{"id":146777,"date":"2026-02-21T23:15:31","date_gmt":"2026-02-21T23:15:31","guid":{"rendered":"https:\/\/modesthanim.com\/product\/baskili-pijama-takimi\/"},"modified":"2026-03-26T21:38:49","modified_gmt":"2026-03-26T21:38:49","slug":"baskili-pijama-takimi","status":"publish","type":"product","link":"https:\/\/mod.wisdar.net\/tr\/urun\/baskili-pijama-takimi\/","title":{"rendered":"Bask\u0131l\u0131 Pijama Tak\u0131m\u0131"},"content":{"rendered":"<p>Pamuklu ve bask\u0131l\u0131 yumu\u015fak jarseden, overlok \u015feritli pijama tak\u0131m\u0131. Yuvarlak yakal\u0131, k\u0131sa kollu uzun \u00fcst. Beli kapl\u0131 lastikli diz boyu \u015fort.<\/p>\n<p>\u2014 Technical Details \u2014<br \/>\npieces: 2<br \/>\ndescription: A\u00e7\u0131k sar\u0131\/Mor\/Sar\u0131\/Siyah\/Kahverengi\/Pembe, Desenli, Squishmallows, Squishmallows<br \/>\ngarment_length: Uzun, Diz boyu<br \/>\nwaist_rise: Normal belli<br \/>\nsleeve_length: K\u0131sa kollu<br \/>\nneck_line_style: Yuvarlak yakal\u0131<br \/>\nmaterial: Pamuk, Jarse<br \/>\npattern: Desenli<br \/>\naudience: unisex<\/p>\n","protected":false},"excerpt":{"rendered":"<p>Pamuklu ve bask\u0131l\u0131 yumu\u015fak jarseden, overlok \u015feritli pijama tak\u0131m\u0131. Yuvarlak yakal\u0131, k\u0131sa kollu uzun \u00fcst. Beli kapl\u0131 lastikli diz boyu \u015fort. \u2014 Technical Details \u2014 pieces: 2 description: A\u00e7\u0131k sar\u0131\/Mor\/Sar\u0131\/Siyah\/Kahverengi\/Pembe, Desenli, Squishmallows, Squishmallows garment_length: Uzun, Diz boyu waist_rise: Normal belli sleeve_length: K\u0131sa kollu neck_line_style: Yuvarlak yakal\u0131 material: Pamuk, Jarse pattern: Desenli audience: unisex<\/p>\n","protected":false},"featured_media":146773,"comment_status":"open","ping_status":"closed","template":"","meta":[],"product_brand":[],"product_cat":[8715,8694,8730],"product_tag":[8022,7444,7488,6751],"class_list":{"0":"post-146777","1":"product","2":"type-product","3":"status-publish","4":"has-post-thumbnail","6":"product_cat-kiz-cocuklari-2-14-yas","7":"product_cat-cocuklar","8":"product_cat-pijama","9":"product_tag-baskili-2","10":"product_tag-jarse","11":"product_tag-pamuk","12":"product_tag-rahat","13":"pa_color-acik-mor-karlar-ulkesi","14":"pa_size-110-116-4-6y","15":"pa_size-122-128-6-8y","16":"pa_size-134-140-8-10y","17":"pa_size-92-1-2y","18":"pa_size-98-104-2-4y","20":"first","21":"outofstock","22":"shipping-taxable","23":"product-type-variable"},"_links":{"self":[{"href":"https:\/\/mod.wisdar.net\/tr\/wp-json\/wp\/v2\/product\/146777","targetHints":{"allow":["GET"]}}],"collection":[{"href":"https:\/\/mod.wisdar.net\/tr\/wp-json\/wp\/v2\/product"}],"about":[{"href":"https:\/\/mod.wisdar.net\/tr\/wp-json\/wp\/v2\/types\/product"}],"replies":[{"embeddable":true,"href":"https:\/\/mod.wisdar.net\/tr\/wp-json\/wp\/v2\/comments?post=146777"}],"wp:featuredmedia":[{"embeddable":true,"href":"https:\/\/mod.wisdar.net\/tr\/wp-json\/wp\/v2\/media\/146773"}],"wp:attachment":[{"href":"https:\/\/mod.wisdar.net\/tr\/wp-json\/wp\/v2\/media?parent=146777"}],"wp:term":[{"taxonomy":"product_brand","embeddable":true,"href":"https:\/\/mod.wisdar.net\/tr\/wp-json\/wp\/v2\/product_brand?post=146777"},{"taxonomy":"product_cat","embeddable":true,"href":"https:\/\/mod.wisdar.net\/tr\/wp-json\/wp\/v2\/product_cat?post=146777"},{"taxonomy":"product_tag","embeddable":true,"href":"https:\/\/mod.wisdar.net\/tr\/wp-json\/wp\/v2\/product_tag?post=146777"}],"curies":[{"name":"wp","href":"https:\/\/api.w.org\/{rel}","templated":true}]}}