{"id":146786,"date":"2026-02-21T23:15:40","date_gmt":"2026-02-21T23:15:40","guid":{"rendered":"https:\/\/modesthanim.com\/product\/baskili-pijama-takimi-2\/"},"modified":"2026-04-04T17:02:58","modified_gmt":"2026-04-04T17:02:58","slug":"baskili-pijama-takimi-2","status":"publish","type":"product","link":"https:\/\/mod.wisdar.net\/tr\/urun\/baskili-pijama-takimi-2\/","title":{"rendered":"Bask\u0131l\u0131 Pijama Tak\u0131m\u0131"},"content":{"rendered":"<p>Bask\u0131l\u0131 yumu\u015fak jarseden pijama tak\u0131m\u0131. Yuvarlak yakal\u0131, volan kollu \u00fcst. Beli kapl\u0131 lastikli \u015fort.<\/p>\n<p>\u2014 Technical Details \u2014<br \/>\npieces: 2<br \/>\ndescription: Beyaz\/A\u00e7\u0131k mavi\/A\u00e7\u0131k ye\u015fil\/A\u00e7\u0131k pembe, Desenli, Tiana, Cinderella, Ariel, Yasmine, Snow White, Disney Prensesleri, Disney<br \/>\ngarmentLength: K\u0131sa, Normal uzunlukta<br \/>\nwaistRise: Normal belli<br \/>\nsleeveLength: K\u0131sa kollu<br \/>\nneckLineStyle: Yuvarlak yakal\u0131<br \/>\nsleeveStyle: Kollar\u0131 farbalal\u0131<br \/>\nquantitySalesMode: Set<br \/>\nmaterial: Pamuk, Jarse<br \/>\ncare_instructions: [&#8216;Gerekti\u011finde sadece a\u011fart\u0131c\u0131s\u0131z \u00e7ama\u015f\u0131r suyu kullan\u0131labilir&#8217;, &#8216;Orta ayarda kurutma makinesinde kurutulabilir&#8217;, &#8216;Orta ayarda \u00fct\u00fclenebilir&#8217;, &#8217;40\u00b0C makinede y\u0131kama&#8217;, &#8216;Kuru temizleme yap\u0131lmaz&#8217;]<\/p>\n","protected":false},"excerpt":{"rendered":"<p>Bask\u0131l\u0131 yumu\u015fak jarseden pijama tak\u0131m\u0131. Yuvarlak yakal\u0131, volan kollu \u00fcst. Beli kapl\u0131 lastikli \u015fort. \u2014 Technical Details \u2014 pieces: 2 description: Beyaz\/A\u00e7\u0131k mavi\/A\u00e7\u0131k ye\u015fil\/A\u00e7\u0131k pembe, Desenli, Tiana, Cinderella, Ariel, Yasmine, Snow White, Disney Prensesleri, Disney garmentLength: K\u0131sa, Normal uzunlukta waistRise: Normal belli sleeveLength: K\u0131sa kollu neckLineStyle: Yuvarlak yakal\u0131 sleeveStyle: Kollar\u0131 farbalal\u0131 quantitySalesMode: Set material: Pamuk, [&hellip;]<\/p>\n","protected":false},"featured_media":146774,"comment_status":"open","ping_status":"closed","template":"","meta":[],"product_brand":[],"product_cat":[8715,8694,8730],"product_tag":[7294,6769],"class_list":{"0":"post-146786","1":"product","2":"type-product","3":"status-publish","4":"has-post-thumbnail","6":"product_cat-kiz-cocuklari-2-14-yas","7":"product_cat-cocuklar","8":"product_cat-pijama","9":"product_tag-beyaz","10":"product_tag-desenli","11":"pa_brand-hm","12":"pa_color-beyaz-disney-prensesleri","13":"pa_size-110-116-4-6y","14":"pa_size-122-128-6-8y","15":"pa_size-134-140-8-10y","16":"pa_size-92-1-2y","17":"pa_size-98-104-2-4y","19":"first","20":"outofstock","21":"shipping-taxable","22":"product-type-variable"},"_links":{"self":[{"href":"https:\/\/mod.wisdar.net\/tr\/wp-json\/wp\/v2\/product\/146786","targetHints":{"allow":["GET"]}}],"collection":[{"href":"https:\/\/mod.wisdar.net\/tr\/wp-json\/wp\/v2\/product"}],"about":[{"href":"https:\/\/mod.wisdar.net\/tr\/wp-json\/wp\/v2\/types\/product"}],"replies":[{"embeddable":true,"href":"https:\/\/mod.wisdar.net\/tr\/wp-json\/wp\/v2\/comments?post=146786"}],"wp:featuredmedia":[{"embeddable":true,"href":"https:\/\/mod.wisdar.net\/tr\/wp-json\/wp\/v2\/media\/146774"}],"wp:attachment":[{"href":"https:\/\/mod.wisdar.net\/tr\/wp-json\/wp\/v2\/media?parent=146786"}],"wp:term":[{"taxonomy":"product_brand","embeddable":true,"href":"https:\/\/mod.wisdar.net\/tr\/wp-json\/wp\/v2\/product_brand?post=146786"},{"taxonomy":"product_cat","embeddable":true,"href":"https:\/\/mod.wisdar.net\/tr\/wp-json\/wp\/v2\/product_cat?post=146786"},{"taxonomy":"product_tag","embeddable":true,"href":"https:\/\/mod.wisdar.net\/tr\/wp-json\/wp\/v2\/product_tag?post=146786"}],"curies":[{"name":"wp","href":"https:\/\/api.w.org\/{rel}","templated":true}]}}