{"id":146839,"date":"2026-02-21T23:19:06","date_gmt":"2026-02-21T23:19:06","guid":{"rendered":"https:\/\/modesthanim.com\/product\/3lu-jarse-atlet\/"},"modified":"2026-04-04T17:52:32","modified_gmt":"2026-04-04T17:52:32","slug":"3lu-jarse-atlet","status":"publish","type":"product","link":"https:\/\/mod.wisdar.net\/tr\/urun\/3lu-jarse-atlet\/","title":{"rendered":"3&#8217;l\u00fc Jarse Atlet"},"content":{"rendered":"<p>Pamuklu jarseden \u00fcretilmi\u015f, ince omuz ask\u0131l\u0131, \u00fcst k\u0131sm\u0131nda k\u00fc\u00e7\u00fck fisto detayl\u0131 ve \u00f6n k\u0131sm\u0131nda dekoratif fiyonklu atletler.<\/p>\n<p>\u2014 Teknik Detaylar \u2014<br \/>\nA\u011f\u0131rl\u0131k: 230 g<br \/>\nAdet: 3<br \/>\nRenk ve Desen: Beyaz\/Siyah\/A\u00e7\u0131k pembe\/Pembe, Desenli, Kurdele detayl\u0131, puantiye desenli<br \/>\n\u00dcr\u00fcn Uzunlu\u011fu: Normal uzunlukta<br \/>\nKol Uzunlu\u011fu: Kolsuz<br \/>\nKesim: Normal kesim<br \/>\nStil: Ask\u0131l\u0131 \u00dcst<br \/>\nSat\u0131\u015f \u015eekli: \u00c7oklu paket<br \/>\nMalzeme: Pamuk, Jarse<\/p>\n","protected":false},"excerpt":{"rendered":"<p>Pamuklu jarseden \u00fcretilmi\u015f, ince omuz ask\u0131l\u0131, \u00fcst k\u0131sm\u0131nda k\u00fc\u00e7\u00fck fisto detayl\u0131 ve \u00f6n k\u0131sm\u0131nda dekoratif fiyonklu atletler. \u2014 Teknik Detaylar \u2014 A\u011f\u0131rl\u0131k: 230 g Adet: 3 Renk ve Desen: Beyaz\/Siyah\/A\u00e7\u0131k pembe\/Pembe, Desenli, Kurdele detayl\u0131, puantiye desenli \u00dcr\u00fcn Uzunlu\u011fu: Normal uzunlukta Kol Uzunlu\u011fu: Kolsuz Kesim: Normal kesim Stil: Ask\u0131l\u0131 \u00dcst Sat\u0131\u015f \u015eekli: \u00c7oklu paket Malzeme: Pamuk, [&hellip;]<\/p>\n","protected":false},"featured_media":146836,"comment_status":"open","ping_status":"closed","template":"","meta":[],"product_brand":[],"product_cat":[8733,8715,8694],"product_tag":[10847,10845,10849,3269,3360,10851,4112],"class_list":{"0":"post-146839","1":"product","2":"type-product","3":"status-publish","4":"has-post-thumbnail","6":"product_cat-ic-giyim","7":"product_cat-kiz-cocuklari-2-14-yas","8":"product_cat-cocuklar","9":"product_tag-acik-pembe","10":"product_tag-beyaz","11":"product_tag-bows","12":"product_tag-desenli","13":"product_tag-pembe","14":"product_tag-polka-dots","15":"product_tag-siyah","16":"pa_brand-hm","17":"pa_color-beyaz-pembe-siyah","18":"pa_size-110-116-4-6y","19":"pa_size-122-128-6-8y","20":"pa_size-134-140-8-10y","21":"pa_size-92-1-2y","22":"pa_size-98-104-2-4y","24":"first","25":"outofstock","26":"shipping-taxable","27":"product-type-variable"},"_links":{"self":[{"href":"https:\/\/mod.wisdar.net\/tr\/wp-json\/wp\/v2\/product\/146839","targetHints":{"allow":["GET"]}}],"collection":[{"href":"https:\/\/mod.wisdar.net\/tr\/wp-json\/wp\/v2\/product"}],"about":[{"href":"https:\/\/mod.wisdar.net\/tr\/wp-json\/wp\/v2\/types\/product"}],"replies":[{"embeddable":true,"href":"https:\/\/mod.wisdar.net\/tr\/wp-json\/wp\/v2\/comments?post=146839"}],"wp:featuredmedia":[{"embeddable":true,"href":"https:\/\/mod.wisdar.net\/tr\/wp-json\/wp\/v2\/media\/146836"}],"wp:attachment":[{"href":"https:\/\/mod.wisdar.net\/tr\/wp-json\/wp\/v2\/media?parent=146839"}],"wp:term":[{"taxonomy":"product_brand","embeddable":true,"href":"https:\/\/mod.wisdar.net\/tr\/wp-json\/wp\/v2\/product_brand?post=146839"},{"taxonomy":"product_cat","embeddable":true,"href":"https:\/\/mod.wisdar.net\/tr\/wp-json\/wp\/v2\/product_cat?post=146839"},{"taxonomy":"product_tag","embeddable":true,"href":"https:\/\/mod.wisdar.net\/tr\/wp-json\/wp\/v2\/product_tag?post=146839"}],"curies":[{"name":"wp","href":"https:\/\/api.w.org\/{rel}","templated":true}]}}